{"id":38574,"date":"2026-03-01T17:22:13","date_gmt":"2026-03-01T15:22:13","guid":{"rendered":"https:\/\/florika.lt\/preke\/violetine-tulpe\/"},"modified":"2026-03-27T11:07:45","modified_gmt":"2026-03-27T09:07:45","slug":"violetine-tulpe","status":"publish","type":"product","link":"https:\/\/florika.lt\/ru\/preke\/violetine-tulpe\/","title":{"rendered":"Violetin\u0117 tulp\u0117"},"content":{"rendered":"","protected":false},"excerpt":{"rendered":"<p>Violetin\u0117 tulp\u0117 \u2013 tai eleganti\u0161kas \u017eiedas, norintiems ka\u017eko ry\u0161kesnio, i\u0161skirtinesnio. Galite pasirinkti g\u0117les su vaza (rasite skiltyje \u201eDovanos\u201d) ar be jos ir mes pristatysime visame Klaip\u0117dos regione. Minimalus u\u017esakymo kiekis 15 vnt.<\/p>\n","protected":false},"featured_media":38556,"comment_status":"closed","ping_status":"closed","template":"","meta":[],"product_brand":[],"product_cat":[211,217,230],"product_tag":[],"class_list":{"0":"post-38574","1":"product","2":"type-product","3":"status-publish","4":"has-post-thumbnail","6":"product_cat-8-","7":"product_cat-217","8":"product_cat-230","10":"first","11":"outofstock","12":"shipping-taxable","13":"purchasable","14":"product-type-simple"},"_links":{"self":[{"href":"https:\/\/florika.lt\/ru\/wp-json\/wp\/v2\/product\/38574","targetHints":{"allow":["GET"]}}],"collection":[{"href":"https:\/\/florika.lt\/ru\/wp-json\/wp\/v2\/product"}],"about":[{"href":"https:\/\/florika.lt\/ru\/wp-json\/wp\/v2\/types\/product"}],"replies":[{"embeddable":true,"href":"https:\/\/florika.lt\/ru\/wp-json\/wp\/v2\/comments?post=38574"}],"wp:featuredmedia":[{"embeddable":true,"href":"https:\/\/florika.lt\/ru\/wp-json\/wp\/v2\/media\/38556"}],"wp:attachment":[{"href":"https:\/\/florika.lt\/ru\/wp-json\/wp\/v2\/media?parent=38574"}],"wp:term":[{"taxonomy":"product_brand","embeddable":true,"href":"https:\/\/florika.lt\/ru\/wp-json\/wp\/v2\/product_brand?post=38574"},{"taxonomy":"product_cat","embeddable":true,"href":"https:\/\/florika.lt\/ru\/wp-json\/wp\/v2\/product_cat?post=38574"},{"taxonomy":"product_tag","embeddable":true,"href":"https:\/\/florika.lt\/ru\/wp-json\/wp\/v2\/product_tag?post=38574"}],"curies":[{"name":"wp","href":"https:\/\/api.w.org\/{rel}","templated":true}]}}