{"id":34285,"date":"2022-08-26T11:59:19","date_gmt":"2022-08-26T08:59:19","guid":{"rendered":"https:\/\/florika.lt\/preke\/%d0%bd%d0%b0%d0%b1%d0%be%d1%80-%d0%bf%d0%b8%d0%b2%d0%b0-genio-4x044-%d0%bb\/"},"modified":"2022-08-26T11:59:19","modified_gmt":"2022-08-26T08:59:19","slug":"%d0%bd%d0%b0%d0%b1%d0%be%d1%80-%d0%bf%d0%b8%d0%b2%d0%b0-genio-4x044-%d0%bb","status":"publish","type":"product","link":"https:\/\/florika.lt\/ru\/preke\/%d0%bd%d0%b0%d0%b1%d0%be%d1%80-%d0%bf%d0%b8%d0%b2%d0%b0-genio-4x044-%d0%bb\/","title":{"rendered":"\u041d\u0430\u0431\u043e\u0440 \u043f\u0438\u0432\u0430 Genio 4&#215;0,44 \u043b"},"content":{"rendered":"","protected":false},"excerpt":{"rendered":"<p data-start=\"0\" data-end=\"35\">\u0412 \u043d\u0430\u0431\u043e\u0440 \u0432\u0445\u043e\u0434\u044f\u0442 \u0447\u0435\u0442\u044b\u0440\u0435 \u0431\u0430\u043d\u043a\u0438 \u043f\u0438\u0432\u0430:<\/p>\n<ul data-start=\"36\" data-end=\"215\">\n<li data-start=\"36\" data-end=\"83\">\n<p data-start=\"38\" data-end=\"83\">Kalifornikacija \u2014 Session American Pale Ale<\/p>\n<\/li>\n<li data-start=\"84\" data-end=\"114\">\n<p data-start=\"86\" data-end=\"114\">Dvi laisv\u0117s \u2014 American IPA<\/p>\n<\/li>\n<li data-start=\"115\" data-end=\"172\">\n<p data-start=\"117\" data-end=\"172\">Italian Style Sour Ale \u0441 \u043f\u0435\u0440\u0441\u0438\u043a\u0430\u043c\u0438 \u0438 \u0446\u0435\u0434\u0440\u043e\u0439 \u0431\u0435\u0440\u0433\u0430\u043c\u043e\u0442\u0430<\/p>\n<\/li>\n<li data-start=\"173\" data-end=\"215\">\n<p data-start=\"175\" data-end=\"215\">\u0160e\u0161tas m\u0117nuo \u2014 Milkshake Ale \u0441 \u043c\u0430\u043b\u0438\u043d\u043e\u0439<\/p>\n<\/li>\n<\/ul>\n<p data-start=\"217\" data-end=\"340\" data-is-last-node=\"\" data-is-only-node=\"\">\u0414\u043e\u0441\u0442\u0430\u0432\u0438\u043c \u043f\u043e \u0432\u0441\u0435\u043c\u0443 \u0440\u0435\u0433\u0438\u043e\u043d\u0443 \u041a\u043b\u0430\u0439\u043f\u0435\u0434\u044b \u0432\u043c\u0435\u0441\u0442\u0435 \u0441 \u0437\u0430\u043a\u0430\u0437\u0430\u043d\u043d\u044b\u043c\u0438 \u0432\u0430\u043c\u0438 \u0446\u0432\u0435\u0442\u0430\u043c\u0438.<br data-start=\"286\" data-end=\"289\" \/>\u0412 \u0441\u0442\u043e\u0438\u043c\u043e\u0441\u0442\u044c \u0432\u043a\u043b\u044e\u0447\u0451\u043d \u0437\u0430\u043b\u043e\u0433 \u0437\u0430 \u0442\u0430\u0440\u0443 \u0432 \u0440\u0430\u0437\u043c\u0435\u0440\u0435 0,40 \u20ac.<\/p>\n","protected":false},"featured_media":18449,"comment_status":"closed","ping_status":"closed","template":"","meta":[],"product_brand":[],"product_cat":[218,223],"product_tag":[],"class_list":{"0":"post-34285","1":"product","2":"type-product","3":"status-publish","4":"has-post-thumbnail","6":"product_cat-218","7":"product_cat-223","9":"first","10":"outofstock","11":"shipping-taxable","12":"purchasable","13":"product-type-simple"},"_links":{"self":[{"href":"https:\/\/florika.lt\/ru\/wp-json\/wp\/v2\/product\/34285","targetHints":{"allow":["GET"]}}],"collection":[{"href":"https:\/\/florika.lt\/ru\/wp-json\/wp\/v2\/product"}],"about":[{"href":"https:\/\/florika.lt\/ru\/wp-json\/wp\/v2\/types\/product"}],"replies":[{"embeddable":true,"href":"https:\/\/florika.lt\/ru\/wp-json\/wp\/v2\/comments?post=34285"}],"wp:featuredmedia":[{"embeddable":true,"href":"https:\/\/florika.lt\/ru\/wp-json\/wp\/v2\/media\/18449"}],"wp:attachment":[{"href":"https:\/\/florika.lt\/ru\/wp-json\/wp\/v2\/media?parent=34285"}],"wp:term":[{"taxonomy":"product_brand","embeddable":true,"href":"https:\/\/florika.lt\/ru\/wp-json\/wp\/v2\/product_brand?post=34285"},{"taxonomy":"product_cat","embeddable":true,"href":"https:\/\/florika.lt\/ru\/wp-json\/wp\/v2\/product_cat?post=34285"},{"taxonomy":"product_tag","embeddable":true,"href":"https:\/\/florika.lt\/ru\/wp-json\/wp\/v2\/product_tag?post=34285"}],"curies":[{"name":"wp","href":"https:\/\/api.w.org\/{rel}","templated":true}]}}