{"id":34266,"date":"2019-03-14T10:02:29","date_gmt":"2019-03-14T08:02:29","guid":{"rendered":"https:\/\/florika.lt\/preke\/%d0%b6%d0%b8%d0%b7%d0%bd%d0%b5%d1%80%d0%b0%d0%b4%d0%be%d1%81%d1%82%d0%bd%d0%b0%d1%8f\/"},"modified":"2019-03-14T10:02:29","modified_gmt":"2019-03-14T08:02:29","slug":"%d0%b6%d0%b8%d0%b7%d0%bd%d0%b5%d1%80%d0%b0%d0%b4%d0%be%d1%81%d1%82%d0%bd%d0%b0%d1%8f","status":"publish","type":"product","link":"https:\/\/florika.lt\/ru\/preke\/%d0%b6%d0%b8%d0%b7%d0%bd%d0%b5%d1%80%d0%b0%d0%b4%d0%be%d1%81%d1%82%d0%bd%d0%b0%d1%8f\/","title":{"rendered":"\u0416\u0438\u0437\u043d\u0435\u0440\u0430\u0434\u043e\u0441\u0442\u043d\u0430\u044f"},"content":{"rendered":"","protected":false},"excerpt":{"rendered":"<p data-pm-slice=\"1 1 []\">Sezonin\u0117 puok\u0161t\u0117 &#171;Nuotaikingoji&#187; &#8212; atsakingai sud\u0117liota ro\u017eini\u0173 ir alyvini\u0173 spalv\u0173 kompozicija, su nuo \u0161iltojo sezono neatsiejama \u017ealuma. Sezonin\u0117 puok\u0161t\u0117 suri\u0161ta i\u0161 ro\u017ei\u0173, eustom\u0173, santini\u0173, kurias kruop\u0161\u010diai atrenka m\u016bs\u0173 floristai. Naudojamos g\u0117l\u0117s yra ypa\u010d auk\u0161tos kokyb\u0117s, tad puok\u0161t\u0117 ilgai ne\u0161 d\u017eiaugsm\u0105 namams. Skirtingu sezono laiku g\u0117l\u0117s gali keistis.<\/p>\n<p>&nbsp;<\/p>\n<p>Sezonin\u0117s puok\u0161t\u0117s pristatomos visuose did\u017eiuosiuose Lietuvos miestuose.<\/p>\n<p>&nbsp;<\/p>\n<p>Puok\u0161t\u0119 sudaro: ro\u017e\u0117s, eustomos, santiniai, \u017ealuma.<\/p>\n","protected":false},"featured_media":34267,"comment_status":"closed","ping_status":"closed","template":"","meta":[],"product_brand":[],"product_cat":[227,228],"product_tag":[],"class_list":{"0":"post-34266","1":"product","2":"type-product","3":"status-publish","4":"has-post-thumbnail","6":"product_cat-227","7":"product_cat-228","9":"first","10":"instock","11":"shipping-taxable","12":"product-type-variable"},"_links":{"self":[{"href":"https:\/\/florika.lt\/ru\/wp-json\/wp\/v2\/product\/34266","targetHints":{"allow":["GET"]}}],"collection":[{"href":"https:\/\/florika.lt\/ru\/wp-json\/wp\/v2\/product"}],"about":[{"href":"https:\/\/florika.lt\/ru\/wp-json\/wp\/v2\/types\/product"}],"replies":[{"embeddable":true,"href":"https:\/\/florika.lt\/ru\/wp-json\/wp\/v2\/comments?post=34266"}],"wp:featuredmedia":[{"embeddable":true,"href":"https:\/\/florika.lt\/ru\/wp-json\/wp\/v2\/media\/34267"}],"wp:attachment":[{"href":"https:\/\/florika.lt\/ru\/wp-json\/wp\/v2\/media?parent=34266"}],"wp:term":[{"taxonomy":"product_brand","embeddable":true,"href":"https:\/\/florika.lt\/ru\/wp-json\/wp\/v2\/product_brand?post=34266"},{"taxonomy":"product_cat","embeddable":true,"href":"https:\/\/florika.lt\/ru\/wp-json\/wp\/v2\/product_cat?post=34266"},{"taxonomy":"product_tag","embeddable":true,"href":"https:\/\/florika.lt\/ru\/wp-json\/wp\/v2\/product_tag?post=34266"}],"curies":[{"name":"wp","href":"https:\/\/api.w.org\/{rel}","templated":true}]}}