{"id":30994,"date":"2025-02-09T08:14:10","date_gmt":"2025-02-09T06:14:10","guid":{"rendered":"https:\/\/florika.lt\/preke\/raudono-aksomo-dezute-as-tave-myliu\/"},"modified":"2025-02-09T08:26:33","modified_gmt":"2025-02-09T06:26:33","slug":"%d0%ba%d1%80%d0%b0%d1%81%d0%bd%d0%b0%d1%8f-%d0%b1%d0%b0%d1%80%d1%85%d0%b0%d1%82%d0%bd%d0%b0%d1%8f-%d0%ba%d0%be%d1%80%d0%be%d0%b1%d0%be%d1%87%d0%ba%d0%b0-%d1%8f-%d0%bb%d1%8e%d0%b1%d0%bb%d1%8e-%d1%82","status":"publish","type":"product","link":"https:\/\/florika.lt\/ru\/preke\/%d0%ba%d1%80%d0%b0%d1%81%d0%bd%d0%b0%d1%8f-%d0%b1%d0%b0%d1%80%d1%85%d0%b0%d1%82%d0%bd%d0%b0%d1%8f-%d0%ba%d0%be%d1%80%d0%be%d0%b1%d0%be%d1%87%d0%ba%d0%b0-%d1%8f-%d0%bb%d1%8e%d0%b1%d0%bb%d1%8e-%d1%82\/","title":{"rendered":"\u041a\u0440\u0430\u0441\u043d\u0430\u044f \u0431\u0430\u0440\u0445\u0430\u0442\u043d\u0430\u044f \u043a\u043e\u0440\u043e\u0431\u043e\u0447\u043a\u0430 \u042f \u043b\u044e\u0431\u043b\u044e \u0442\u0435\u0431\u044f!"},"content":{"rendered":"<p>\u041a\u0440\u0430\u0441\u043d\u0430\u044f \u0431\u0430\u0440\u0445\u0430\u0442\u043d\u0430\u044f \u043a\u043e\u0440\u043e\u0431\u043e\u0447\u043a\u0430 \u042f \u043b\u044e\u0431\u043b\u044e \u0442\u0435\u0431\u044f! \u0441\u043e\u0434\u0435\u0440\u0436\u0438\u0442 15 \u0441\u0430\u043c\u044b\u0445 \u043a\u0440\u0430\u0441\u0438\u0432\u044b\u0445 \u043a\u0440\u0430\u0441\u043d\u044b\u0445 \u0440\u043e\u0437, \u043a\u043e\u0442\u043e\u0440\u044b\u0435 \u043f\u0435\u0440\u0435\u0434\u0430\u044e\u0442 \u043f\u043e\u0441\u043b\u0430\u043d\u0438\u0435 \u043b\u044e\u0431\u0432\u0438 \u0442\u043e\u043c\u0443, \u043a\u043e\u0433\u043e \u0432\u044b \u043b\u044e\u0431\u0438\u0442\u0435\u2764\ufe0f \u041a\u043e\u0440\u043e\u0431\u043a\u0430 \u0443\u043a\u0440\u0430\u0448\u0435\u043d\u0430 \u0434\u0432\u0443\u043c\u044f \u043f\u0440\u0430\u0437\u0434\u043d\u0438\u0447\u043d\u044b\u043c\u0438 \u043c\u0438\u043d\u0438-\u0448\u0430\u0440\u0438\u043a\u0430\u043c\u0438 \u0432 \u0444\u043e\u0440\u043c\u0435 \u0441\u0435\u0440\u0434\u0435\u0447\u0435\u043a \u0438\u043b\u0438 \u043e\u0434\u043d\u0438\u043c \u0431\u043e\u043b\u044c\u0448\u0438\u043c \u0433\u0435\u043b\u0438\u0435\u0432\u044b\u043c \u0448\u0430\u0440\u043e\u043c &#8212; \u0441\u0435\u0440\u0434\u0446\u0435\u043c.<\/p>\n<p>\u0426\u0432\u0435\u0442\u043e\u0447\u043d\u0430\u044f \u043a\u043e\u0440\u043e\u0431\u043e\u0447\u043a\u0430 \u042f \u043b\u044e\u0431\u043b\u044e \u0442\u0435\u0431\u044f! \u0438\u0434\u0435\u0430\u043b\u044c\u043d\u043e \u043f\u043e\u0434\u0445\u043e\u0434\u0438\u0442 \u043a\u0430\u043a \u0434\u043b\u044f \u0414\u043d\u044f \u0441\u0432\u044f\u0442\u043e\u0433\u043e \u0412\u0430\u043b\u0435\u043d\u0442\u0438\u043d\u0430, \u0442\u0430\u043a \u0438 \u0434\u043b\u044f \u0434\u0435\u043c\u043e\u043d\u0441\u0442\u0440\u0430\u0446\u0438\u0438 \u0441\u0432\u043e\u0438\u0445 \u0447\u0443\u0432\u0441\u0442\u0432 \u043b\u044e\u0431\u0438\u043c\u043e\u043c\u0443 \u0447\u0435\u043b\u043e\u0432\u0435\u043a\u0443 \u0432 \u043e\u0431\u044b\u0447\u043d\u044b\u0439 \u0434\u0435\u043d\u044c.<br \/>\n\u042d\u0442\u0443 \u043a\u043e\u0440\u043e\u0431\u043a\u0443 \u043c\u044b \u0434\u043e\u0441\u0442\u0430\u0432\u0438\u043c \u043f\u043e \u0432\u0441\u0435\u0439 \u041a\u043b\u0430\u0439\u043f\u0435\u0434\u0435, \u0430 \u0442\u0430\u043a\u0436\u0435 \u0432 \u041a\u043b\u0430\u0439\u043f\u0435\u0434\u0441\u043a\u043e\u043c \u0440\u0430\u0439\u043e\u043d\u0435, \u0432\u043a\u043b\u044e\u0447\u0430\u044f \u041f\u0430\u043b\u0430\u043d\u0433\u0443, \u0413\u0430\u0440\u0433\u0436\u0434\u0430\u0439, \u041a\u0440\u0435\u0442\u0438\u043d\u0433\u0443, \u0414\u0430\u0440\u0431\u0435\u043d\u0430\u0439 \u0438 \u0434\u0430\u0436\u0435 \u0428\u0438\u043b\u0443\u0442\u0435.<\/p>\n<p>\u041a\u043e\u0440\u043e\u0431\u043a\u0430 \u0441 \u0434\u0432\u0443\u043c\u044f \u043c\u0438\u043d\u0438-\u0448\u0430\u0440\u0438\u043a\u0430\u043c\u0438 \u2013 65 \u0435\u0432\u0440\u043e;<br \/>\n\u041a\u043e\u0440\u043e\u0431\u043a\u0430 \u0441 \u0433\u0435\u043b\u0438\u0435\u0432\u044b\u043c \u0448\u0430\u0440\u043e\u043c \u0431\u043e\u043b\u044c\u0448\u0435\u0433\u043e \u0440\u0430\u0437\u043c\u0435\u0440\u0430 70 \u20ac.<\/p>\n<p>&nbsp;<\/p>\n","protected":false},"excerpt":{"rendered":"<p>Raudono aksomo d\u0117\u017eut\u0117 \u201cA\u0161 tave myliu!\u201d <span style=\"font-size: 14.4px;\">G\u0117li\u0173 d\u0117\u017eut\u0117je \u201cA\u0161 tave myliu!\u201d sud\u0117ta 15 gra\u017eiausi\u0173 raudon\u0173 ro\u017ei\u0173, kurios perduoda meil\u0117s \u017einut\u0119 mylim\u0105jai\u2764\ufe0f D\u0117\u017eut\u0117 papuo\u0161ta dvejais \u0161ventiniais \u0161irdel\u0117s formos mini balionais arba vienu dideliu helio balionu &#8212; \u0161irdele.<\/span><\/p>\n<p>G\u0117li\u0173 d\u0117\u017eut\u0117 A\u0161 tave myliu! puikiai tiks tiek Valentino dienai, tiek savo jausmams porodyti mylimam \u017emogui paprast\u0105 dien\u0105.<br \/>\n\u0160i\u0105 d\u0117\u017eut\u0119 pristatysime visoje Klaip\u0117doje, taip pat Klaip\u0117dos rajone, \u012fskaitant Palang\u0105, Garg\u017edus, Kreting\u0105, Darb\u0117nus ir net \u0160ilut\u0119.<\/p>\n<p>D\u0117\u017eut\u0117 su dviem mini balionais &#8212; 65\u20ac;<br \/>\nD\u0117\u017eut\u0117 su didesniu helio balionu 70\u20ac<\/p>\n","protected":false},"featured_media":30646,"comment_status":"closed","ping_status":"closed","template":"","meta":[],"product_brand":[],"product_cat":[231,224],"product_tag":[],"class_list":{"0":"post-30994","1":"product","2":"type-product","3":"status-publish","4":"has-post-thumbnail","6":"product_cat-231","7":"product_cat-224","9":"first","10":"instock","11":"shipping-taxable","12":"product-type-variable"},"_links":{"self":[{"href":"https:\/\/florika.lt\/ru\/wp-json\/wp\/v2\/product\/30994","targetHints":{"allow":["GET"]}}],"collection":[{"href":"https:\/\/florika.lt\/ru\/wp-json\/wp\/v2\/product"}],"about":[{"href":"https:\/\/florika.lt\/ru\/wp-json\/wp\/v2\/types\/product"}],"replies":[{"embeddable":true,"href":"https:\/\/florika.lt\/ru\/wp-json\/wp\/v2\/comments?post=30994"}],"wp:featuredmedia":[{"embeddable":true,"href":"https:\/\/florika.lt\/ru\/wp-json\/wp\/v2\/media\/30646"}],"wp:attachment":[{"href":"https:\/\/florika.lt\/ru\/wp-json\/wp\/v2\/media?parent=30994"}],"wp:term":[{"taxonomy":"product_brand","embeddable":true,"href":"https:\/\/florika.lt\/ru\/wp-json\/wp\/v2\/product_brand?post=30994"},{"taxonomy":"product_cat","embeddable":true,"href":"https:\/\/florika.lt\/ru\/wp-json\/wp\/v2\/product_cat?post=30994"},{"taxonomy":"product_tag","embeddable":true,"href":"https:\/\/florika.lt\/ru\/wp-json\/wp\/v2\/product_tag?post=30994"}],"curies":[{"name":"wp","href":"https:\/\/api.w.org\/{rel}","templated":true}]}}