{"id":25860,"date":"2024-02-20T05:44:21","date_gmt":"2024-02-20T03:44:21","guid":{"rendered":"https:\/\/florika.lt\/preke\/baltu-ir-roziniu-tulpiu-puokste\/"},"modified":"2024-02-20T05:59:12","modified_gmt":"2024-02-20T03:59:12","slug":"%d0%b1%d1%83%d0%ba%d0%b5%d1%82-%d0%b1%d0%b5%d0%bb%d1%8b%d1%85-%d0%b8-%d1%80%d0%be%d0%b7%d0%be%d0%b2%d1%8b%d1%85-%d1%82%d1%8e%d0%bb%d1%8c%d0%bf%d0%b0%d0%bd%d0%be%d0%b2","status":"publish","type":"product","link":"https:\/\/florika.lt\/ru\/preke\/%d0%b1%d1%83%d0%ba%d0%b5%d1%82-%d0%b1%d0%b5%d0%bb%d1%8b%d1%85-%d0%b8-%d1%80%d0%be%d0%b7%d0%be%d0%b2%d1%8b%d1%85-%d1%82%d1%8e%d0%bb%d1%8c%d0%bf%d0%b0%d0%bd%d0%be%d0%b2\/","title":{"rendered":"\u0411\u0443\u043a\u0435\u0442 \u0431\u0435\u043b\u044b\u0445 \u0438 \u0440\u043e\u0437\u043e\u0432\u044b\u0445 \u0442\u044e\u043b\u044c\u043f\u0430\u043d\u043e\u0432"},"content":{"rendered":"<p>\u0411\u0443\u043a\u0435\u0442 \u0431\u0435\u043b\u044b\u0445 \u0438 \u0440\u043e\u0437\u043e\u0432\u044b\u0445 \u0442\u044e\u043b\u044c\u043f\u0430\u043d\u043e\u0432 \u043f\u043e\u043b\u043e\u043d \u0432\u0435\u0441\u0435\u043d\u043d\u0435\u0439 \u0441\u0432\u0435\u0436\u0435\u0441\u0442\u0438. \u0414\u0440\u0443\u0436\u0431\u0430 \u043f\u0435\u0440\u0435\u043f\u043b\u0435\u0442\u0435\u043d\u043d\u044b\u0445 \u0432 \u0431\u0443\u043a\u0435\u0442\u0435 \u0440\u043e\u0437\u043e\u0432\u044b\u0445 \u0438 \u0431\u0435\u043b\u044b\u0445 \u0442\u044e\u043b\u044c\u043f\u0430\u043d\u043e\u0432 \u043e\u043a\u0440\u0443\u0436\u0435\u043d\u0430 \u0440\u043e\u0441\u043a\u043e\u0448\u043d\u043e\u0439 \u0437\u0435\u043b\u0435\u043d\u044c\u044e. \u0412\u0441\u0435 \u044d\u0442\u043e \u0437\u0430\u0432\u0435\u0440\u043d\u0443\u0442\u043e \u0432 \u0434\u0435\u043a\u043e\u0440\u0430\u0442\u0438\u0432\u043d\u0443\u044e \u0431\u0443\u043c\u0430\u0433\u0443, \u0447\u0442\u043e \u043f\u0440\u0438\u0434\u0430\u0435\u0442 \u043f\u0440\u0430\u0437\u0434\u043d\u0438\u0447\u043d\u044b\u0439 \u0432\u0438\u0434. \u0414\u043e\u0441\u0442\u0430\u0432\u0438\u043c \u0431\u0443\u043a\u0435\u0442 \u0431\u0435\u043b\u044b\u0445 \u0438 \u0440\u043e\u0437\u043e\u0432\u044b\u0445 \u0442\u044e\u043b\u044c\u043f\u0430\u043d\u043e\u0432 \u043f\u043e \u041a\u043b\u0430\u0439\u043f\u0435\u0434\u0435 \u0438 \u0432\u0441\u0435\u043c\u0443 \u041a\u043b\u0430\u0439\u043f\u0435\u0434\u0441\u043a\u043e\u043c\u0443 \u0440\u0430\u0439\u043e\u043d\u0443 \u0438 \u0428\u0438\u043b\u0443\u0442\u0435.<br \/>\n\u0411\u0443\u043a\u0435\u0442 \u0441\u0440\u0435\u0434\u043d\u0435\u0433\u043e \u0440\u0430\u0437\u043c\u0435\u0440\u0430 \u0441\u043e\u0441\u0442\u043e\u0438\u0442 \u0438\u0437 30 \u0442\u044e\u043b\u044c\u043f\u0430\u043d\u043e\u0432, \u0431\u043e\u043b\u044c\u0448\u043e\u0439 \u2013 \u0438\u0437 45 \u0446\u0432\u0435\u0442\u043a\u043e\u0432.<\/p>\n","protected":false},"excerpt":{"rendered":"<p>Balt\u0173 ir ro\u017eini\u0173 tulpi\u0173 puok\u0161t\u0117 pilna pavasario gaivos. Puok\u0161t\u0117je persipynusi ro\u017eini\u0173 ir balt\u0173 tulpi\u0173 draugyst\u0117 apsupta prabangios \u017ealumos. Visa tai \u012fpakuota \u012f dekoratyv\u0173 popieri\u0173, kuris suteikia \u0161venti\u0161kumo.<\/p>\n<p>Balt\u0173 ir ro\u017eini\u0173 tulpi\u0173 puok\u0161t\u0119 pristatysime Klaip\u0117doje ir visame Klaip\u0117dos rajone bei \u0160ilut\u0117je.<br \/>\nVidutinio dyd\u017eio piok\u0161t\u0117 sudaryta i\u0161 30 tulpi\u0173, didel\u0117 i\u0161 50 \u017eied\u0173.<\/p>\n","protected":false},"featured_media":25576,"comment_status":"closed","ping_status":"closed","template":"","meta":[],"product_brand":[],"product_cat":[211,214,226,217,228],"product_tag":[],"class_list":{"0":"post-25860","1":"product","2":"type-product","3":"status-publish","4":"has-post-thumbnail","6":"product_cat-8-","7":"product_cat-214","8":"product_cat-226","9":"product_cat-217","10":"product_cat-228","12":"first","13":"instock","14":"shipping-taxable","15":"product-type-variable"},"_links":{"self":[{"href":"https:\/\/florika.lt\/ru\/wp-json\/wp\/v2\/product\/25860","targetHints":{"allow":["GET"]}}],"collection":[{"href":"https:\/\/florika.lt\/ru\/wp-json\/wp\/v2\/product"}],"about":[{"href":"https:\/\/florika.lt\/ru\/wp-json\/wp\/v2\/types\/product"}],"replies":[{"embeddable":true,"href":"https:\/\/florika.lt\/ru\/wp-json\/wp\/v2\/comments?post=25860"}],"wp:featuredmedia":[{"embeddable":true,"href":"https:\/\/florika.lt\/ru\/wp-json\/wp\/v2\/media\/25576"}],"wp:attachment":[{"href":"https:\/\/florika.lt\/ru\/wp-json\/wp\/v2\/media?parent=25860"}],"wp:term":[{"taxonomy":"product_brand","embeddable":true,"href":"https:\/\/florika.lt\/ru\/wp-json\/wp\/v2\/product_brand?post=25860"},{"taxonomy":"product_cat","embeddable":true,"href":"https:\/\/florika.lt\/ru\/wp-json\/wp\/v2\/product_cat?post=25860"},{"taxonomy":"product_tag","embeddable":true,"href":"https:\/\/florika.lt\/ru\/wp-json\/wp\/v2\/product_tag?post=25860"}],"curies":[{"name":"wp","href":"https:\/\/api.w.org\/{rel}","templated":true}]}}