{"id":19488,"date":"2022-11-22T09:13:21","date_gmt":"2022-11-22T07:13:21","guid":{"rendered":"https:\/\/florika.lt\/preke\/saldainiai-pergale-unique-marc-de-champagne\/"},"modified":"2023-09-18T14:49:38","modified_gmt":"2023-09-18T11:49:38","slug":"%d0%ba%d0%be%d0%bd%d1%84%d0%b5%d1%82%d1%8b-pergale-unique-marc-de-champagne","status":"publish","type":"product","link":"https:\/\/florika.lt\/ru\/preke\/%d0%ba%d0%be%d0%bd%d1%84%d0%b5%d1%82%d1%8b-pergale-unique-marc-de-champagne\/","title":{"rendered":"\u041a\u043e\u043d\u0444\u0435\u0442\u044b PERGAL\u0116 UNIQUE MARC DE CHAMPAGNE"},"content":{"rendered":"<p>\u041f\u043e\u0434 \u0445\u0440\u0443\u0441\u0442\u044f\u0449\u0435\u0439 \u043a\u043e\u0440\u043e\u0447\u043a\u043e\u0439 \u0442\u0435\u043c\u043d\u043e\u0433\u043e \u0448\u043e\u043a\u043e\u043b\u0430\u0434\u0430 \u0441 \u043b\u0435\u0433\u043a\u043e\u0439 \u0433\u043e\u0440\u0447\u0438\u043d\u043a\u043e\u0439 \u0441\u043a\u0440\u044b\u0432\u0430\u0435\u0442\u0441\u044f \u0440\u0430\u0444\u0438\u043d\u0438\u0440\u043e\u0432\u0430\u043d\u043d\u044b\u0439 \u0434\u0440\u0430\u0433\u043e\u0446\u0435\u043d\u043d\u044b\u0439 \u043a\u0430\u043c\u0435\u043d\u044c \u043a\u043e\u043d\u0444\u0435\u0442\u044b \u2013 \u0432\u043e\u0437\u0434\u0443\u0448\u043d\u044b\u0439 \u0444\u0440\u0430\u043d\u0446\u0443\u0437\u0441\u043a\u0438\u0439 \u043a\u0440\u0435\u043c <em>ganache<\/em>, \u043f\u0440\u043e\u043f\u0438\u0442\u0430\u043d\u043d\u044b\u0439 \u043a\u0430\u043f\u0435\u043b\u044c\u043a\u0430\u043c\u0438 \u0430\u0440\u043e\u043c\u0430\u0442\u043d\u043e\u0433\u043e Marc de Champagne. \u0413\u0430\u0440\u043c\u043e\u043d\u0438\u044f \u0448\u0430\u043c\u043f\u0430\u043d\u0441\u043a\u0438\u0445 \u0441\u043e\u0440\u0442\u043e\u0432 \u0432\u0438\u043d\u043e\u0433\u0440\u0430\u0434\u0430 \u0434\u043b\u044f \u043b\u044e\u0431\u0438\u0442\u0435\u043b\u0435\u0439 \u043f\u0443\u0437\u044b\u0440\u044c\u043a\u043e\u0432 \u0438 \u0448\u043e\u043a\u043e\u043b\u0430\u0434\u043d\u043e-\u0441\u043b\u0438\u0432\u043e\u0447\u043d\u043e\u0433\u043e \u043a\u0440\u0435\u043c\u0430.<\/p>\n<p>Vidutinis maistingumas 100 g<\/p>\n<p>Energin\u0117 vert\u0117. 2253 kJ \/ 541 kcal<\/p>\n<p>Riebalai 36 g\u00a0i\u0161 kuri\u0173 so\u010di\u0173j\u0173 riebal\u0173 r\u016bg\u0161\u010di\u0173 24 g<\/p>\n<p>Angliavandeniai 47 g i\u0161 kuri\u0173 cukr\u0173 37 gBaltymai 4,8 g<\/p>\n<p>Druska 0,04 g<\/p>\n","protected":false},"excerpt":{"rendered":"<p>\u041f\u043e\u0434 \u0445\u0440\u0443\u0441\u0442\u044f\u0449\u0435\u0439 \u043a\u043e\u0440\u043e\u0447\u043a\u043e\u0439 \u0442\u0435\u043c\u043d\u043e\u0433\u043e \u0448\u043e\u043a\u043e\u043b\u0430\u0434\u0430 \u0441 \u043b\u0435\u0433\u043a\u043e\u0439 \u0433\u043e\u0440\u0447\u0438\u043d\u043a\u043e\u0439 \u0441\u043a\u0440\u044b\u0432\u0430\u0435\u0442\u0441\u044f \u0440\u0430\u0444\u0438\u043d\u0438\u0440\u043e\u0432\u0430\u043d\u043d\u044b\u0439 \u0434\u0440\u0430\u0433\u043e\u0446\u0435\u043d\u043d\u044b\u0439 \u043a\u0430\u043c\u0435\u043d\u044c \u043a\u043e\u043d\u0444\u0435\u0442\u044b \u2013 \u0432\u043e\u0437\u0434\u0443\u0448\u043d\u044b\u0439 \u0444\u0440\u0430\u043d\u0446\u0443\u0437\u0441\u043a\u0438\u0439 \u043a\u0440\u0435\u043c <em>ganache<\/em>, \u043f\u0440\u043e\u043f\u0438\u0442\u0430\u043d\u043d\u044b\u0439 \u043a\u0430\u043f\u0435\u043b\u044c\u043a\u0430\u043c\u0438 \u0430\u0440\u043e\u043c\u0430\u0442\u043d\u043e\u0433\u043e Marc de Champagne. \u0413\u0430\u0440\u043c\u043e\u043d\u0438\u044f \u0448\u0430\u043c\u043f\u0430\u043d\u0441\u043a\u0438\u0445 \u0441\u043e\u0440\u0442\u043e\u0432 \u0432\u0438\u043d\u043e\u0433\u0440\u0430\u0434\u0430 \u0434\u043b\u044f \u043b\u044e\u0431\u0438\u0442\u0435\u043b\u0435\u0439 \u043f\u0443\u0437\u044b\u0440\u044c\u043a\u043e\u0432 \u0438 \u0448\u043e\u043a\u043e\u043b\u0430\u0434\u043d\u043e-\u0441\u043b\u0438\u0432\u043e\u0447\u043d\u043e\u0433\u043e \u043a\u0440\u0435\u043c\u0430. \u041a\u043e\u0440\u043e\u0431\u043a\u0430 200\u0433.<\/p>\n<p><span style=\"color: #c0c0c0; font-size: 80%;\">Vidutinis maistingumas 100 g<\/span><br \/>\n<span style=\"color: #c0c0c0; font-size: 80%;\">Energin\u0117 vert\u0117. 2253 kJ \/ 541 kcal<\/span><br \/>\n<span style=\"color: #c0c0c0; font-size: 80%;\">Riebalai 36 g\u00a0i\u0161 kuri\u0173 so\u010di\u0173j\u0173 riebal\u0173 r\u016bg\u0161\u010di\u0173 24 g<\/span><br \/>\n<span style=\"color: #c0c0c0; font-size: 80%;\">Angliavandeniai 47 g i\u0161 kuri\u0173 cukr\u0173 37 gBaltymai 4,8 g<\/span><br \/>\n<span style=\"color: #c0c0c0; font-size: 80%;\">Druska 0,04 g<\/span><\/p>\n","protected":false},"featured_media":19485,"comment_status":"closed","ping_status":"closed","template":"","meta":[],"product_brand":[],"product_cat":[223],"product_tag":[],"class_list":{"0":"post-19488","1":"product","2":"type-product","3":"status-publish","4":"has-post-thumbnail","6":"product_cat-223","8":"first","9":"outofstock","10":"shipping-taxable","11":"purchasable","12":"product-type-simple"},"_links":{"self":[{"href":"https:\/\/florika.lt\/ru\/wp-json\/wp\/v2\/product\/19488","targetHints":{"allow":["GET"]}}],"collection":[{"href":"https:\/\/florika.lt\/ru\/wp-json\/wp\/v2\/product"}],"about":[{"href":"https:\/\/florika.lt\/ru\/wp-json\/wp\/v2\/types\/product"}],"replies":[{"embeddable":true,"href":"https:\/\/florika.lt\/ru\/wp-json\/wp\/v2\/comments?post=19488"}],"wp:featuredmedia":[{"embeddable":true,"href":"https:\/\/florika.lt\/ru\/wp-json\/wp\/v2\/media\/19485"}],"wp:attachment":[{"href":"https:\/\/florika.lt\/ru\/wp-json\/wp\/v2\/media?parent=19488"}],"wp:term":[{"taxonomy":"product_brand","embeddable":true,"href":"https:\/\/florika.lt\/ru\/wp-json\/wp\/v2\/product_brand?post=19488"},{"taxonomy":"product_cat","embeddable":true,"href":"https:\/\/florika.lt\/ru\/wp-json\/wp\/v2\/product_cat?post=19488"},{"taxonomy":"product_tag","embeddable":true,"href":"https:\/\/florika.lt\/ru\/wp-json\/wp\/v2\/product_tag?post=19488"}],"curies":[{"name":"wp","href":"https:\/\/api.w.org\/{rel}","templated":true}]}}