{"id":17736,"date":"2021-01-18T22:03:49","date_gmt":"2021-01-18T20:03:49","guid":{"rendered":"https:\/\/florika.lt\/preke\/pusiau-saldus-vynas-campo-viojo-rioja-semidulce-075l\/"},"modified":"2022-06-21T20:51:52","modified_gmt":"2022-06-21T17:51:52","slug":"%d0%bf%d0%be%d0%bb%d1%8b%d1%81%d0%bb%d0%b0%d0%b4%d0%ba%d0%be%d0%b5-%d0%b2%d0%b8%d0%bd%d0%be-campo-viejo-rioja-semidulce-075l","status":"publish","type":"product","link":"https:\/\/florika.lt\/ru\/preke\/%d0%bf%d0%be%d0%bb%d1%8b%d1%81%d0%bb%d0%b0%d0%b4%d0%ba%d0%be%d0%b5-%d0%b2%d0%b8%d0%bd%d0%be-campo-viejo-rioja-semidulce-075l\/","title":{"rendered":"\u041f\u043e\u043b\u0443\u0441\u043b\u0430\u0434\u043a\u043e\u0435 \u0432\u0438\u043d\u043e CAMPO VIEJO RIOJA SEMIDULCE 0,75l"},"content":{"rendered":"<div class=\"page\" title=\"Page 9\">\n<div class=\"section\">\n<div class=\"layoutArea\">\n<div class=\"column\">\n<dl class=\"b-product-info--info-2\">\n<dd>Pusiau saldus vynas CAMPO VIEJO RIOJA SEMIDULCE 0,75l<\/dd>\n<\/dl>\n<\/div>\n<\/div>\n<\/div>\n<\/div>\n","protected":false},"excerpt":{"rendered":"<p>Vynuogyno Campo Viejo atsidavimas vyno Rioja gaminimui ir pa\u017eangiausios vyndaryst\u0117s technologijos leido modernizuoti tradicinius vyno gamybos metodus ir sukurti pa\u017eangius vyno Rioja stilius, tenkinan\u010dius i\u0161ranki\u0173 \u0161iuolaikini\u0173 vartotoj\u0173 skon\u012f. Campo Viejo apjungia Rioja tradicijas kartu su naujov\u0117mis, kad i\u0161tobulint\u0173 \u0161\u012f vyn\u0105 ir tur\u0117t\u0173 tik jam b\u016bding\u0105 i\u0161rai\u0161kingum\u0105 ir charakter\u012f. Malonus balansas tarp gaivi\u0173 vaisi\u0173 aromato, \u0161velnaus saldumo ir r\u016bg\u0161tingumo vilioja paragauti \u0161io vyno, pagaminto i\u0161 Viura vynuogi\u0173, kiekvien\u0105 akimirk\u0105. Stiprumas 10,5%.\u00a0<strong><span style=\"color: #ed1c24;\">U\u017esakyti ir gauti \u0161\u012f produkt\u0105 gali tik asmenys, kuriems yra sukak\u0119 20 met\u0173, tad \u012fteikdami g\u0117les kartu su \u0161ia dovana papra\u0161ysime parodyti dokument\u0105, patvirtinant\u012f am\u017ei\u0173.<\/span><\/strong><\/p>\n","protected":false},"featured_media":11525,"comment_status":"closed","ping_status":"closed","template":"","meta":[],"product_brand":[],"product_cat":[223],"product_tag":[],"class_list":{"0":"post-17736","1":"product","2":"type-product","3":"status-publish","4":"has-post-thumbnail","6":"product_cat-223","8":"first","9":"outofstock","10":"shipping-taxable","11":"purchasable","12":"product-type-simple"},"_links":{"self":[{"href":"https:\/\/florika.lt\/ru\/wp-json\/wp\/v2\/product\/17736","targetHints":{"allow":["GET"]}}],"collection":[{"href":"https:\/\/florika.lt\/ru\/wp-json\/wp\/v2\/product"}],"about":[{"href":"https:\/\/florika.lt\/ru\/wp-json\/wp\/v2\/types\/product"}],"replies":[{"embeddable":true,"href":"https:\/\/florika.lt\/ru\/wp-json\/wp\/v2\/comments?post=17736"}],"wp:featuredmedia":[{"embeddable":true,"href":"https:\/\/florika.lt\/ru\/wp-json\/wp\/v2\/media\/11525"}],"wp:attachment":[{"href":"https:\/\/florika.lt\/ru\/wp-json\/wp\/v2\/media?parent=17736"}],"wp:term":[{"taxonomy":"product_brand","embeddable":true,"href":"https:\/\/florika.lt\/ru\/wp-json\/wp\/v2\/product_brand?post=17736"},{"taxonomy":"product_cat","embeddable":true,"href":"https:\/\/florika.lt\/ru\/wp-json\/wp\/v2\/product_cat?post=17736"},{"taxonomy":"product_tag","embeddable":true,"href":"https:\/\/florika.lt\/ru\/wp-json\/wp\/v2\/product_tag?post=17736"}],"curies":[{"name":"wp","href":"https:\/\/api.w.org\/{rel}","templated":true}]}}