{"id":16568,"date":"2022-01-12T13:33:37","date_gmt":"2022-01-12T11:33:37","guid":{"rendered":"https:\/\/florika.lt\/preke\/%d0%bf%d0%be%d0%b6%d0%b5%d1%80%d1%82%d0%b2%d0%be%d0%b2%d0%b0%d0%bd%d0%b8%d0%b5-10-e-%d0%bf%d0%be%d0%bb%d1%83%d1%87%d0%b0%d1%82%d0%b5%d0%bb%d1%8c-raudonos-nosys-%d0%ba%d1%80%d0%b0%d1%81%d0%bd%d1%8b\/"},"modified":"2022-04-11T11:51:36","modified_gmt":"2022-04-11T08:51:36","slug":"auka-10-e-ru","status":"publish","type":"product","link":"https:\/\/florika.lt\/ru\/preke\/auka-10-e-ru\/","title":{"rendered":"\u041f\u041e\u0416\u0415\u0420\u0422\u0412\u041e\u0412\u0410\u041d\u0418\u0415 10 \u20ac (\u043f\u043e\u043b\u0443\u0447\u0430\u0442\u0435\u043b\u044c RAUDONOS NOSYS (\u041a\u0420\u0410\u0421\u041d\u042b\u0415 \u041d\u041e\u0421\u042b) &#8212; \u0432\u0440\u0430\u0447\u0438 \u043a\u043b\u043e\u0443\u043d\u044b)"},"content":{"rendered":"<p>D\u017eiaugsmas ten, kur jo tr\u016bksta labiausiai<br \/>\nNuo 2010 met\u0173, RAUDONOS NOSYS Gydytojai klounai ne\u0161a d\u017eiaugsm\u0105, juok\u0105 ir \u0161ypsenas ten, kur to labiausiai tr\u016bksta: ma\u017eiesiems ligoniukams \u0161alies ligonin\u0117se, speciali\u0173j\u0173 poreiki\u0173 turintiems vaikams specialiose mokyklose, reabilitacin\u012f gydym\u0105 patiriantiems vaikams sanatorijose, senjorams socialin\u0117s globos namuose, \u017emon\u0117ms pab\u0117geli\u0173 centruose ir kitur. Humoro pagalba teikiame emocin\u0119 bei psichosocialin\u0119 pagalb\u0105 visoms labiausiai pa\u017eeid\u017eiamoms visuomen\u0117s grup\u0117ms.<br \/>\nM\u016bs\u0173 misija &#8212; meno priemon\u0117mis dovanoti \u0161ypsenas ir juok\u0105 tiems, kam to tr\u016bksta labiausiai.<br \/>\nRAUDONOS NOSYS Gydytojai klounai yra visur, kur \u017emon\u0117ms reikia psichosocialin\u0117s ir emocin\u0117s pagalbos grei\u010diau sveikti ir i\u0161 naujo atrasti pozityvi\u0105 gyvenimo pus\u0119.<br \/>\nAukodami prisidedate prie \u0161ios misijos \u012fgyvendinimo. <\/p>\n","protected":false},"excerpt":{"rendered":"<p>D\u017eiaugsmas ten, kur jo tr\u016bksta labiausiai Nuo 2010 met\u0173, RAUDONOS NOSYS Gydytojai klounai ne\u0161a d\u017eiaugsm\u0105, juok\u0105 ir \u0161ypsenas ten, kur to labiausiai tr\u016bksta: ma\u017eiesiems ligoniukams \u0161alies ligonin\u0117se, speciali\u0173j\u0173 poreiki\u0173 turintiems vaikams specialiose mokyklose, reabilitacin\u012f gydym\u0105 patiriantiems vaikams sanatorijose, senjorams socialin\u0117s globos namuose, \u017emon\u0117ms pab\u0117geli\u0173 centruose ir kitur. Humoro pagalba teikiame emocin\u0119 bei psichosocialin\u0119 pagalb\u0105 visoms [&#8230;]\n","protected":false},"featured_media":14861,"comment_status":"closed","ping_status":"closed","template":"","meta":[],"product_brand":[],"product_cat":[237],"product_tag":[],"class_list":{"0":"post-16568","1":"product","2":"type-product","3":"status-publish","4":"has-post-thumbnail","6":"product_cat-labdara-ru","8":"first","9":"instock","10":"shipping-taxable","11":"purchasable","12":"product-type-simple"},"_links":{"self":[{"href":"https:\/\/florika.lt\/ru\/wp-json\/wp\/v2\/product\/16568","targetHints":{"allow":["GET"]}}],"collection":[{"href":"https:\/\/florika.lt\/ru\/wp-json\/wp\/v2\/product"}],"about":[{"href":"https:\/\/florika.lt\/ru\/wp-json\/wp\/v2\/types\/product"}],"replies":[{"embeddable":true,"href":"https:\/\/florika.lt\/ru\/wp-json\/wp\/v2\/comments?post=16568"}],"wp:featuredmedia":[{"embeddable":true,"href":"https:\/\/florika.lt\/ru\/wp-json\/wp\/v2\/media\/14861"}],"wp:attachment":[{"href":"https:\/\/florika.lt\/ru\/wp-json\/wp\/v2\/media?parent=16568"}],"wp:term":[{"taxonomy":"product_brand","embeddable":true,"href":"https:\/\/florika.lt\/ru\/wp-json\/wp\/v2\/product_brand?post=16568"},{"taxonomy":"product_cat","embeddable":true,"href":"https:\/\/florika.lt\/ru\/wp-json\/wp\/v2\/product_cat?post=16568"},{"taxonomy":"product_tag","embeddable":true,"href":"https:\/\/florika.lt\/ru\/wp-json\/wp\/v2\/product_tag?post=16568"}],"curies":[{"name":"wp","href":"https:\/\/api.w.org\/{rel}","templated":true}]}}