{"id":15945,"date":"2019-06-18T12:17:43","date_gmt":"2019-06-18T09:17:43","guid":{"rendered":"https:\/\/florika.lt\/preke\/kvepiantis-pavasaris\/"},"modified":"2026-03-08T18:51:20","modified_gmt":"2026-03-08T16:51:20","slug":"kvepiantis-pavasaris","status":"publish","type":"product","link":"https:\/\/florika.lt\/ru\/preke\/kvepiantis-pavasaris\/","title":{"rendered":"Kvepiantis pavasaris"},"content":{"rendered":"","protected":false},"excerpt":{"rendered":"<p>Sezonin\u0117 puok\u0161t\u0117 &#171;Kvepiantis pavasaris&#187; &#8212; gyva spalv\u0173 ir kvap\u0173 simfonija. I\u0161ties, spalvinis \u0161ios puok\u0161t\u0117s derinys labai pavasari\u0161kas, i\u0161puo\u0161tas tulp\u0117mis, frezijomis ir hiacintais. \u00a0Profesionali\u0173 florist\u0173 surinktos g\u0117l\u0117s &#8212; tik auk\u0161\u010diausios kokyb\u0117s, ta\u010diau atsi\u017evelgiant \u012f sezono laikotarp\u012f, gali kiek skirtis. G\u0117l\u0117s pristatomos visuose did\u017eiuosiuose Lietuvos miestuose.<\/p>\n<p>Puok\u0161t\u0119 sudaro: hiacintai, tulp\u0117s, frezijos, \u017ealuma.<\/p>\n<p>&nbsp;<\/p>\n","protected":false},"featured_media":15946,"comment_status":"closed","ping_status":"closed","template":"","meta":[],"product_brand":[],"product_cat":[211,217,210,228],"product_tag":[],"class_list":{"0":"post-15945","1":"product","2":"type-product","3":"status-publish","4":"has-post-thumbnail","6":"product_cat-8-","7":"product_cat-217","8":"product_cat-210","9":"product_cat-228","11":"first","12":"instock","13":"shipping-taxable","14":"purchasable","15":"product-type-variable"},"_links":{"self":[{"href":"https:\/\/florika.lt\/ru\/wp-json\/wp\/v2\/product\/15945","targetHints":{"allow":["GET"]}}],"collection":[{"href":"https:\/\/florika.lt\/ru\/wp-json\/wp\/v2\/product"}],"about":[{"href":"https:\/\/florika.lt\/ru\/wp-json\/wp\/v2\/types\/product"}],"replies":[{"embeddable":true,"href":"https:\/\/florika.lt\/ru\/wp-json\/wp\/v2\/comments?post=15945"}],"wp:featuredmedia":[{"embeddable":true,"href":"https:\/\/florika.lt\/ru\/wp-json\/wp\/v2\/media\/15946"}],"wp:attachment":[{"href":"https:\/\/florika.lt\/ru\/wp-json\/wp\/v2\/media?parent=15945"}],"wp:term":[{"taxonomy":"product_brand","embeddable":true,"href":"https:\/\/florika.lt\/ru\/wp-json\/wp\/v2\/product_brand?post=15945"},{"taxonomy":"product_cat","embeddable":true,"href":"https:\/\/florika.lt\/ru\/wp-json\/wp\/v2\/product_cat?post=15945"},{"taxonomy":"product_tag","embeddable":true,"href":"https:\/\/florika.lt\/ru\/wp-json\/wp\/v2\/product_tag?post=15945"}],"curies":[{"name":"wp","href":"https:\/\/api.w.org\/{rel}","templated":true}]}}