{"id":15932,"date":"2022-03-03T21:09:25","date_gmt":"2022-03-03T19:09:25","guid":{"rendered":"https:\/\/florika.lt\/preke\/baltu-tulpiu-puokste\/"},"modified":"2024-03-04T23:37:34","modified_gmt":"2024-03-04T21:37:34","slug":"%d0%b1%d1%83%d0%ba%d0%b5%d1%82-%d0%b1%d0%b5%d0%bb%d1%8b%d1%85-%d1%82%d1%8e%d0%bb%d1%8c%d0%bf%d0%b0%d0%bd%d0%be%d0%b2","status":"publish","type":"product","link":"https:\/\/florika.lt\/ru\/preke\/%d0%b1%d1%83%d0%ba%d0%b5%d1%82-%d0%b1%d0%b5%d0%bb%d1%8b%d1%85-%d1%82%d1%8e%d0%bb%d1%8c%d0%bf%d0%b0%d0%bd%d0%be%d0%b2\/","title":{"rendered":"\u0411\u0443\u043a\u0435\u0442 \u0431\u0435\u043b\u044b\u0445 \u0442\u044e\u043b\u044c\u043f\u0430\u043d\u043e\u0432"},"content":{"rendered":"","protected":false},"excerpt":{"rendered":"<p>\u0411\u0443\u043a\u0435\u0442 \u0431\u0435\u043b\u044b\u0445 \u0442\u044e\u043b\u044c\u043f\u0430\u043d\u043e\u0432 &#8212; \u044f\u0440\u043a\u0438\u0439 \u0432\u0435\u0441\u0435\u043d\u043d\u0438\u0439 \u0432\u0435\u0442\u0435\u0440\u043e\u043a. \u0411\u0435\u043b\u044b\u0435 \u0442\u044e\u043b\u044c\u043f\u0430\u043d\u044b \u0441\u043e\u0437\u0434\u0430\u044e\u0442 \u0432\u0435\u0441\u0435\u043b\u0443\u044e \u0433\u0430\u0440\u043c\u043e\u043d\u0438\u044e, \u043a\u043e\u0442\u043e\u0440\u0430\u044f \u0443\u043a\u0440\u0430\u0441\u0438\u0442 \u0432\u0430\u0448 \u043f\u0440\u0430\u0437\u0434\u043d\u0438\u043a. \u0414\u043e\u0441\u0442\u0430\u0432\u043a\u0430 \u0431\u0443\u043a\u0435\u0442\u043e\u0432 \u0438\u0437 \u0442\u044e\u043b\u044c\u043f\u0430\u043d\u043e\u0432 \u043e\u0441\u0443\u0449\u0435\u0441\u0442\u0432\u043b\u044f\u0435\u0442\u0441\u044f \u043f\u043e \u0432\u0441\u0435\u043c\u0443 \u041a\u043b\u0430\u0439\u043f\u0435\u0434\u0441\u043a\u043e\u043c\u0443 \u0440\u0430\u0439\u043e\u043d\u0443.<\/p>\n<p style=\"font-variant-ligatures: normal; font-variant-caps: normal; orphans: 2; text-align: start; widows: 2; -webkit-text-stroke-width: 0px; word-spacing: 0px;\">Puok\u0161t\u0117 susideda i\u0161: gelton\u0173 tulpi\u0173.<\/p>\n<p style=\"font-variant-ligatures: normal; font-variant-caps: normal; orphans: 2; text-align: start; widows: 2; -webkit-text-stroke-width: 0px; word-spacing: 0px;\">\u041c\u0430\u043b\u0435\u043d\u044c\u043a\u0438\u0439 \u0431\u0443\u043a\u0435\u0442 &#8212; 25 \u0442\u044e\u043b\u044c\u043f\u0430\u043d.<\/p>\n<p style=\"font-variant-ligatures: normal; font-variant-caps: normal; orphans: 2; text-align: start; widows: 2; -webkit-text-stroke-width: 0px; word-spacing: 0px;\">\u0421\u0440\u0435\u0434\u043d\u0438\u0439 \u0431\u0443\u043a\u0435\u0442 &#8212; \u00a035 \u0442\u044e\u043b\u044c\u043f\u0430\u043d.<\/p>\n<p style=\"font-variant-ligatures: normal; font-variant-caps: normal; orphans: 2; text-align: start; widows: 2; -webkit-text-stroke-width: 0px; word-spacing: 0px;\">\u0411\u043e\u043b\u044c\u0448\u043e\u0439 \u0431\u0443\u043a\u0435\u0442 &#8212; 50 \u0442\u044e\u043b\u044c\u043f\u0430\u043d.<\/p>\n","protected":false},"featured_media":37615,"comment_status":"closed","ping_status":"closed","template":"","meta":[],"product_brand":[],"product_cat":[211,214,217,210,230,228],"product_tag":[],"class_list":{"0":"post-15932","1":"product","2":"type-product","3":"status-publish","4":"has-post-thumbnail","6":"product_cat-8-","7":"product_cat-214","8":"product_cat-217","9":"product_cat-210","10":"product_cat-230","11":"product_cat-228","13":"first","14":"instock","15":"shipping-taxable","16":"product-type-variable"},"_links":{"self":[{"href":"https:\/\/florika.lt\/ru\/wp-json\/wp\/v2\/product\/15932","targetHints":{"allow":["GET"]}}],"collection":[{"href":"https:\/\/florika.lt\/ru\/wp-json\/wp\/v2\/product"}],"about":[{"href":"https:\/\/florika.lt\/ru\/wp-json\/wp\/v2\/types\/product"}],"replies":[{"embeddable":true,"href":"https:\/\/florika.lt\/ru\/wp-json\/wp\/v2\/comments?post=15932"}],"wp:featuredmedia":[{"embeddable":true,"href":"https:\/\/florika.lt\/ru\/wp-json\/wp\/v2\/media\/37615"}],"wp:attachment":[{"href":"https:\/\/florika.lt\/ru\/wp-json\/wp\/v2\/media?parent=15932"}],"wp:term":[{"taxonomy":"product_brand","embeddable":true,"href":"https:\/\/florika.lt\/ru\/wp-json\/wp\/v2\/product_brand?post=15932"},{"taxonomy":"product_cat","embeddable":true,"href":"https:\/\/florika.lt\/ru\/wp-json\/wp\/v2\/product_cat?post=15932"},{"taxonomy":"product_tag","embeddable":true,"href":"https:\/\/florika.lt\/ru\/wp-json\/wp\/v2\/product_tag?post=15932"}],"curies":[{"name":"wp","href":"https:\/\/api.w.org\/{rel}","templated":true}]}}