{"id":14562,"date":"2021-12-17T12:34:45","date_gmt":"2021-12-17T10:34:45","guid":{"rendered":"https:\/\/florika.lt\/preke\/sampanas-g-h-mumm-ice-xtra-demi-sec-075l\/"},"modified":"2025-09-08T10:55:49","modified_gmt":"2025-09-08T07:55:49","slug":"%d1%88%d0%b0%d0%bc%d0%bf%d0%b0%d0%bd%d1%81%d0%ba%d0%be%d0%b5-g-h-mumm-ice-xtra-demi-sec-075l-12","status":"publish","type":"product","link":"https:\/\/florika.lt\/ru\/preke\/%d1%88%d0%b0%d0%bc%d0%bf%d0%b0%d0%bd%d1%81%d0%ba%d0%be%d0%b5-g-h-mumm-ice-xtra-demi-sec-075l-12\/","title":{"rendered":"\u0428\u0430\u043c\u043f\u0430\u043d\u0441\u043a\u043e\u0435 G.H.MUMM Ice Xtra Demi-Sec 0,75L 12%"},"content":{"rendered":"<p id=\"tw-target-text\" class=\"tw-data-text tw-text-large XcVN5d tw-ta\" dir=\"ltr\" data-placeholder=\"Vertimas\"><span class=\"Y2IQFc\" lang=\"ru\">\u041b\u0435\u0442\u043d\u0438\u0439 \u0445\u0438\u0442! \u042d\u0442\u043e \u043d\u043e\u0432\u043e\u0435 \u043f\u043e\u043b\u0443\u0441\u0443\u0445\u043e\u0435 \u0448\u0430\u043c\u043f\u0430\u043d\u0441\u043a\u043e\u0435 G.H.MUMM \u043f\u0440\u0435\u0434\u043d\u0430\u0437\u043d\u0430\u0447\u0435\u043d\u043e \u0434\u043b\u044f \u0443\u043f\u043e\u0442\u0440\u0435\u0431\u043b\u0435\u043d\u0438\u044f \u0441\u043e \u043b\u044c\u0434\u043e\u043c. \u042d\u0442\u043e\u0442 \u0441\u043f\u043e\u0441\u043e\u0431 \u043f\u043e\u0442\u0440\u0435\u0431\u043b\u0435\u043d\u0438\u044f \u043f\u043e\u043c\u043e\u0433\u0430\u0435\u0442 \u0440\u0430\u0441\u043a\u0440\u044b\u0442\u044c \u043c\u044f\u0433\u043a\u0438\u0439 \u0430\u0440\u043e\u043c\u0430\u0442 \u0432\u0430\u043d\u0438\u043b\u0438, \u043f\u0440\u0438\u0432\u043a\u0443\u0441 \u043c\u0435\u0434\u0430 \u0438 \u043a\u0430\u0440\u0430\u043c\u0435\u043b\u0438. <\/span><\/p>\n<p class=\"tw-data-text tw-text-large XcVN5d tw-ta\" dir=\"ltr\" data-placeholder=\"Vertimas\"><span class=\"Y2IQFc\" lang=\"ru\">\u0412\u0438\u043d\u043e\u0433\u0440\u0430\u0434: 51% \u041f\u0438\u043d\u043e \u041d\u0443\u0430\u0440; 34% \u041f\u0438\u043d\u043e \u041c\u0435\u043d\u044c\u0435; 15% \u0428\u0430\u0440\u0434\u043e\u043d\u0435; 40% \u0440\u0435\u0437\u0435\u0440\u0432\u043d\u044b\u0445 \u0432\u0438\u043d.<\/span><\/p>\n","protected":false},"excerpt":{"rendered":"<p id=\"tw-target-text\" class=\"tw-data-text tw-text-large XcVN5d tw-ta\" dir=\"ltr\" data-placeholder=\"Vertimas\"><span class=\"Y2IQFc\" lang=\"ru\">\u041b\u0435\u0442\u043d\u0438\u0439 \u0445\u0438\u0442! \u042d\u0442\u043e \u043d\u043e\u0432\u043e\u0435 \u043f\u043e\u043b\u0443\u0441\u0443\u0445\u043e\u0435 \u0448\u0430\u043c\u043f\u0430\u043d\u0441\u043a\u043e\u0435 G.H.MUMM \u043f\u0440\u0435\u0434\u043d\u0430\u0437\u043d\u0430\u0447\u0435\u043d\u043e \u0434\u043b\u044f \u0443\u043f\u043e\u0442\u0440\u0435\u0431\u043b\u0435\u043d\u0438\u044f \u0441\u043e \u043b\u044c\u0434\u043e\u043c. \u042d\u0442\u043e\u0442 \u0441\u043f\u043e\u0441\u043e\u0431 \u043f\u043e\u0442\u0440\u0435\u0431\u043b\u0435\u043d\u0438\u044f \u043f\u043e\u043c\u043e\u0433\u0430\u0435\u0442 \u0440\u0430\u0441\u043a\u0440\u044b\u0442\u044c \u043c\u044f\u0433\u043a\u0438\u0439 \u0430\u0440\u043e\u043c\u0430\u0442 \u0432\u0430\u043d\u0438\u043b\u0438, \u043f\u0440\u0438\u0432\u043a\u0443\u0441 \u043c\u0435\u0434\u0430 \u0438 \u043a\u0430\u0440\u0430\u043c\u0435\u043b\u0438. <\/span><\/p>\n<p class=\"tw-data-text tw-text-large XcVN5d tw-ta\" dir=\"ltr\" data-placeholder=\"Vertimas\"><span class=\"Y2IQFc\" lang=\"ru\">\u0412\u0438\u043d\u043e\u0433\u0440\u0430\u0434: 51% \u041f\u0438\u043d\u043e \u041d\u0443\u0430\u0440; 34% \u041f\u0438\u043d\u043e \u041c\u0435\u043d\u044c\u0435; 15% \u0428\u0430\u0440\u0434\u043e\u043d\u0435; 40% \u0440\u0435\u0437\u0435\u0440\u0432\u043d\u044b\u0445 \u0432\u0438\u043d.<\/span><\/p>\n<p>\u0160ampanas G.H.MUMM Ice Xtra Demi-Sec 0,75l 12% gali b\u016bti pristatytas visame Klaip\u0117dos regione.<\/p>\n","protected":false},"featured_media":30194,"comment_status":"closed","ping_status":"closed","template":"","meta":[],"product_brand":[],"product_cat":[223],"product_tag":[],"class_list":{"0":"post-14562","1":"product","2":"type-product","3":"status-publish","4":"has-post-thumbnail","6":"product_cat-223","8":"first","9":"instock","10":"shipping-taxable","11":"purchasable","12":"product-type-simple"},"_links":{"self":[{"href":"https:\/\/florika.lt\/ru\/wp-json\/wp\/v2\/product\/14562","targetHints":{"allow":["GET"]}}],"collection":[{"href":"https:\/\/florika.lt\/ru\/wp-json\/wp\/v2\/product"}],"about":[{"href":"https:\/\/florika.lt\/ru\/wp-json\/wp\/v2\/types\/product"}],"replies":[{"embeddable":true,"href":"https:\/\/florika.lt\/ru\/wp-json\/wp\/v2\/comments?post=14562"}],"wp:featuredmedia":[{"embeddable":true,"href":"https:\/\/florika.lt\/ru\/wp-json\/wp\/v2\/media\/30194"}],"wp:attachment":[{"href":"https:\/\/florika.lt\/ru\/wp-json\/wp\/v2\/media?parent=14562"}],"wp:term":[{"taxonomy":"product_brand","embeddable":true,"href":"https:\/\/florika.lt\/ru\/wp-json\/wp\/v2\/product_brand?post=14562"},{"taxonomy":"product_cat","embeddable":true,"href":"https:\/\/florika.lt\/ru\/wp-json\/wp\/v2\/product_cat?post=14562"},{"taxonomy":"product_tag","embeddable":true,"href":"https:\/\/florika.lt\/ru\/wp-json\/wp\/v2\/product_tag?post=14562"}],"curies":[{"name":"wp","href":"https:\/\/api.w.org\/{rel}","templated":true}]}}