{"id":13944,"date":"2019-03-14T10:04:38","date_gmt":"2019-03-14T08:04:38","guid":{"rendered":"https:\/\/florika.lt\/preke\/ypatingoji-diena\/"},"modified":"2022-02-23T13:54:45","modified_gmt":"2022-02-23T11:54:45","slug":"%d0%be%d1%81%d0%be%d0%b1%d0%b5%d0%bd%d0%bd%d1%8b%d0%b9-%d0%b4%d0%b5%d0%bd%d1%8c","status":"publish","type":"product","link":"https:\/\/florika.lt\/ru\/preke\/%d0%be%d1%81%d0%be%d0%b1%d0%b5%d0%bd%d0%bd%d1%8b%d0%b9-%d0%b4%d0%b5%d0%bd%d1%8c\/","title":{"rendered":"\u041e\u0441\u043e\u0431\u0435\u043d\u043d\u044b\u0439 \u0434\u0435\u043d\u044c"},"content":{"rendered":"","protected":false},"excerpt":{"rendered":"<pre id=\"tw-target-text\" class=\"tw-data-text tw-text-large tw-ta\" dir=\"ltr\" data-placeholder=\"Translation\"><span class=\"Y2IQFc\" lang=\"ru\">\u0421\u0435\u0437\u043e\u043d\u043d\u044b\u0439 \u0431\u0443\u043a\u0435\u0442 \u00ab\u041e\u0441\u043e\u0431\u0435\u043d\u043d\u044b\u0439 \u0434\u0435\u043d\u044c\u00bb \u043f\u043e\u043d\u0440\u0430\u0432\u0438\u0442\u0441\u044f \u0442\u0435\u043c, \u043a\u0442\u043e \u0436\u0430\u0436\u0434\u0443\u0435\u0442 \u0432\u0435\u0441\u0435\u043d\u043d\u0435\u0439 \u0437\u0435\u043b\u0435\u043d\u0438 ... \u0421\u0432\u0435\u0436\u0438\u0435 \u043e\u0440\u0445\u0438\u0434\u0435\u0438, \u043a\u0430\u0447\u0435\u0441\u0442\u0432\u0435\u043d\u043d\u044b\u0435 \u0430\u043b\u044c\u0441\u0442\u0440\u043e\u043c\u0435\u0440\u044b \u0438 \u0440\u043e\u0437\u044b \u0441\u043e\u0437\u0434\u0430\u044e\u0442 \u0438\u0441\u043a\u043b\u044e\u0447\u0438\u0442\u0435\u043b\u044c\u043d\u0443\u044e \u0433\u0430\u0440\u043c\u043e\u043d\u0438\u044e. \u0426\u0432\u0435\u0442\u044b \u043c\u043e\u0433\u0443\u0442 \u043c\u0435\u043d\u044f\u0442\u044c\u0441\u044f \u0432 \u0437\u0430\u0432\u0438\u0441\u0438\u043c\u043e\u0441\u0442\u0438 \u043e\u0442 \u0441\u0435\u0437\u043e\u043d\u0430. \u0414\u043e\u0441\u0442\u0430\u0432\u043a\u0430 \u0431\u0443\u043a\u0435\u0442\u043e\u0432 \u043e\u0441\u0443\u0449\u0435\u0441\u0442\u0432\u043b\u044f\u0435\u0442\u0441\u044f \u043f\u043e \u0432\u0441\u0435\u043c\u0443 \u041a\u043b\u0430\u0439\u043f\u0435\u0434\u0441\u043a\u043e\u043c\u0443 \u0440\u0435\u0433\u0438\u043e\u043d\u0443.\r\n\u0412 \u0431\u0443\u043a\u0435\u0442\u0435: \u043e\u0440\u0445\u0438\u0434\u0435\u0438 \"\u0412\u0430\u043d\u0434\u0430\", \u0430\u043b\u044c\u0441\u0442\u0440\u043e\u043c\u0435\u0440\u044b, \u044d\u0443\u0441\u0442\u043e\u043c\u044b, \u0440\u043e\u0437\u044b \u0438 \u0437\u0435\u043b\u0435\u043d\u044c.<\/span><\/pre>\n<p>Puok\u0161t\u0119 sudaro: orchid\u0117jos &#171;Vanda&#187;, alstromerijos, eustomos, ro\u017e\u0117s ir \u017ealuma.<\/p>\n","protected":false},"featured_media":13945,"comment_status":"closed","ping_status":"closed","template":"","meta":[],"product_brand":[],"product_cat":[228],"product_tag":[],"class_list":{"0":"post-13944","1":"product","2":"type-product","3":"status-publish","4":"has-post-thumbnail","6":"product_cat-228","8":"first","9":"instock","10":"shipping-taxable","11":"product-type-variable"},"_links":{"self":[{"href":"https:\/\/florika.lt\/ru\/wp-json\/wp\/v2\/product\/13944","targetHints":{"allow":["GET"]}}],"collection":[{"href":"https:\/\/florika.lt\/ru\/wp-json\/wp\/v2\/product"}],"about":[{"href":"https:\/\/florika.lt\/ru\/wp-json\/wp\/v2\/types\/product"}],"replies":[{"embeddable":true,"href":"https:\/\/florika.lt\/ru\/wp-json\/wp\/v2\/comments?post=13944"}],"wp:featuredmedia":[{"embeddable":true,"href":"https:\/\/florika.lt\/ru\/wp-json\/wp\/v2\/media\/13945"}],"wp:attachment":[{"href":"https:\/\/florika.lt\/ru\/wp-json\/wp\/v2\/media?parent=13944"}],"wp:term":[{"taxonomy":"product_brand","embeddable":true,"href":"https:\/\/florika.lt\/ru\/wp-json\/wp\/v2\/product_brand?post=13944"},{"taxonomy":"product_cat","embeddable":true,"href":"https:\/\/florika.lt\/ru\/wp-json\/wp\/v2\/product_cat?post=13944"},{"taxonomy":"product_tag","embeddable":true,"href":"https:\/\/florika.lt\/ru\/wp-json\/wp\/v2\/product_tag?post=13944"}],"curies":[{"name":"wp","href":"https:\/\/api.w.org\/{rel}","templated":true}]}}