{"id":12174,"date":"2020-08-02T21:26:56","date_gmt":"2020-08-02T18:26:56","guid":{"rendered":"http:\/\/florika.lt\/preke\/pieninis-sokoladas-fazer-geisha-su-lazdynu-riesutu-idaru-100-g\/"},"modified":"2021-06-14T08:43:33","modified_gmt":"2021-06-14T05:43:33","slug":"%d0%bc%d0%be%d0%bb%d0%be%d1%87%d0%bd%d1%8b%d0%b9-%d1%88%d0%be%d0%ba%d0%be%d0%bb%d0%b0%d0%b4-fazer-geisha-%d1%81-%d0%be%d1%80%d0%b5%d1%85%d0%be%d0%b2%d0%be%d0%b9-%d0%bd%d0%b0%d1%87%d0%b8%d0%bd%d0%ba","status":"publish","type":"product","link":"https:\/\/florika.lt\/ru\/preke\/%d0%bc%d0%be%d0%bb%d0%be%d1%87%d0%bd%d1%8b%d0%b9-%d1%88%d0%be%d0%ba%d0%be%d0%bb%d0%b0%d0%b4-fazer-geisha-%d1%81-%d0%be%d1%80%d0%b5%d1%85%d0%be%d0%b2%d0%be%d0%b9-%d0%bd%d0%b0%d1%87%d0%b8%d0%bd%d0%ba\/","title":{"rendered":"\u041c\u043e\u043b\u043e\u0447\u043d\u044b\u0439 \u0448\u043e\u043a\u043e\u043b\u0430\u0434 FAZER GEISHA \u0441 \u043e\u0440\u0435\u0445\u043e\u0432\u043e\u0439 \u043d\u0430\u0447\u0438\u043d\u043a\u043e\u0439, 100 \u0433"},"content":{"rendered":"<div class=\"page\" title=\"Page 9\">\n<div class=\"section\">\n<div class=\"layoutArea\">\n<div class=\"column\">\n<dl class=\"b-product-info--info-2\">\n<dd>\u0160okoladas FAZER GEISHA &#8212; lazdyn\u0173 rie\u0161ut\u0173 nugos \u012fdaras, aplietas pieniniu \u0161okoladu. 100 g<\/dd>\n<\/dl>\n<\/div>\n<\/div>\n<\/div>\n<\/div>\n","protected":false},"excerpt":{"rendered":"<p>\u0428\u043e\u043a\u043e\u043b\u0430\u0434 FAZER GEISHA &#8212; \u043d\u0430\u0447\u0438\u043d\u043a\u0430 \u0438\u0437 \u043b\u0435\u0441\u043d\u044b\u0445 \u043e\u0440\u0435\u0445\u043e\u0432 \u0438 \u043d\u0443\u0433\u0438, \u043f\u043e\u043a\u0440\u044b\u0442\u0430\u044f \u043c\u043e\u043b\u043e\u0447\u043d\u044b\u043c \u0448\u043e\u043a\u043e\u043b\u0430\u0434\u043e\u043c. 100\u0433.<\/p>\n","protected":false},"featured_media":12175,"comment_status":"closed","ping_status":"closed","template":"","meta":[],"product_brand":[],"product_cat":[223],"product_tag":[],"class_list":{"0":"post-12174","1":"product","2":"type-product","3":"status-publish","4":"has-post-thumbnail","6":"product_cat-223","8":"first","9":"instock","10":"shipping-taxable","11":"purchasable","12":"product-type-simple"},"_links":{"self":[{"href":"https:\/\/florika.lt\/ru\/wp-json\/wp\/v2\/product\/12174","targetHints":{"allow":["GET"]}}],"collection":[{"href":"https:\/\/florika.lt\/ru\/wp-json\/wp\/v2\/product"}],"about":[{"href":"https:\/\/florika.lt\/ru\/wp-json\/wp\/v2\/types\/product"}],"replies":[{"embeddable":true,"href":"https:\/\/florika.lt\/ru\/wp-json\/wp\/v2\/comments?post=12174"}],"wp:featuredmedia":[{"embeddable":true,"href":"https:\/\/florika.lt\/ru\/wp-json\/wp\/v2\/media\/12175"}],"wp:attachment":[{"href":"https:\/\/florika.lt\/ru\/wp-json\/wp\/v2\/media?parent=12174"}],"wp:term":[{"taxonomy":"product_brand","embeddable":true,"href":"https:\/\/florika.lt\/ru\/wp-json\/wp\/v2\/product_brand?post=12174"},{"taxonomy":"product_cat","embeddable":true,"href":"https:\/\/florika.lt\/ru\/wp-json\/wp\/v2\/product_cat?post=12174"},{"taxonomy":"product_tag","embeddable":true,"href":"https:\/\/florika.lt\/ru\/wp-json\/wp\/v2\/product_tag?post=12174"}],"curies":[{"name":"wp","href":"https:\/\/api.w.org\/{rel}","templated":true}]}}