{"id":10279,"date":"2021-04-08T20:02:19","date_gmt":"2021-04-08T17:02:19","guid":{"rendered":"http:\/\/florika.lt\/pirkimas-ir-pristatymas\/"},"modified":"2021-07-22T10:59:13","modified_gmt":"2021-07-22T07:59:13","slug":"pirkimas-ir-pristatymas","status":"publish","type":"page","link":"https:\/\/florika.lt\/ru\/pirkimas-ir-pristatymas\/","title":{"rendered":"\u041f\u043e\u043a\u0443\u043f\u043a\u0430 \u0438 \u0434\u043e\u0441\u0442\u0430\u0432\u043a\u0430"},"content":{"rendered":"  <div id=\"page-header-1199804948\" class=\"page-header-wrapper\">\n  <div class=\"page-title dark featured-title\">\n\n        <div class=\"page-title-bg\">\n      <div class=\"title-bg fill bg-fill\"\n        data-parallax-container=\".page-title\"\n        data-parallax-background\n        data-parallax=\"-\">\n      <\/div>\n      <div class=\"title-overlay fill\"><\/div>\n    <\/div>\n    \n    <div class=\"page-title-inner container align-center text-center flex-row-col medium-flex-wrap\" >\n              <div class=\"title-wrapper is-xxlarge flex-col\">\n          <h1 class=\"entry-title mb-0\">\n            \u041f\u043e\u043a\u0443\u043f\u043a\u0430 \u0438 \u0434\u043e\u0441\u0442\u0430\u0432\u043a\u0430          <\/h1>\n        <\/div>\n                    <div class=\"title-content flex-col\">\n              <\/div>\n    <\/div>\n\n     \n<style>\n#page-header-1199804948 .page-title-inner {\n  min-height: 200px;\n}\n#page-header-1199804948 .title-bg {\n  background-image: url(https:\/\/florika.lt\/wp-content\/uploads\/2019\/03\/florika-1.jpg);\n}\n<\/style>\n  <\/div>\n    <\/div>\n  \r\n\r\n\t<div id=\"gap-599573845\" class=\"gap-element clearfix\" style=\"display:block; height:auto;\">\n\t\t\n<style>\n#gap-599573845 {\n  padding-top: 60px;\n}\n<\/style>\n\t<\/div>\n\t\n<div class=\"row\"  id=\"row-15822220\">\n\n\t<div id=\"col-1441846403\" class=\"col small-12 large-12\"  >\n\t\t\t\t<div class=\"col-inner\"  >\n\t\t\t\n\t\t\t\n<h1>Preki\u0173 u\u017esakymas<\/h1>\n<p>I\u0161sirinkite pageidaujam\u0105 puok\u0161t\u0119, g\u0117l\u0119 ar kompozicij\u0105, pasirinkite kiek\u012f, jei nurodyta dyd\u012f ir \u012fd\u0117kite \u012f preki\u0173 krep\u0161el\u012f.<\/p>\n<p>Jei pageidaujate, prie puok\u0161t\u0117s galite u\u017esakyti sveikinimo atviruk\u0105 ar kortel\u0119 (kortel\u0117 nemokama), taip pat dovan\u0173 skiltyje galite i\u0161sisrinkti skanumyn\u0173 ar kit\u0173 dovan\u0173.<\/p>\n<p>I\u0161sirinkus visas norimas prekes, pasirinkite preki\u0173 krep\u0161el\u012f ir spauskite \u201cATSISKAITYMAS\u201d<\/p>\n<p>Jei esate registruotas vartotojas, prisijunkite \u012fvesdami savo prisijungimo duomenis.<\/p>\n<p>Jei esate neregistruotas vartotojas, galite sukurti paskyr\u0105 pasirink\u0119 ikon\u0105 de\u0161iniajame puslapio kampe.<\/p>\n<p>Jei norite pirkti be registracijos, u\u017epildykite reikaling\u0105 informacij\u0105 pirkimo \u012fvykdymui.<\/p>\n<p>Nurodykite vis\u0105 Jums \u017einom\u0105 informacij\u0105 apie gav\u0117j\u0105 \u2013 vard\u0105, pavard\u0119, adres\u0105, telefono numer\u012f, dur\u0173 kod\u0105 ir pana\u0161iai. Kuo daugiau informacijos pateiksite, tuo u\u017esakymo \u012fvykdymas bus sklandesnis.<\/p>\n<p>Apmok\u0117ti u\u017e pirkinius galite Pay Pal arba Paysera sistem\u0173 pagalba (internetin\u0117 bankininkyst\u0117 arba kreditin\u0117s kortel\u0117s).<\/p>\n<p>J\u016bs\u0173 nurodytu laiku ir adresu m\u016bs\u0173 kurjeris pristatys u\u017esakytas prekes.<\/p>\n<h1>Preki\u0173 pristatymas<\/h1>\n<p>Prekes pristatysime J\u016bs\u0173 nurodytu adresu visame Klaip\u0117dos rajone. Pristatymo kaina 6EUR, priskai\u010diuojama galutinio mok\u0117jimo metu.<\/p>\n<p>Apie pristatymo ivykdymo fakt\u0105 informuosime elektroniniu pa\u0161tu arba trump\u0105ja SMS \u017einute.<\/p>\n<p>Pristatymo laikas: I-VII 08:00 \u2013 19:30 val.<\/p>\n<p>\u012emanomas ir kitas pristatymo laikas apie tai sutarus telefonu ar el. pa\u0161tu.<\/p>\n<p>Pristatome ir tos pa\u010dios dienos u\u017esakymus, jei jie gauti iki 16.00 val.<\/p>\n<p>Ne visada galime u\u017etikrinti tiksl\u0173 pristatymo laik\u0105 \u2013 vasario 14, kovo 8 bei Motinos (pirmas gegu\u017e\u0117s sekmadienis) dienomis tikslus u\u017esakymo pristatymo laikas negarantuojamas.<\/p>\n<p>Ne visada galime garantuoti identi\u0161kos puok\u0161t\u0117s sud\u0117ties \u2013 ji gali skirtis nuo pavaizduotos paveiksl\u0117lyje. Jeigu kei\u010diame tam tikras g\u0117les, visada i\u0161laikome analogi\u0161k\u0105 puok\u0161t\u0117s spalvingum\u0105 ir g\u0117li\u0173 vert\u0119.<\/p>\n<p>Jei nerandame gav\u0117jo nurodytu laiku ir \u00a0adresu, susisiekiame su gav\u0117ju ir aptariame kit\u0105 jam patog\u0173 pakartotinio pristatymo laik\u0105. Gav\u0117jui pagedaujant, g\u0117les paliekame jo nurodytam tre\u010diajam asmeniui (kaimynui, bendradarbiui ar pan.)<\/p>\n<p>Gav\u0117jui atsisakius priimti g\u0117les, u\u017esakovui pinigai negr\u0105\u017einami.<\/p>\n<p>Kiekvienas u\u017esakymas yra individualus, tad prek\u0117s n\u0117ra gr\u0105\u017einamos.<\/p>\n\t\t<\/div>\n\t\t\t\t\t<\/div>\n\n\t\n<\/div>\n","protected":false},"excerpt":{"rendered":"","protected":false},"author":361,"featured_media":0,"parent":0,"menu_order":0,"comment_status":"closed","ping_status":"closed","template":"page-blank.php","meta":{"footnotes":""},"class_list":["post-10279","page","type-page","status-publish","hentry"],"_links":{"self":[{"href":"https:\/\/florika.lt\/ru\/wp-json\/wp\/v2\/pages\/10279","targetHints":{"allow":["GET"]}}],"collection":[{"href":"https:\/\/florika.lt\/ru\/wp-json\/wp\/v2\/pages"}],"about":[{"href":"https:\/\/florika.lt\/ru\/wp-json\/wp\/v2\/types\/page"}],"author":[{"embeddable":true,"href":"https:\/\/florika.lt\/ru\/wp-json\/wp\/v2\/users\/361"}],"replies":[{"embeddable":true,"href":"https:\/\/florika.lt\/ru\/wp-json\/wp\/v2\/comments?post=10279"}],"version-history":[{"count":0,"href":"https:\/\/florika.lt\/ru\/wp-json\/wp\/v2\/pages\/10279\/revisions"}],"wp:attachment":[{"href":"https:\/\/florika.lt\/ru\/wp-json\/wp\/v2\/media?parent=10279"}],"curies":[{"name":"wp","href":"https:\/\/api.w.org\/{rel}","templated":true}]}}