{"id":10277,"date":"2021-04-08T20:01:50","date_gmt":"2021-04-08T17:01:50","guid":{"rendered":"http:\/\/florika.lt\/privatumo-taisykles\/"},"modified":"2021-07-22T11:02:40","modified_gmt":"2021-07-22T08:02:40","slug":"privatumo-taisykles","status":"publish","type":"page","link":"https:\/\/florika.lt\/ru\/privatumo-taisykles\/","title":{"rendered":"\u041f\u043e\u043b\u0438\u0442\u0438\u043a\u0430 \u043a\u043e\u043d\u0444\u0438\u0434\u0435\u043d\u0446\u0438\u0430\u043b\u044c\u043d\u043e\u0441\u0442\u0438"},"content":{"rendered":"  <div id=\"page-header-1148758837\" class=\"page-header-wrapper\">\n  <div class=\"page-title dark featured-title\">\n\n        <div class=\"page-title-bg\">\n      <div class=\"title-bg fill bg-fill\"\n        data-parallax-container=\".page-title\"\n        data-parallax-background\n        data-parallax=\"-\">\n      <\/div>\n      <div class=\"title-overlay fill\"><\/div>\n    <\/div>\n    \n    <div class=\"page-title-inner container align-center text-center flex-row-col medium-flex-wrap\" >\n              <div class=\"title-wrapper is-xxlarge flex-col\">\n          <h1 class=\"entry-title mb-0\">\n            \u041f\u043e\u043b\u0438\u0442\u0438\u043a\u0430 \u043a\u043e\u043d\u0444\u0438\u0434\u0435\u043d\u0446\u0438\u0430\u043b\u044c\u043d\u043e\u0441\u0442\u0438          <\/h1>\n        <\/div>\n                    <div class=\"title-content flex-col\">\n              <\/div>\n    <\/div>\n\n     \n<style>\n#page-header-1148758837 .page-title-inner {\n  min-height: 200px;\n}\n#page-header-1148758837 .title-bg {\n  background-image: url(https:\/\/florika.lt\/wp-content\/uploads\/2019\/03\/florika-1.jpg);\n}\n<\/style>\n  <\/div>\n    <\/div>\n  \r\n\r\n\t<div id=\"gap-1429708688\" class=\"gap-element clearfix\" style=\"display:block; height:auto;\">\n\t\t\n<style>\n#gap-1429708688 {\n  padding-top: 60px;\n}\n<\/style>\n\t<\/div>\n\t\n<div class=\"row\"  id=\"row-2049508985\">\n\n\t<div id=\"col-673473055\" class=\"col small-12 large-12\"  >\n\t\t\t\t<div class=\"col-inner\"  >\n\t\t\t\n\t\t\t\n<h1>Kokia informacija apie jus yra renkama \u0161iame puslapyje ir kam ji naudojama?<\/h1>\n<p><strong>Slapukai<\/strong><\/p>\n<p>Slapukai \u2013 tai ma\u017eos tekstin\u0117s rinkmenos, kurias internetin\u0117 svetain\u0117, kurioje lankot\u0117s, \u012fra\u0161o j\u016bs\u0173 naudojamoje nar\u0161ykl\u0117je. Slapukai, \u0161iame internetiniame puslapyje, naudojami nar\u0161ytoj\u0173 patir\u010diai pagerinti ir palengvinti. J\u0173 pagalba, \u012fsimenami vartotoj\u0173 veiksmai, rodoma aktualesn\u0117 informacija.<\/p>\n<p>\u0160iame internetiniame puslapyje \u012fdiegtas \u201eGoogle Analytics\u201c kodas, svetain\u0117s lankomumui analizuoti. Google Analytics generuoja statistin\u0119 ir kit\u0105 informacij\u0105 apie svetain\u0117s lankomum\u0105, naudodamas slapukus. \u0160i\u0105 informacij\u0105 renka ir u\u017e jos saugojim\u0105 atsako \u201eGoogle\u201c. \u201eGoogle\u201c privatumo politika prieinama \u010dia: <a href=\"http:\/\/www.google.com\/privacypolicy.html\" target=\"_blank\" rel=\"noopener\">www.google.com\/privacypolicy.html<\/a>.<\/p>\n<p>Dauguma nar\u0161ykli\u0173 leid\u017eia nepriimti joki\u0173 slapuk\u0173 (\u0161io pasirinkimo ie\u0161kokite savo nar\u0161ykl\u0117s nustatymuose), tam tikros nar\u0161ykl\u0117s leid\u017eia Jums nepriimti tik tre\u010di\u0173j\u0173 \u0161ali\u0173 slapuk\u0173. Pavyzd\u017eiui, Internet Explorer nar\u0161ykl\u0117je galite atsisakyti vis\u0173 slapuk\u0173 spausdami \u201eTools\u201c &gt; \u201eInternet Options\u201c &gt; \u201ePrivacy\u201c ir pasirinkdami \u201eBlock all cookies\u201c (tai daroma paslenkant perjungikl\u012f). Vis\u0173 slapuk\u0173 blokavimas tur\u0117s neigiam\u0105 \u012ftak\u0105 galimybei naudotis daugeliu interneto svetaini\u0173, \u012fskaitant ir \u0161i\u0105.<\/p>\n<p><strong>Facebook Pixel <\/strong><\/p>\n<p>\u0160iame internetiniame puslapyje \u012fdiegtas Facebook Pixel kodas. Jis skirtas matuoti Facebook reklamos efektyvum\u0105 ir rodyti vartotojui aktuali\u0105 reklam\u0105 ateityje. Daugiau apie Facebook Pixel veikimo principus galite su\u017einoti: <a href=\"https:\/\/www.facebook.com\/business\/help\/742478679120153\" target=\"_blank\" rel=\"noopener\">https:\/\/www.facebook.com\/business\/help\/742478679120153<\/a><\/p>\n<p><strong>Komentarai<\/strong><\/p>\n<p>Kai paliekate komentar\u0105, yra renkami J\u016bs\u0173 duomenis, kuriuos matote u\u017epildydami komentaro form\u0105 bei i\u0161saugomas IP adresas, kuriuo naudojat\u0117s ra\u0161ydami komentar\u0105. \u0160ie duomenys yra naudojami apsaugoti komentarus nuo nepageidaujamo turinio, \u0161lam\u0161to.<\/p>\n<p><strong>Susisiekimo formos<\/strong><\/p>\n<p>Duomenys, kuriuos pateiksite susisiekimo formose bus naudojami, norint su Jumis susisiekti, pageidaujama tema. \u0160ie duomenys n\u0117ra saugojami duomen\u0173 baz\u0117se ir nebus panaudoti rinkodaros tikslais ar perduoti tretiesiems asmenims.<\/p>\n<p><strong>Politikos pakeitimai<\/strong><\/p>\n<p>\u0160ie politikos nuostatai gali kisti. Nauj\u0105 politikos versij\u0105 pateiksime \u0161ioje svetain\u0117je.\u00a0<\/p>\n<p><strong>Tre\u010di\u0173j\u0173 \u0161ali\u0173 interneto svetain\u0117s<\/strong><\/p>\n<p>\u0160ioje interneto svetain\u0117je gali b\u016bti nuorod\u0173 \u012f kitas interneto svetaines. Mes nesame atsakingi u\u017e tre\u010di\u0173j\u0173 \u0161ali\u0173 interneto svetaini\u0173 privatumo politikas ar praktikas.<\/p>\n\t\t<\/div>\n\t\t\t\t\t<\/div>\n\n\t\n<\/div>\n","protected":false},"excerpt":{"rendered":"","protected":false},"author":361,"featured_media":0,"parent":0,"menu_order":0,"comment_status":"closed","ping_status":"closed","template":"page-blank.php","meta":{"footnotes":""},"class_list":["post-10277","page","type-page","status-publish","hentry"],"_links":{"self":[{"href":"https:\/\/florika.lt\/ru\/wp-json\/wp\/v2\/pages\/10277","targetHints":{"allow":["GET"]}}],"collection":[{"href":"https:\/\/florika.lt\/ru\/wp-json\/wp\/v2\/pages"}],"about":[{"href":"https:\/\/florika.lt\/ru\/wp-json\/wp\/v2\/types\/page"}],"author":[{"embeddable":true,"href":"https:\/\/florika.lt\/ru\/wp-json\/wp\/v2\/users\/361"}],"replies":[{"embeddable":true,"href":"https:\/\/florika.lt\/ru\/wp-json\/wp\/v2\/comments?post=10277"}],"version-history":[{"count":0,"href":"https:\/\/florika.lt\/ru\/wp-json\/wp\/v2\/pages\/10277\/revisions"}],"wp:attachment":[{"href":"https:\/\/florika.lt\/ru\/wp-json\/wp\/v2\/media?parent=10277"}],"curies":[{"name":"wp","href":"https:\/\/api.w.org\/{rel}","templated":true}]}}