{"id":40684,"date":"2026-05-14T10:29:32","date_gmt":"2026-05-14T07:29:32","guid":{"rendered":"https:\/\/florika.lt\/preke\/soy-wax-candle-friendship\/"},"modified":"2026-05-14T10:46:06","modified_gmt":"2026-05-14T07:46:06","slug":"soy-wax-candle-friendship","status":"publish","type":"product","link":"https:\/\/florika.lt\/en\/product\/soy-wax-candle-friendship\/","title":{"rendered":"Soy wax candle ,,Friendship&#8221;"},"content":{"rendered":"<p>Natural soy wax candles will fill your home with warmth and cosiness. The scent of Feather Sky is a delicate blend of bergamot and tangerine, leading to an exquisite floral scent of jasmine, freesia, amber, patchouli and vanilla. Burning time 40 hours.  <\/p>\n<p>We will deliver the soy wax candle with flowers of your choice throughout the Klaip\u0117da region, including Palanga, Kretinga, Garg\u017edai, \u0160ilut\u0117, Darb\u0117nai.<\/p>\n","protected":false},"excerpt":{"rendered":"<p>Natural soy wax candles will fill your home with warmth and cosiness. The scent of Feather Sky is a delicate blend of bergamot and tangerine, leading to an exquisite floral scent of jasmine, freesia, amber, patchouli and vanilla. Burning time 40 hours.  <\/p>\n<p>We will deliver the soy wax candle with flowers of your choice throughout the Klaip\u0117da region, including Palanga, Kretinga, Garg\u017edai, \u0160ilut\u0117, Darb\u0117nai.<\/p>\n","protected":false},"featured_media":40658,"comment_status":"closed","ping_status":"closed","template":"","meta":[],"product_brand":[],"product_cat":[141],"product_tag":[],"class_list":{"0":"post-40684","1":"product","2":"type-product","3":"status-publish","4":"has-post-thumbnail","6":"product_cat-gifts","8":"first","9":"instock","10":"shipping-taxable","11":"purchasable","12":"product-type-simple"},"_links":{"self":[{"href":"https:\/\/florika.lt\/en\/wp-json\/wp\/v2\/product\/40684","targetHints":{"allow":["GET"]}}],"collection":[{"href":"https:\/\/florika.lt\/en\/wp-json\/wp\/v2\/product"}],"about":[{"href":"https:\/\/florika.lt\/en\/wp-json\/wp\/v2\/types\/product"}],"replies":[{"embeddable":true,"href":"https:\/\/florika.lt\/en\/wp-json\/wp\/v2\/comments?post=40684"}],"wp:featuredmedia":[{"embeddable":true,"href":"https:\/\/florika.lt\/en\/wp-json\/wp\/v2\/media\/40658"}],"wp:attachment":[{"href":"https:\/\/florika.lt\/en\/wp-json\/wp\/v2\/media?parent=40684"}],"wp:term":[{"taxonomy":"product_brand","embeddable":true,"href":"https:\/\/florika.lt\/en\/wp-json\/wp\/v2\/product_brand?post=40684"},{"taxonomy":"product_cat","embeddable":true,"href":"https:\/\/florika.lt\/en\/wp-json\/wp\/v2\/product_cat?post=40684"},{"taxonomy":"product_tag","embeddable":true,"href":"https:\/\/florika.lt\/en\/wp-json\/wp\/v2\/product_tag?post=40684"}],"curies":[{"name":"wp","href":"https:\/\/api.w.org\/{rel}","templated":true}]}}