{"id":40681,"date":"2026-05-14T10:42:19","date_gmt":"2026-05-14T07:42:19","guid":{"rendered":"https:\/\/florika.lt\/preke\/soy-wax-candle-thank-you\/"},"modified":"2026-05-14T10:44:43","modified_gmt":"2026-05-14T07:44:43","slug":"soy-wax-candle-thank-you","status":"publish","type":"product","link":"https:\/\/florika.lt\/en\/product\/soy-wax-candle-thank-you\/","title":{"rendered":"Soy wax candle &#8220;THANK YOU&#8221;"},"content":{"rendered":"<p>A candle is not just fire and wax. It is part of human life. An emotion. An emotion. Peace.     Feather Sky has subtle notes of bergamot and tangerine leading to an exquisite floral accord of jasmine, freesia, amber, patchouli and vanilla. Burning time 40 hours. <\/p>\n<p>We will deliver the soy wax candle with flowers of your choice throughout the Klaip\u0117da region, including Palanga, Kretinga, Garg\u017edai, \u0160ilut\u0117, Darb\u0117nai.<\/p>\n","protected":false},"excerpt":{"rendered":"<p>A candle is not just fire and wax. It is part of human life. An emotion. An emotion. Peace. Feather Sky fragrance is a delicate blend of bergamot and mandarin, leading to a distinctive floral scent of jasmine, freesia, amber, patchouli and vanilla. Burning time 40 hours.      <\/p>\n<p>We will deliver the soy wax candle with flowers of your choice throughout the Klaip\u0117da region, including Palanga, Kretinga, Garg\u017edai, \u0160ilut\u0117, Darb\u0117nai.<\/p>\n","protected":false},"featured_media":40661,"comment_status":"closed","ping_status":"closed","template":"","meta":[],"product_brand":[],"product_cat":[141],"product_tag":[],"class_list":{"0":"post-40681","1":"product","2":"type-product","3":"status-publish","4":"has-post-thumbnail","6":"product_cat-gifts","8":"first","9":"instock","10":"shipping-taxable","11":"purchasable","12":"product-type-simple"},"_links":{"self":[{"href":"https:\/\/florika.lt\/en\/wp-json\/wp\/v2\/product\/40681","targetHints":{"allow":["GET"]}}],"collection":[{"href":"https:\/\/florika.lt\/en\/wp-json\/wp\/v2\/product"}],"about":[{"href":"https:\/\/florika.lt\/en\/wp-json\/wp\/v2\/types\/product"}],"replies":[{"embeddable":true,"href":"https:\/\/florika.lt\/en\/wp-json\/wp\/v2\/comments?post=40681"}],"wp:featuredmedia":[{"embeddable":true,"href":"https:\/\/florika.lt\/en\/wp-json\/wp\/v2\/media\/40661"}],"wp:attachment":[{"href":"https:\/\/florika.lt\/en\/wp-json\/wp\/v2\/media?parent=40681"}],"wp:term":[{"taxonomy":"product_brand","embeddable":true,"href":"https:\/\/florika.lt\/en\/wp-json\/wp\/v2\/product_brand?post=40681"},{"taxonomy":"product_cat","embeddable":true,"href":"https:\/\/florika.lt\/en\/wp-json\/wp\/v2\/product_cat?post=40681"},{"taxonomy":"product_tag","embeddable":true,"href":"https:\/\/florika.lt\/en\/wp-json\/wp\/v2\/product_tag?post=40681"}],"curies":[{"name":"wp","href":"https:\/\/api.w.org\/{rel}","templated":true}]}}