{"id":39885,"date":"2026-04-17T12:02:23","date_gmt":"2026-04-17T09:02:23","guid":{"rendered":"https:\/\/florika.lt\/preke\/soy-wax-candle-mum-says-mum-knows\/"},"modified":"2026-04-17T12:09:12","modified_gmt":"2026-04-17T09:09:12","slug":"soy-wax-candle-mum-says-mum-knows","status":"publish","type":"product","link":"https:\/\/florika.lt\/en\/product\/soy-wax-candle-mum-says-mum-knows\/","title":{"rendered":"Soy wax candle &#8220;Mum says, Mum knows&#8221;"},"content":{"rendered":"<p>A candle is not just fire and wax. It&#8217;s part of human life. An emotion. An emotion. Peace.    <\/p>\n<p>Natural soy wax candles will fill your home with warmth and cosiness. The scent of Feather Sky is a delicate blend of bergamot and tangerine, leading to an exquisite floral scent of jasmine, freesia, amber, patchouli and vanilla. Burning time 40 hours.  <\/p>\n<p>We will deliver the soy wax candle with flowers of your choice throughout the Klaip\u0117da region, including Palanga, Kretinga, Garg\u017edai, \u0160ilut\u0117, Darb\u0117nai.<\/p>\n","protected":false},"excerpt":{"rendered":"<p>A candle is not just fire and wax. It is part of human life. An emotion. An emotion. Peace.    <\/p>\n<p>Natural soy wax candles will fill your home with warmth and cosiness. The scent of Feather Sky is a delicate blend of bergamot and tangerine, leading to an exquisite floral scent of jasmine, freesia, amber, patchouli and vanilla. Burning time 40 hours.  <\/p>\n<p>We will deliver the soy wax candle with flowers of your choice throughout the Klaip\u0117da region, including Palanga, Kretinga, Garg\u017edai, \u0160ilut\u0117, Darb\u0117nai.<\/p>\n","protected":false},"featured_media":39915,"comment_status":"closed","ping_status":"closed","template":"","meta":[],"product_brand":[],"product_cat":[141,144],"product_tag":[],"class_list":{"0":"post-39885","1":"product","2":"type-product","3":"status-publish","4":"has-post-thumbnail","6":"product_cat-gifts","7":"product_cat-mothers-day","9":"first","10":"instock","11":"shipping-taxable","12":"purchasable","13":"product-type-simple"},"_links":{"self":[{"href":"https:\/\/florika.lt\/en\/wp-json\/wp\/v2\/product\/39885","targetHints":{"allow":["GET"]}}],"collection":[{"href":"https:\/\/florika.lt\/en\/wp-json\/wp\/v2\/product"}],"about":[{"href":"https:\/\/florika.lt\/en\/wp-json\/wp\/v2\/types\/product"}],"replies":[{"embeddable":true,"href":"https:\/\/florika.lt\/en\/wp-json\/wp\/v2\/comments?post=39885"}],"wp:featuredmedia":[{"embeddable":true,"href":"https:\/\/florika.lt\/en\/wp-json\/wp\/v2\/media\/39915"}],"wp:attachment":[{"href":"https:\/\/florika.lt\/en\/wp-json\/wp\/v2\/media?parent=39885"}],"wp:term":[{"taxonomy":"product_brand","embeddable":true,"href":"https:\/\/florika.lt\/en\/wp-json\/wp\/v2\/product_brand?post=39885"},{"taxonomy":"product_cat","embeddable":true,"href":"https:\/\/florika.lt\/en\/wp-json\/wp\/v2\/product_cat?post=39885"},{"taxonomy":"product_tag","embeddable":true,"href":"https:\/\/florika.lt\/en\/wp-json\/wp\/v2\/product_tag?post=39885"}],"curies":[{"name":"wp","href":"https:\/\/api.w.org\/{rel}","templated":true}]}}