{"id":39576,"date":"2026-03-27T12:30:10","date_gmt":"2026-03-27T10:30:10","guid":{"rendered":"https:\/\/florika.lt\/preke\/composition-with-jacinths-in-a-decorative-ceramic-trough\/"},"modified":"2026-03-27T12:43:10","modified_gmt":"2026-03-27T10:43:10","slug":"composition-with-jacinths-in-a-decorative-ceramic-trough","status":"publish","type":"product","link":"https:\/\/florika.lt\/en\/product\/composition-with-jacinths-in-a-decorative-ceramic-trough\/","title":{"rendered":"Composition with jacinths in a decorative ceramic trough"},"content":{"rendered":"<p>The composition features jacinths, which, as they grow and spread, give off a wonderful spring fragrance.<\/p>\n<p>We will deliver the composition with jacinths in an ornate ceramic trough throughout the Klaip\u0117da region, including Palanga, Kretinga, Garg\u017edai, \u0160ilut\u0117, Darb\u0117nai.<\/p>\n","protected":false},"excerpt":{"rendered":"<p>The composition features jacinths, which, as they grow and spread, give off a wonderful spring fragrance.<\/p>\n<p>We will deliver the composition with jacinths in an ornate ceramic trough throughout the Klaip\u0117da region, including Palanga, Kretinga, Garg\u017edai, \u0160ilut\u0117, Darb\u0117nai.<\/p>\n","protected":false},"featured_media":39556,"comment_status":"closed","ping_status":"closed","template":"","meta":[],"product_brand":[],"product_cat":[179,150,149],"product_tag":[],"class_list":{"0":"post-39576","1":"product","2":"type-product","3":"status-publish","4":"has-post-thumbnail","6":"product_cat-eastern","7":"product_cat-flowerpots","8":"product_cat-uncategorized-en","10":"first","11":"instock","12":"shipping-taxable","13":"purchasable","14":"product-type-simple"},"_links":{"self":[{"href":"https:\/\/florika.lt\/en\/wp-json\/wp\/v2\/product\/39576","targetHints":{"allow":["GET"]}}],"collection":[{"href":"https:\/\/florika.lt\/en\/wp-json\/wp\/v2\/product"}],"about":[{"href":"https:\/\/florika.lt\/en\/wp-json\/wp\/v2\/types\/product"}],"replies":[{"embeddable":true,"href":"https:\/\/florika.lt\/en\/wp-json\/wp\/v2\/comments?post=39576"}],"wp:featuredmedia":[{"embeddable":true,"href":"https:\/\/florika.lt\/en\/wp-json\/wp\/v2\/media\/39556"}],"wp:attachment":[{"href":"https:\/\/florika.lt\/en\/wp-json\/wp\/v2\/media?parent=39576"}],"wp:term":[{"taxonomy":"product_brand","embeddable":true,"href":"https:\/\/florika.lt\/en\/wp-json\/wp\/v2\/product_brand?post=39576"},{"taxonomy":"product_cat","embeddable":true,"href":"https:\/\/florika.lt\/en\/wp-json\/wp\/v2\/product_cat?post=39576"},{"taxonomy":"product_tag","embeddable":true,"href":"https:\/\/florika.lt\/en\/wp-json\/wp\/v2\/product_tag?post=39576"}],"curies":[{"name":"wp","href":"https:\/\/api.w.org\/{rel}","templated":true}]}}