{"id":39573,"date":"2026-03-27T12:25:24","date_gmt":"2026-03-27T10:25:24","guid":{"rendered":"https:\/\/florika.lt\/preke\/easter-interior-composition\/"},"modified":"2026-03-27T12:37:24","modified_gmt":"2026-03-27T10:37:24","slug":"easter-interior-composition","status":"publish","type":"product","link":"https:\/\/florika.lt\/en\/product\/easter-interior-composition\/","title":{"rendered":"Easter interior composition"},"content":{"rendered":"<p>Easter interior composition created in a basket of daffodils, jacinths, which remind us of the coming holidays.<\/p>\n<p>Easter interior composition will be delivered in the whole Klaip\u0117da region, including Palanga, Kretinga, Garg\u017edai, \u0160ilut\u0117, Darb\u0117nai.<\/p>\n","protected":false},"excerpt":{"rendered":"<p>Easter interior composition created in a basket of daffodils, jacinths, which remind us of the coming holidays.<\/p>\n<p>Easter interior composition will be delivered in the whole Klaip\u0117da region, including Palanga, Kretinga, Garg\u017edai, \u0160ilut\u0117, Darb\u0117nai.<\/p>\n","protected":false},"featured_media":39535,"comment_status":"closed","ping_status":"closed","template":"","meta":[],"product_brand":[],"product_cat":[179,150,149],"product_tag":[],"class_list":{"0":"post-39573","1":"product","2":"type-product","3":"status-publish","4":"has-post-thumbnail","6":"product_cat-eastern","7":"product_cat-flowerpots","8":"product_cat-uncategorized-en","10":"first","11":"instock","12":"shipping-taxable","13":"purchasable","14":"product-type-simple"},"_links":{"self":[{"href":"https:\/\/florika.lt\/en\/wp-json\/wp\/v2\/product\/39573","targetHints":{"allow":["GET"]}}],"collection":[{"href":"https:\/\/florika.lt\/en\/wp-json\/wp\/v2\/product"}],"about":[{"href":"https:\/\/florika.lt\/en\/wp-json\/wp\/v2\/types\/product"}],"replies":[{"embeddable":true,"href":"https:\/\/florika.lt\/en\/wp-json\/wp\/v2\/comments?post=39573"}],"wp:featuredmedia":[{"embeddable":true,"href":"https:\/\/florika.lt\/en\/wp-json\/wp\/v2\/media\/39535"}],"wp:attachment":[{"href":"https:\/\/florika.lt\/en\/wp-json\/wp\/v2\/media?parent=39573"}],"wp:term":[{"taxonomy":"product_brand","embeddable":true,"href":"https:\/\/florika.lt\/en\/wp-json\/wp\/v2\/product_brand?post=39573"},{"taxonomy":"product_cat","embeddable":true,"href":"https:\/\/florika.lt\/en\/wp-json\/wp\/v2\/product_cat?post=39573"},{"taxonomy":"product_tag","embeddable":true,"href":"https:\/\/florika.lt\/en\/wp-json\/wp\/v2\/product_tag?post=39573"}],"curies":[{"name":"wp","href":"https:\/\/api.w.org\/{rel}","templated":true}]}}