{"id":39571,"date":"2026-03-27T12:21:25","date_gmt":"2026-03-27T10:21:25","guid":{"rendered":"https:\/\/florika.lt\/preke\/spring-composition-in-a-ceramic-trough\/"},"modified":"2026-03-27T12:36:48","modified_gmt":"2026-03-27T10:36:48","slug":"spring-composition-in-a-ceramic-trough","status":"publish","type":"product","link":"https:\/\/florika.lt\/en\/product\/spring-composition-in-a-ceramic-trough\/","title":{"rendered":"Spring composition in a ceramic trough"},"content":{"rendered":"<p>A spring composition in a ceramic trough made of spring bulbs. The ornate branches of kittens create a playful and festive mood. The spring composition in a ceramic trough is perfect to welcome a loved one or to decorate your home.  <\/p>\n<p>We will present the spring composition in a ceramic trough in the whole Klaip\u0117da region, including Palanga, Kretinga, Garg\u017edai, \u0160ilut\u0117 and Darb\u0117nai.<\/p>\n","protected":false},"excerpt":{"rendered":"<p>A spring composition in a ceramic trough made of spring bulbs. The ornate branches of kittens create a playful and festive mood. The spring composition in a ceramic trough is perfect to welcome a loved one or to decorate your home.  <\/p>\n<p>We will present the spring composition in a ceramic trough in the whole Klaip\u0117da region, including Palanga, Kretinga, Garg\u017edai, \u0160ilut\u0117 and Darb\u0117nai.<\/p>\n","protected":false},"featured_media":39547,"comment_status":"closed","ping_status":"closed","template":"","meta":[],"product_brand":[],"product_cat":[179,150,149],"product_tag":[],"class_list":{"0":"post-39571","1":"product","2":"type-product","3":"status-publish","4":"has-post-thumbnail","6":"product_cat-eastern","7":"product_cat-flowerpots","8":"product_cat-uncategorized-en","10":"first","11":"instock","12":"shipping-taxable","13":"purchasable","14":"product-type-simple"},"_links":{"self":[{"href":"https:\/\/florika.lt\/en\/wp-json\/wp\/v2\/product\/39571","targetHints":{"allow":["GET"]}}],"collection":[{"href":"https:\/\/florika.lt\/en\/wp-json\/wp\/v2\/product"}],"about":[{"href":"https:\/\/florika.lt\/en\/wp-json\/wp\/v2\/types\/product"}],"replies":[{"embeddable":true,"href":"https:\/\/florika.lt\/en\/wp-json\/wp\/v2\/comments?post=39571"}],"wp:featuredmedia":[{"embeddable":true,"href":"https:\/\/florika.lt\/en\/wp-json\/wp\/v2\/media\/39547"}],"wp:attachment":[{"href":"https:\/\/florika.lt\/en\/wp-json\/wp\/v2\/media?parent=39571"}],"wp:term":[{"taxonomy":"product_brand","embeddable":true,"href":"https:\/\/florika.lt\/en\/wp-json\/wp\/v2\/product_brand?post=39571"},{"taxonomy":"product_cat","embeddable":true,"href":"https:\/\/florika.lt\/en\/wp-json\/wp\/v2\/product_cat?post=39571"},{"taxonomy":"product_tag","embeddable":true,"href":"https:\/\/florika.lt\/en\/wp-json\/wp\/v2\/product_tag?post=39571"}],"curies":[{"name":"wp","href":"https:\/\/api.w.org\/{rel}","templated":true}]}}