{"id":39568,"date":"2026-03-27T12:08:23","date_gmt":"2026-03-27T10:08:23","guid":{"rendered":"https:\/\/florika.lt\/preke\/spring-easter-table-decoration\/"},"modified":"2026-03-27T12:35:33","modified_gmt":"2026-03-27T10:35:33","slug":"spring-easter-table-decoration","status":"publish","type":"product","link":"https:\/\/florika.lt\/en\/product\/spring-easter-table-decoration\/","title":{"rendered":"Spring &#8211; Easter table decoration"},"content":{"rendered":"<p>This Spring-Easter table arrangement will decorate your festive table, creating a cosy and uplifting mood.<\/p>\n<p>We will present the spring &#8211; Easter table decoration in Klaip\u0117da, the whole Klaip\u0117da region and even in \u0160ilut\u0117.<\/p>\n","protected":false},"excerpt":{"rendered":"<p>This Spring-Easter table arrangement will decorate your festive table, creating a cosy and uplifting mood.<\/p>\n<p>We will present the spring &#8211; Easter table decoration in Klaip\u0117da, the whole Klaip\u0117da region and even in \u0160ilut\u0117.<\/p>\n","protected":false},"featured_media":39526,"comment_status":"closed","ping_status":"closed","template":"","meta":[],"product_brand":[],"product_cat":[179,150,149],"product_tag":[],"class_list":{"0":"post-39568","1":"product","2":"type-product","3":"status-publish","4":"has-post-thumbnail","6":"product_cat-eastern","7":"product_cat-flowerpots","8":"product_cat-uncategorized-en","10":"first","11":"instock","12":"shipping-taxable","13":"purchasable","14":"product-type-simple"},"_links":{"self":[{"href":"https:\/\/florika.lt\/en\/wp-json\/wp\/v2\/product\/39568","targetHints":{"allow":["GET"]}}],"collection":[{"href":"https:\/\/florika.lt\/en\/wp-json\/wp\/v2\/product"}],"about":[{"href":"https:\/\/florika.lt\/en\/wp-json\/wp\/v2\/types\/product"}],"replies":[{"embeddable":true,"href":"https:\/\/florika.lt\/en\/wp-json\/wp\/v2\/comments?post=39568"}],"wp:featuredmedia":[{"embeddable":true,"href":"https:\/\/florika.lt\/en\/wp-json\/wp\/v2\/media\/39526"}],"wp:attachment":[{"href":"https:\/\/florika.lt\/en\/wp-json\/wp\/v2\/media?parent=39568"}],"wp:term":[{"taxonomy":"product_brand","embeddable":true,"href":"https:\/\/florika.lt\/en\/wp-json\/wp\/v2\/product_brand?post=39568"},{"taxonomy":"product_cat","embeddable":true,"href":"https:\/\/florika.lt\/en\/wp-json\/wp\/v2\/product_cat?post=39568"},{"taxonomy":"product_tag","embeddable":true,"href":"https:\/\/florika.lt\/en\/wp-json\/wp\/v2\/product_tag?post=39568"}],"curies":[{"name":"wp","href":"https:\/\/api.w.org\/{rel}","templated":true}]}}