{"id":39566,"date":"2026-03-27T12:01:48","date_gmt":"2026-03-27T10:01:48","guid":{"rendered":"https:\/\/florika.lt\/preke\/bouquet-rising-spring\/"},"modified":"2026-03-27T12:34:52","modified_gmt":"2026-03-27T10:34:52","slug":"bouquet-rising-spring","status":"publish","type":"product","link":"https:\/\/florika.lt\/en\/product\/bouquet-rising-spring\/","title":{"rendered":"Bouquet Rising Spring"},"content":{"rendered":"<p>Spring Colours Bouquet Spring Blossom is made from the most beautiful spring flowers. Tulips, daffodils and other blossoms remind us of the arrival of spring and Easter.  <\/p>\n<p>We will deliver the Bundantis pavasaris bouquet in the whole Klaip\u0117da region, including Palanga, Kretinga, Garg\u017edai, \u0160ilut\u0117 and Darb\u0117nai.<\/p>\n","protected":false},"excerpt":{"rendered":"<p>Spring Colours Bouquet Spring Blossom is made from the most beautiful spring flowers. Tulips, daffodils and other blossoms remind us of the arrival of spring and Easter.  <\/p>\n<p>We will deliver the Bundantis pavasaris bouquet in the whole Klaip\u0117da region, including Palanga, Kretinga, Garg\u017edai, \u0160ilut\u0117 and Darb\u0117nai.<\/p>\n","protected":false},"featured_media":39517,"comment_status":"closed","ping_status":"closed","template":"","meta":[],"product_brand":[],"product_cat":[179,229,144,149],"product_tag":[],"class_list":{"0":"post-39566","1":"product","2":"type-product","3":"status-publish","4":"has-post-thumbnail","6":"product_cat-eastern","7":"product_cat-flower-bunches","8":"product_cat-mothers-day","9":"product_cat-uncategorized-en","11":"first","12":"instock","13":"shipping-taxable","14":"purchasable","15":"product-type-simple"},"_links":{"self":[{"href":"https:\/\/florika.lt\/en\/wp-json\/wp\/v2\/product\/39566","targetHints":{"allow":["GET"]}}],"collection":[{"href":"https:\/\/florika.lt\/en\/wp-json\/wp\/v2\/product"}],"about":[{"href":"https:\/\/florika.lt\/en\/wp-json\/wp\/v2\/types\/product"}],"replies":[{"embeddable":true,"href":"https:\/\/florika.lt\/en\/wp-json\/wp\/v2\/comments?post=39566"}],"wp:featuredmedia":[{"embeddable":true,"href":"https:\/\/florika.lt\/en\/wp-json\/wp\/v2\/media\/39517"}],"wp:attachment":[{"href":"https:\/\/florika.lt\/en\/wp-json\/wp\/v2\/media?parent=39566"}],"wp:term":[{"taxonomy":"product_brand","embeddable":true,"href":"https:\/\/florika.lt\/en\/wp-json\/wp\/v2\/product_brand?post=39566"},{"taxonomy":"product_cat","embeddable":true,"href":"https:\/\/florika.lt\/en\/wp-json\/wp\/v2\/product_cat?post=39566"},{"taxonomy":"product_tag","embeddable":true,"href":"https:\/\/florika.lt\/en\/wp-json\/wp\/v2\/product_tag?post=39566"}],"curies":[{"name":"wp","href":"https:\/\/api.w.org\/{rel}","templated":true}]}}