{"id":38766,"date":"2026-03-04T12:21:21","date_gmt":"2026-03-04T10:21:21","guid":{"rendered":"https:\/\/florika.lt\/preke\/flower-box-spring\/"},"modified":"2026-03-27T11:05:27","modified_gmt":"2026-03-27T09:05:27","slug":"flower-box-spring","status":"publish","type":"product","link":"https:\/\/florika.lt\/en\/product\/flower-box-spring\/","title":{"rendered":"Flower box &#8220;Spring&#8221;"},"content":{"rendered":"<p>The Spring flower box is a velour box filled with the most beautiful spring flowers &#8211; mimosa and tulips. The Spring flower box is the perfect way to congratulate a loved one on the occasion of spring. <\/p>\n<p>We will deliver flowers throughout the Klaip\u0117da region, including Palanga, Kretinga, Garg\u017edai, \u0160ilut\u0117 and Darb\u0117nai.<\/p>\n","protected":false},"excerpt":{"rendered":"<p>The Spring flower box is a velour box filled with the most beautiful spring flowers &#8211; mimosa and tulips. The Spring flower box is the perfect way to congratulate a loved one on the occasion of spring. <\/p>\n<p>We will deliver flowers throughout the Klaip\u0117da region, including Palanga, Kretinga, Garg\u017edai, \u0160ilut\u0117 and Darb\u0117nai.<\/p>\n","protected":false},"featured_media":38607,"comment_status":"closed","ping_status":"closed","template":"","meta":[],"product_brand":[],"product_cat":[179,142,164,144,149],"product_tag":[],"class_list":{"0":"post-38766","1":"product","2":"type-product","3":"status-publish","4":"has-post-thumbnail","6":"product_cat-eastern","7":"product_cat-flowers-in-a-box","8":"product_cat-for-march-8th","9":"product_cat-mothers-day","10":"product_cat-uncategorized-en","12":"first","13":"outofstock","14":"shipping-taxable","15":"purchasable","16":"product-type-simple"},"_links":{"self":[{"href":"https:\/\/florika.lt\/en\/wp-json\/wp\/v2\/product\/38766","targetHints":{"allow":["GET"]}}],"collection":[{"href":"https:\/\/florika.lt\/en\/wp-json\/wp\/v2\/product"}],"about":[{"href":"https:\/\/florika.lt\/en\/wp-json\/wp\/v2\/types\/product"}],"replies":[{"embeddable":true,"href":"https:\/\/florika.lt\/en\/wp-json\/wp\/v2\/comments?post=38766"}],"wp:featuredmedia":[{"embeddable":true,"href":"https:\/\/florika.lt\/en\/wp-json\/wp\/v2\/media\/38607"}],"wp:attachment":[{"href":"https:\/\/florika.lt\/en\/wp-json\/wp\/v2\/media?parent=38766"}],"wp:term":[{"taxonomy":"product_brand","embeddable":true,"href":"https:\/\/florika.lt\/en\/wp-json\/wp\/v2\/product_brand?post=38766"},{"taxonomy":"product_cat","embeddable":true,"href":"https:\/\/florika.lt\/en\/wp-json\/wp\/v2\/product_cat?post=38766"},{"taxonomy":"product_tag","embeddable":true,"href":"https:\/\/florika.lt\/en\/wp-json\/wp\/v2\/product_tag?post=38766"}],"curies":[{"name":"wp","href":"https:\/\/api.w.org\/{rel}","templated":true}]}}