{"id":38764,"date":"2026-03-04T12:32:13","date_gmt":"2026-03-04T10:32:13","guid":{"rendered":"https:\/\/florika.lt\/preke\/flower-box-passion\/"},"modified":"2026-03-27T11:04:54","modified_gmt":"2026-03-27T09:04:54","slug":"flower-box-passion","status":"publish","type":"product","link":"https:\/\/florika.lt\/en\/product\/flower-box-passion\/","title":{"rendered":"Flower box &#8220;Passion&#8221;"},"content":{"rendered":"<p>The &#8220;Passion&#8221; flower box is a box with red tulips decorated with eucalyptus branches. The &#8220;Passion&#8221; flower box is the perfect way to greet a loved one on the occasion of spring. <\/p>\n<p>We will deliver flowers throughout the Klaip\u0117da region, including Palanga, Kretinga, Garg\u017edai, \u0160ilut\u0117 and Darb\u0117nai.<\/p>\n","protected":false},"excerpt":{"rendered":"<p>The &#8220;Passion&#8221; flower box is a box with red tulips decorated with eucalyptus branches. The &#8220;Passion&#8221; flower box is the perfect way to greet a loved one on the occasion of spring. <\/p>\n<p>We will deliver flowers throughout the Klaip\u0117da region, including Palanga, Kretinga, Garg\u017edai, \u0160ilut\u0117 and Darb\u0117nai.<\/p>\n","protected":false},"featured_media":38619,"comment_status":"closed","ping_status":"closed","template":"","meta":[],"product_brand":[],"product_cat":[179,142,164,144],"product_tag":[],"class_list":{"0":"post-38764","1":"product","2":"type-product","3":"status-publish","4":"has-post-thumbnail","6":"product_cat-eastern","7":"product_cat-flowers-in-a-box","8":"product_cat-for-march-8th","9":"product_cat-mothers-day","11":"first","12":"instock","13":"shipping-taxable","14":"purchasable","15":"product-type-simple"},"_links":{"self":[{"href":"https:\/\/florika.lt\/en\/wp-json\/wp\/v2\/product\/38764","targetHints":{"allow":["GET"]}}],"collection":[{"href":"https:\/\/florika.lt\/en\/wp-json\/wp\/v2\/product"}],"about":[{"href":"https:\/\/florika.lt\/en\/wp-json\/wp\/v2\/types\/product"}],"replies":[{"embeddable":true,"href":"https:\/\/florika.lt\/en\/wp-json\/wp\/v2\/comments?post=38764"}],"wp:featuredmedia":[{"embeddable":true,"href":"https:\/\/florika.lt\/en\/wp-json\/wp\/v2\/media\/38619"}],"wp:attachment":[{"href":"https:\/\/florika.lt\/en\/wp-json\/wp\/v2\/media?parent=38764"}],"wp:term":[{"taxonomy":"product_brand","embeddable":true,"href":"https:\/\/florika.lt\/en\/wp-json\/wp\/v2\/product_brand?post=38764"},{"taxonomy":"product_cat","embeddable":true,"href":"https:\/\/florika.lt\/en\/wp-json\/wp\/v2\/product_cat?post=38764"},{"taxonomy":"product_tag","embeddable":true,"href":"https:\/\/florika.lt\/en\/wp-json\/wp\/v2\/product_tag?post=38764"}],"curies":[{"name":"wp","href":"https:\/\/api.w.org\/{rel}","templated":true}]}}