{"id":37435,"date":"2026-01-22T10:18:50","date_gmt":"2026-01-22T08:21:45","guid":{"rendered":"https:\/\/florika.lt\/preke\/moet-chandon-brut-imperial-red-0-75l-eoy-champagne-with-box\/"},"modified":"2026-01-22T10:21:45","modified_gmt":"2026-01-22T08:21:45","slug":"moet-chandon-brut-imperial-red-0-75l-eoy-champagne-with-box","status":"publish","type":"product","link":"https:\/\/florika.lt\/en\/product\/moet-chandon-brut-imperial-red-0-75l-eoy-champagne-with-box\/","title":{"rendered":"MO\u00cbT &amp; CHANDON Brut Imperial RED 0.75L EOY champagne with box"},"content":{"rendered":"<p>&#8220;Mo\u00ebt &amp; Chandon Champagne is a brand with more than 250 years of history. It has always been a symbol of glamour, luxury and haute couture. It is still the drink of the most expensive clubs, served in the most luxurious hotels. A balanced blend of Chardonnay, Pinot Noir and Pinot Meunier.   <\/p>\n<p style=\"font-weight: 400;\"><strong>Net quantity:<\/strong> 0.75 L<\/p>\n<p style=\"font-weight: 400;\"><strong>Alk. volume: 12% <\/strong>  12.5%<\/p>\n<p style=\"font-weight: 400;\"><strong>Country of origin:<\/strong> France<\/p>\n<p style=\"font-weight: 400;\"><strong>Taste:<\/strong><strong> <\/strong>A bright freshness of green apple and citrus fruit, mineral nuances and white flowers.<\/p>\n<p>We will deliver this drink together with your ordered flowers in the whole Klaip\u0117da region, including Palanga, Kretinga, Garg\u017edai, \u0160ilut\u0117.<\/p>\n","protected":false},"excerpt":{"rendered":"<p>&#8220;Mo\u00ebt &amp; Chandon Champagne is a brand with more than 250 years of history. It has always been a symbol of glamour, luxury and haute couture. It is still the drink of the most expensive clubs, served in the most luxurious hotels. A balanced blend of Chardonnay, Pinot Noir and Pinot Meunier.   <\/p>\n<p style=\"font-weight: 400;\"><strong>Net quantity:<\/strong> 0.75 L<\/p>\n<p style=\"font-weight: 400;\"><strong>Alk. volume: 12% <\/strong>  12.5%<\/p>\n<p style=\"font-weight: 400;\"><strong>Country of origin:<\/strong> France<\/p>\n<p style=\"font-weight: 400;\"><strong>Taste:<\/strong><strong> <\/strong>A bright freshness of green apple and citrus fruit, mineral nuances and white flowers.<\/p>\n<p>We will deliver this drink together with your ordered flowers in the whole Klaip\u0117da region, including Palanga, Kretinga, Garg\u017edai, \u0160ilut\u0117.<\/p>\n","protected":false},"featured_media":37391,"comment_status":"closed","ping_status":"closed","template":"","meta":[],"product_brand":[],"product_cat":[141,152],"product_tag":[],"class_list":{"0":"post-37435","1":"product","2":"type-product","3":"status-publish","4":"has-post-thumbnail","6":"product_cat-gifts","7":"product_cat-st-valentines-day","9":"first","10":"outofstock","11":"shipping-taxable","12":"purchasable","13":"product-type-simple"},"_links":{"self":[{"href":"https:\/\/florika.lt\/en\/wp-json\/wp\/v2\/product\/37435","targetHints":{"allow":["GET"]}}],"collection":[{"href":"https:\/\/florika.lt\/en\/wp-json\/wp\/v2\/product"}],"about":[{"href":"https:\/\/florika.lt\/en\/wp-json\/wp\/v2\/types\/product"}],"replies":[{"embeddable":true,"href":"https:\/\/florika.lt\/en\/wp-json\/wp\/v2\/comments?post=37435"}],"wp:featuredmedia":[{"embeddable":true,"href":"https:\/\/florika.lt\/en\/wp-json\/wp\/v2\/media\/37391"}],"wp:attachment":[{"href":"https:\/\/florika.lt\/en\/wp-json\/wp\/v2\/media?parent=37435"}],"wp:term":[{"taxonomy":"product_brand","embeddable":true,"href":"https:\/\/florika.lt\/en\/wp-json\/wp\/v2\/product_brand?post=37435"},{"taxonomy":"product_cat","embeddable":true,"href":"https:\/\/florika.lt\/en\/wp-json\/wp\/v2\/product_cat?post=37435"},{"taxonomy":"product_tag","embeddable":true,"href":"https:\/\/florika.lt\/en\/wp-json\/wp\/v2\/product_tag?post=37435"}],"curies":[{"name":"wp","href":"https:\/\/api.w.org\/{rel}","templated":true}]}}