{"id":36766,"date":"2025-11-28T11:21:41","date_gmt":"2025-11-28T09:21:41","guid":{"rendered":"https:\/\/florika.lt\/preke\/bouquet-a-wonderful-day\/"},"modified":"2026-03-19T12:25:19","modified_gmt":"2026-03-19T10:25:19","slug":"bouquet-a-wonderful-day","status":"publish","type":"product","link":"https:\/\/florika.lt\/en\/product\/bouquet-a-wonderful-day\/","title":{"rendered":"Bouquet A Wonderful Day"},"content":{"rendered":"<p>Bouquet A beautiful day catches the eye with its bright colours. Red rose blossoms, moss-green Di Barbara carnations and other flowers create an uplifting emotion and a great mood for the whole day. The Wonderful Day bouquet is suitable for any occasion when you want to surprise, honour, say &#8220;I love you!&#8221;<\/p>\n<p>We will deliver your Amazing Day bouquet throughout the Klaip\u0117da region, including Palanga, Kretinga, Garg\u017edai and \u0160ilut\u0117.<\/p>\n","protected":false},"excerpt":{"rendered":"<p>Bouquet A beautiful day catches the eye with its bright colours. Red rose blossoms, moss-green Di Barbara carnations and other flowers create an uplifting emotion and a great mood for the whole day. The Wonderful Day bouquet is suitable for any occasion when you want to surprise, honour, say &#8220;I love you!&#8221;<\/p>\n<p>We will deliver your Amazing Day bouquet throughout the Klaip\u0117da region, including Palanga, Kretinga, Garg\u017edai and \u0160ilut\u0117.<\/p>\n","protected":false},"featured_media":36731,"comment_status":"closed","ping_status":"closed","template":"","meta":[],"product_brand":[],"product_cat":[229,164,144,145],"product_tag":[],"class_list":{"0":"post-36766","1":"product","2":"type-product","3":"status-publish","4":"has-post-thumbnail","6":"product_cat-flower-bunches","7":"product_cat-for-march-8th","8":"product_cat-mothers-day","9":"product_cat-rose-bunches","11":"first","12":"instock","13":"shipping-taxable","14":"purchasable","15":"product-type-variable"},"_links":{"self":[{"href":"https:\/\/florika.lt\/en\/wp-json\/wp\/v2\/product\/36766","targetHints":{"allow":["GET"]}}],"collection":[{"href":"https:\/\/florika.lt\/en\/wp-json\/wp\/v2\/product"}],"about":[{"href":"https:\/\/florika.lt\/en\/wp-json\/wp\/v2\/types\/product"}],"replies":[{"embeddable":true,"href":"https:\/\/florika.lt\/en\/wp-json\/wp\/v2\/comments?post=36766"}],"wp:featuredmedia":[{"embeddable":true,"href":"https:\/\/florika.lt\/en\/wp-json\/wp\/v2\/media\/36731"}],"wp:attachment":[{"href":"https:\/\/florika.lt\/en\/wp-json\/wp\/v2\/media?parent=36766"}],"wp:term":[{"taxonomy":"product_brand","embeddable":true,"href":"https:\/\/florika.lt\/en\/wp-json\/wp\/v2\/product_brand?post=36766"},{"taxonomy":"product_cat","embeddable":true,"href":"https:\/\/florika.lt\/en\/wp-json\/wp\/v2\/product_cat?post=36766"},{"taxonomy":"product_tag","embeddable":true,"href":"https:\/\/florika.lt\/en\/wp-json\/wp\/v2\/product_tag?post=36766"}],"curies":[{"name":"wp","href":"https:\/\/api.w.org\/{rel}","templated":true}]}}