{"id":36764,"date":"2025-11-28T11:13:39","date_gmt":"2025-11-28T09:13:39","guid":{"rendered":"https:\/\/florika.lt\/preke\/bouquet-amaryllis-dance\/"},"modified":"2025-12-03T10:37:17","modified_gmt":"2025-12-03T08:37:17","slug":"bouquet-amaryllis-dance","status":"publish","type":"product","link":"https:\/\/florika.lt\/en\/product\/bouquet-amaryllis-dance\/","title":{"rendered":"Amaryllis dance"},"content":{"rendered":"<p>The Amaryllis Dance bouquet is made from the most popular flower of the winter season &#8211; amaryllis. Their blossoms are a long-lasting delight and decorate the home. The Amaryllis Dance bouquet is composed of red amaryllis, ilex branches, soft pine and eucalyptus.  <\/p>\n<p>The bouquet is delivered without vase.<\/p>\n<p>We will be happy to deliver the Amaryllis Dance bouquet throughout the Klaip\u0117da region, including Palanga, Kretinga, Garg\u017edai, \u0160ilut\u0117.<\/p>\n","protected":false},"excerpt":{"rendered":"<p>The Amaryllis Dance bouquet is made from the most popular flower of the winter season &#8211; amaryllis. Their blossoms are a long-lasting delight and decorate the home. The Amaryllis Dance bouquet is composed of red amaryllis, ilex branches, soft pine and eucalyptus.  <\/p>\n<p>The bouquet is delivered without vase.<\/p>\n<p>We will be happy to deliver the Amaryllis Dance bouquet throughout the Klaip\u0117da region, including Palanga, Kretinga, Garg\u017edai, \u0160ilut\u0117.<\/p>\n","protected":false},"featured_media":36715,"comment_status":"closed","ping_status":"closed","template":"","meta":[],"product_brand":[],"product_cat":[143,229],"product_tag":[],"class_list":{"0":"post-36764","1":"product","2":"type-product","3":"status-publish","4":"has-post-thumbnail","6":"product_cat-christmas","7":"product_cat-flower-bunches","9":"first","10":"outofstock","11":"shipping-taxable","12":"purchasable","13":"product-type-simple"},"_links":{"self":[{"href":"https:\/\/florika.lt\/en\/wp-json\/wp\/v2\/product\/36764","targetHints":{"allow":["GET"]}}],"collection":[{"href":"https:\/\/florika.lt\/en\/wp-json\/wp\/v2\/product"}],"about":[{"href":"https:\/\/florika.lt\/en\/wp-json\/wp\/v2\/types\/product"}],"replies":[{"embeddable":true,"href":"https:\/\/florika.lt\/en\/wp-json\/wp\/v2\/comments?post=36764"}],"wp:featuredmedia":[{"embeddable":true,"href":"https:\/\/florika.lt\/en\/wp-json\/wp\/v2\/media\/36715"}],"wp:attachment":[{"href":"https:\/\/florika.lt\/en\/wp-json\/wp\/v2\/media?parent=36764"}],"wp:term":[{"taxonomy":"product_brand","embeddable":true,"href":"https:\/\/florika.lt\/en\/wp-json\/wp\/v2\/product_brand?post=36764"},{"taxonomy":"product_cat","embeddable":true,"href":"https:\/\/florika.lt\/en\/wp-json\/wp\/v2\/product_cat?post=36764"},{"taxonomy":"product_tag","embeddable":true,"href":"https:\/\/florika.lt\/en\/wp-json\/wp\/v2\/product_tag?post=36764"}],"curies":[{"name":"wp","href":"https:\/\/api.w.org\/{rel}","templated":true}]}}