{"id":36760,"date":"2025-11-28T11:01:25","date_gmt":"2025-11-28T09:03:31","guid":{"rendered":"https:\/\/florika.lt\/preke\/festive-composition-under-the-hood-miracle\/"},"modified":"2025-11-28T11:03:31","modified_gmt":"2025-11-28T09:03:31","slug":"festive-composition-under-the-hood-miracle","status":"publish","type":"product","link":"https:\/\/florika.lt\/en\/product\/festive-composition-under-the-hood-miracle\/","title":{"rendered":"Festive composition under the hood Miracle"},"content":{"rendered":"<p>The Miracle is a minimalist festive composition that resembles a fairy tale where festive miracles happen. The Miracle will make a wonderful interior decoration and a great festive gift. <\/p>\n<p>We will be happy to deliver the Stebuklas (Miracle) festive composition to the whole Klaip\u0117da region, including Palanga, Kretinga, Garg\u017edai, \u0160ilut\u0117.<\/p>\n","protected":false},"excerpt":{"rendered":"<p>The Miracle is a minimalist festive composition that resembles a fairy tale where festive miracles happen. The Miracle will make a wonderful interior decoration and a great festive gift. <\/p>\n<p>We will be happy to deliver the Stebuklas (Miracle) festive composition to the whole Klaip\u0117da region, including Palanga, Kretinga, Garg\u017edai, \u0160ilut\u0117.<\/p>\n","protected":false},"featured_media":36679,"comment_status":"closed","ping_status":"closed","template":"","meta":[],"product_brand":[],"product_cat":[143],"product_tag":[],"class_list":{"0":"post-36760","1":"product","2":"type-product","3":"status-publish","4":"has-post-thumbnail","6":"product_cat-christmas","8":"first","9":"outofstock","10":"shipping-taxable","11":"purchasable","12":"product-type-simple"},"_links":{"self":[{"href":"https:\/\/florika.lt\/en\/wp-json\/wp\/v2\/product\/36760","targetHints":{"allow":["GET"]}}],"collection":[{"href":"https:\/\/florika.lt\/en\/wp-json\/wp\/v2\/product"}],"about":[{"href":"https:\/\/florika.lt\/en\/wp-json\/wp\/v2\/types\/product"}],"replies":[{"embeddable":true,"href":"https:\/\/florika.lt\/en\/wp-json\/wp\/v2\/comments?post=36760"}],"wp:featuredmedia":[{"embeddable":true,"href":"https:\/\/florika.lt\/en\/wp-json\/wp\/v2\/media\/36679"}],"wp:attachment":[{"href":"https:\/\/florika.lt\/en\/wp-json\/wp\/v2\/media?parent=36760"}],"wp:term":[{"taxonomy":"product_brand","embeddable":true,"href":"https:\/\/florika.lt\/en\/wp-json\/wp\/v2\/product_brand?post=36760"},{"taxonomy":"product_cat","embeddable":true,"href":"https:\/\/florika.lt\/en\/wp-json\/wp\/v2\/product_cat?post=36760"},{"taxonomy":"product_tag","embeddable":true,"href":"https:\/\/florika.lt\/en\/wp-json\/wp\/v2\/product_tag?post=36760"}],"curies":[{"name":"wp","href":"https:\/\/api.w.org\/{rel}","templated":true}]}}