{"id":36756,"date":"2025-11-28T10:40:57","date_gmt":"2025-11-28T08:55:24","guid":{"rendered":"https:\/\/florika.lt\/?post_type=product&#038;p=36756"},"modified":"2025-11-28T10:55:26","modified_gmt":"2025-11-28T08:55:26","slug":"interjero-dekoracija-stebuklu-belaukiant","status":"publish","type":"product","link":"https:\/\/florika.lt\/en\/product\/interjero-dekoracija-stebuklu-belaukiant\/","title":{"rendered":"Interior decoration Waiting for Miracles"},"content":{"rendered":"<p>The Waiting for Miracles interior decoration is perfect for those who love minimalism and exclusivity. This decoration features scented fir branches, dried orange slices and other Christmas decor elements.<\/p>\n<p>We will be happy to deliver the interior decoration Waiting for Miracles to the whole Klaip\u0117da region, including Palanga, Kretinga, Garg\u017edai, \u0160ilut\u0117.<\/p>\n","protected":false},"excerpt":{"rendered":"<p>The Waiting for Miracles interior decoration is perfect for those who love minimalism and exclusivity. This decoration features scented fir branches, dried orange slices and other Christmas decor elements.<\/p>\n<p>We will be happy to deliver the interior decoration Waiting for Miracles to the whole Klaip\u0117da region, including Palanga, Kretinga, Garg\u017edai, \u0160ilut\u0117.<\/p>\n","protected":false},"featured_media":36656,"comment_status":"closed","ping_status":"closed","template":"","meta":[],"product_brand":[],"product_cat":[143],"product_tag":[],"class_list":{"0":"post-36756","1":"product","2":"type-product","3":"status-publish","4":"has-post-thumbnail","6":"product_cat-christmas","8":"first","9":"outofstock","10":"shipping-taxable","11":"purchasable","12":"product-type-simple"},"_links":{"self":[{"href":"https:\/\/florika.lt\/en\/wp-json\/wp\/v2\/product\/36756","targetHints":{"allow":["GET"]}}],"collection":[{"href":"https:\/\/florika.lt\/en\/wp-json\/wp\/v2\/product"}],"about":[{"href":"https:\/\/florika.lt\/en\/wp-json\/wp\/v2\/types\/product"}],"replies":[{"embeddable":true,"href":"https:\/\/florika.lt\/en\/wp-json\/wp\/v2\/comments?post=36756"}],"wp:featuredmedia":[{"embeddable":true,"href":"https:\/\/florika.lt\/en\/wp-json\/wp\/v2\/media\/36656"}],"wp:attachment":[{"href":"https:\/\/florika.lt\/en\/wp-json\/wp\/v2\/media?parent=36756"}],"wp:term":[{"taxonomy":"product_brand","embeddable":true,"href":"https:\/\/florika.lt\/en\/wp-json\/wp\/v2\/product_brand?post=36756"},{"taxonomy":"product_cat","embeddable":true,"href":"https:\/\/florika.lt\/en\/wp-json\/wp\/v2\/product_cat?post=36756"},{"taxonomy":"product_tag","embeddable":true,"href":"https:\/\/florika.lt\/en\/wp-json\/wp\/v2\/product_tag?post=36756"}],"curies":[{"name":"wp","href":"https:\/\/api.w.org\/{rel}","templated":true}]}}