{"id":36753,"date":"2025-11-28T10:20:59","date_gmt":"2025-11-28T08:25:38","guid":{"rendered":"https:\/\/florika.lt\/preke\/festive-gift-in-velour-box\/"},"modified":"2025-11-28T10:31:31","modified_gmt":"2025-11-28T08:31:31","slug":"festive-gift-in-velour-box","status":"publish","type":"product","link":"https:\/\/florika.lt\/en\/product\/festive-gift-in-velour-box\/","title":{"rendered":"Festive gift in velour box"},"content":{"rendered":"<p>The green velour box contains the delicious SALASAR Cremant de Limoux sparkling wine. Fragrant fir branches, a cymbidium ring and other Christmas d\u00e9cor create an uplifting festive mood. It is the perfect festive gift for a loved one, a colleague or a loved one.  <\/p>\n<p>We will be happy to deliver this festive gift throughout the Klaip\u0117da region, including Palanga, Kretinga, Garg\u017edai and \u0160ilut\u0117.<\/p>\n","protected":false},"excerpt":{"rendered":"<p>The green velour box contains the delicious SALASAR Cremant de Limoux sparkling wine. Fragrant fir branches, a cymbidium ring and other Christmas d\u00e9cor create an uplifting festive mood. It is the perfect festive gift for a loved one, a colleague or a loved one.  <\/p>\n<p>We will be happy to deliver this festive gift throughout the Klaip\u0117da region, including Palanga, Kretinga, Garg\u017edai and \u0160ilut\u0117.<\/p>\n","protected":false},"featured_media":36649,"comment_status":"closed","ping_status":"closed","template":"","meta":[],"product_brand":[],"product_cat":[143],"product_tag":[],"class_list":{"0":"post-36753","1":"product","2":"type-product","3":"status-publish","4":"has-post-thumbnail","6":"product_cat-christmas","8":"first","9":"outofstock","10":"shipping-taxable","11":"purchasable","12":"product-type-simple"},"_links":{"self":[{"href":"https:\/\/florika.lt\/en\/wp-json\/wp\/v2\/product\/36753","targetHints":{"allow":["GET"]}}],"collection":[{"href":"https:\/\/florika.lt\/en\/wp-json\/wp\/v2\/product"}],"about":[{"href":"https:\/\/florika.lt\/en\/wp-json\/wp\/v2\/types\/product"}],"replies":[{"embeddable":true,"href":"https:\/\/florika.lt\/en\/wp-json\/wp\/v2\/comments?post=36753"}],"wp:featuredmedia":[{"embeddable":true,"href":"https:\/\/florika.lt\/en\/wp-json\/wp\/v2\/media\/36649"}],"wp:attachment":[{"href":"https:\/\/florika.lt\/en\/wp-json\/wp\/v2\/media?parent=36753"}],"wp:term":[{"taxonomy":"product_brand","embeddable":true,"href":"https:\/\/florika.lt\/en\/wp-json\/wp\/v2\/product_brand?post=36753"},{"taxonomy":"product_cat","embeddable":true,"href":"https:\/\/florika.lt\/en\/wp-json\/wp\/v2\/product_cat?post=36753"},{"taxonomy":"product_tag","embeddable":true,"href":"https:\/\/florika.lt\/en\/wp-json\/wp\/v2\/product_tag?post=36753"}],"curies":[{"name":"wp","href":"https:\/\/api.w.org\/{rel}","templated":true}]}}