{"id":36746,"date":"2025-11-28T09:42:22","date_gmt":"2025-11-28T07:43:41","guid":{"rendered":"https:\/\/florika.lt\/preke\/composition-festive-bustle\/"},"modified":"2025-11-28T09:43:41","modified_gmt":"2025-11-28T07:43:41","slug":"composition-festive-bustle","status":"publish","type":"product","link":"https:\/\/florika.lt\/en\/product\/composition-festive-bustle\/","title":{"rendered":"Composition Festive Bustle"},"content":{"rendered":"<p>Festive Bustle is presented in a red velour box. It is decorated with scented kenya branches, ilex berries, cotton and other festive accents. Holiday Bustle is not only perfect for sending holiday wishes, but also for those looking for a festive decor for their home  <\/p>\n<p>We will be happy to deliver the &#8220;\u0160ventinis \u0161urmulys&#8221; (Festive Bustle) compilation to the whole Klaip\u0117da region, including Palanga, Kretinga, Garg\u017edai, \u0160ilut\u0117.<\/p>\n","protected":false},"excerpt":{"rendered":"<p>Festive Bustle is presented in a red velour box. It is decorated with scented kenya branches, ilex berries, cotton and other festive accents. Holiday Bustle is not only perfect for sending holiday wishes, but also for those looking for a festive decor for their home  <\/p>\n<p>We will be happy to deliver the &#8220;\u0160ventinis \u0161urmulys&#8221; (Festive Bustle) compilation to the whole Klaip\u0117da region, including Palanga, Kretinga, Garg\u017edai, \u0160ilut\u0117.<\/p>\n","protected":false},"featured_media":36595,"comment_status":"closed","ping_status":"closed","template":"","meta":[],"product_brand":[],"product_cat":[143],"product_tag":[],"class_list":{"0":"post-36746","1":"product","2":"type-product","3":"status-publish","4":"has-post-thumbnail","6":"product_cat-christmas","8":"first","9":"outofstock","10":"shipping-taxable","11":"purchasable","12":"product-type-simple"},"_links":{"self":[{"href":"https:\/\/florika.lt\/en\/wp-json\/wp\/v2\/product\/36746","targetHints":{"allow":["GET"]}}],"collection":[{"href":"https:\/\/florika.lt\/en\/wp-json\/wp\/v2\/product"}],"about":[{"href":"https:\/\/florika.lt\/en\/wp-json\/wp\/v2\/types\/product"}],"replies":[{"embeddable":true,"href":"https:\/\/florika.lt\/en\/wp-json\/wp\/v2\/comments?post=36746"}],"wp:featuredmedia":[{"embeddable":true,"href":"https:\/\/florika.lt\/en\/wp-json\/wp\/v2\/media\/36595"}],"wp:attachment":[{"href":"https:\/\/florika.lt\/en\/wp-json\/wp\/v2\/media?parent=36746"}],"wp:term":[{"taxonomy":"product_brand","embeddable":true,"href":"https:\/\/florika.lt\/en\/wp-json\/wp\/v2\/product_brand?post=36746"},{"taxonomy":"product_cat","embeddable":true,"href":"https:\/\/florika.lt\/en\/wp-json\/wp\/v2\/product_cat?post=36746"},{"taxonomy":"product_tag","embeddable":true,"href":"https:\/\/florika.lt\/en\/wp-json\/wp\/v2\/product_tag?post=36746"}],"curies":[{"name":"wp","href":"https:\/\/api.w.org\/{rel}","templated":true}]}}