{"id":36738,"date":"2025-11-27T11:04:40","date_gmt":"2025-11-27T09:08:38","guid":{"rendered":"https:\/\/florika.lt\/preke\/christmas-tree-with-red-decorations\/"},"modified":"2025-11-27T11:12:23","modified_gmt":"2025-11-27T09:12:23","slug":"christmas-tree-with-red-decorations","status":"publish","type":"product","link":"https:\/\/florika.lt\/en\/product\/christmas-tree-with-red-decorations\/","title":{"rendered":"Christmas tree with red decorations"},"content":{"rendered":"<p>A stylised Christmas tree made of scented fir branches for those looking for a small festive decoration. This Christmas tree is perfect for gift giving and for decorating your home. <\/p>\n<p>We will be happy to deliver this Christmas wreath throughout the Klaip\u0117da region, including Palanga, Kretinga, Garg\u017edai, \u0160ilut\u0117.<\/p>\n","protected":false},"excerpt":{"rendered":"<p>A stylised Christmas tree made of scented fir branches for those looking for a small festive decoration. This Christmas tree is perfect for gift giving and for decorating your home. <\/p>\n<p>We will be happy to deliver this Christmas wreath throughout the Klaip\u0117da region, including Palanga, Kretinga, Garg\u017edai, \u0160ilut\u0117.<\/p>\n","protected":false},"featured_media":36686,"comment_status":"closed","ping_status":"closed","template":"","meta":[],"product_brand":[],"product_cat":[143],"product_tag":[],"class_list":{"0":"post-36738","1":"product","2":"type-product","3":"status-publish","4":"has-post-thumbnail","6":"product_cat-christmas","8":"first","9":"outofstock","10":"shipping-taxable","11":"purchasable","12":"product-type-simple"},"_links":{"self":[{"href":"https:\/\/florika.lt\/en\/wp-json\/wp\/v2\/product\/36738","targetHints":{"allow":["GET"]}}],"collection":[{"href":"https:\/\/florika.lt\/en\/wp-json\/wp\/v2\/product"}],"about":[{"href":"https:\/\/florika.lt\/en\/wp-json\/wp\/v2\/types\/product"}],"replies":[{"embeddable":true,"href":"https:\/\/florika.lt\/en\/wp-json\/wp\/v2\/comments?post=36738"}],"wp:featuredmedia":[{"embeddable":true,"href":"https:\/\/florika.lt\/en\/wp-json\/wp\/v2\/media\/36686"}],"wp:attachment":[{"href":"https:\/\/florika.lt\/en\/wp-json\/wp\/v2\/media?parent=36738"}],"wp:term":[{"taxonomy":"product_brand","embeddable":true,"href":"https:\/\/florika.lt\/en\/wp-json\/wp\/v2\/product_brand?post=36738"},{"taxonomy":"product_cat","embeddable":true,"href":"https:\/\/florika.lt\/en\/wp-json\/wp\/v2\/product_cat?post=36738"},{"taxonomy":"product_tag","embeddable":true,"href":"https:\/\/florika.lt\/en\/wp-json\/wp\/v2\/product_tag?post=36738"}],"curies":[{"name":"wp","href":"https:\/\/api.w.org\/{rel}","templated":true}]}}