{"id":36736,"date":"2025-11-27T10:52:24","date_gmt":"2025-11-27T08:54:31","guid":{"rendered":"https:\/\/florika.lt\/preke\/christmas-wreath-with-red-decorations\/"},"modified":"2025-11-27T10:54:31","modified_gmt":"2025-11-27T08:54:31","slug":"christmas-wreath-with-red-decorations","status":"publish","type":"product","link":"https:\/\/florika.lt\/en\/product\/christmas-wreath-with-red-decorations\/","title":{"rendered":"Christmas wreath with red decorations"},"content":{"rendered":"<p>The Christmas wreath is made of fragrant fir branches, decorated with dried apples, red toys, red berries and other small decorative elements.<\/p>\n<p>We will be happy to deliver this Christmas wreath throughout the Klaip\u0117da region, including Palanga, Kretinga, Garg\u017edai, \u0160ilut\u0117.<\/p>\n","protected":false},"excerpt":{"rendered":"<p>The Christmas wreath is made of fragrant fir branches, decorated with dried apples, red toys, red berries and other small decorative elements.<\/p>\n<p>We will be happy to deliver this Christmas wreath throughout the Klaip\u0117da region, including Palanga, Kretinga, Garg\u017edai, \u0160ilut\u0117.<\/p>\n","protected":false},"featured_media":36666,"comment_status":"closed","ping_status":"closed","template":"","meta":[],"product_brand":[],"product_cat":[143],"product_tag":[],"class_list":{"0":"post-36736","1":"product","2":"type-product","3":"status-publish","4":"has-post-thumbnail","6":"product_cat-christmas","8":"first","9":"outofstock","10":"shipping-taxable","11":"purchasable","12":"product-type-simple"},"_links":{"self":[{"href":"https:\/\/florika.lt\/en\/wp-json\/wp\/v2\/product\/36736","targetHints":{"allow":["GET"]}}],"collection":[{"href":"https:\/\/florika.lt\/en\/wp-json\/wp\/v2\/product"}],"about":[{"href":"https:\/\/florika.lt\/en\/wp-json\/wp\/v2\/types\/product"}],"replies":[{"embeddable":true,"href":"https:\/\/florika.lt\/en\/wp-json\/wp\/v2\/comments?post=36736"}],"wp:featuredmedia":[{"embeddable":true,"href":"https:\/\/florika.lt\/en\/wp-json\/wp\/v2\/media\/36666"}],"wp:attachment":[{"href":"https:\/\/florika.lt\/en\/wp-json\/wp\/v2\/media?parent=36736"}],"wp:term":[{"taxonomy":"product_brand","embeddable":true,"href":"https:\/\/florika.lt\/en\/wp-json\/wp\/v2\/product_brand?post=36736"},{"taxonomy":"product_cat","embeddable":true,"href":"https:\/\/florika.lt\/en\/wp-json\/wp\/v2\/product_cat?post=36736"},{"taxonomy":"product_tag","embeddable":true,"href":"https:\/\/florika.lt\/en\/wp-json\/wp\/v2\/product_tag?post=36736"}],"curies":[{"name":"wp","href":"https:\/\/api.w.org\/{rel}","templated":true}]}}