{"id":34061,"date":"2022-02-07T20:22:44","date_gmt":"2022-02-07T18:22:44","guid":{"rendered":"https:\/\/florika.lt\/preke\/sweetheart\/"},"modified":"2022-02-07T20:22:44","modified_gmt":"2022-02-07T18:22:44","slug":"sweetheart","status":"publish","type":"product","link":"https:\/\/florika.lt\/en\/product\/sweetheart\/","title":{"rendered":"Sweetheart"},"content":{"rendered":"","protected":false},"excerpt":{"rendered":"<p>A heart-shaped flower box filled with red roses filled with love surrounds 225 grams of Geisha sweets, sweet as a kiss. We will deliver the Sweet Heart flower box throughout the Klaip\u0117da region, including Palanga, Kretinga, Garg\u017edai, and \u0160ilut\u0117.<\/p>\n","protected":false},"featured_media":15204,"comment_status":"closed","ping_status":"closed","template":"","meta":[],"product_brand":[],"product_cat":[142,144,152],"product_tag":[],"class_list":{"0":"post-34061","1":"product","2":"type-product","3":"status-publish","4":"has-post-thumbnail","6":"product_cat-flowers-in-a-box","7":"product_cat-mothers-day","8":"product_cat-st-valentines-day","10":"first","11":"instock","12":"shipping-taxable","13":"purchasable","14":"product-type-simple"},"_links":{"self":[{"href":"https:\/\/florika.lt\/en\/wp-json\/wp\/v2\/product\/34061","targetHints":{"allow":["GET"]}}],"collection":[{"href":"https:\/\/florika.lt\/en\/wp-json\/wp\/v2\/product"}],"about":[{"href":"https:\/\/florika.lt\/en\/wp-json\/wp\/v2\/types\/product"}],"replies":[{"embeddable":true,"href":"https:\/\/florika.lt\/en\/wp-json\/wp\/v2\/comments?post=34061"}],"wp:featuredmedia":[{"embeddable":true,"href":"https:\/\/florika.lt\/en\/wp-json\/wp\/v2\/media\/15204"}],"wp:attachment":[{"href":"https:\/\/florika.lt\/en\/wp-json\/wp\/v2\/media?parent=34061"}],"wp:term":[{"taxonomy":"product_brand","embeddable":true,"href":"https:\/\/florika.lt\/en\/wp-json\/wp\/v2\/product_brand?post=34061"},{"taxonomy":"product_cat","embeddable":true,"href":"https:\/\/florika.lt\/en\/wp-json\/wp\/v2\/product_cat?post=34061"},{"taxonomy":"product_tag","embeddable":true,"href":"https:\/\/florika.lt\/en\/wp-json\/wp\/v2\/product_tag?post=34061"}],"curies":[{"name":"wp","href":"https:\/\/api.w.org\/{rel}","templated":true}]}}