{"id":34043,"date":"2020-11-12T22:17:38","date_gmt":"2020-11-12T20:17:38","guid":{"rendered":"https:\/\/florika.lt\/preke\/collection-for-happy-moments\/"},"modified":"2020-11-12T22:17:38","modified_gmt":"2020-11-12T20:17:38","slug":"collection-for-happy-moments","status":"publish","type":"product","link":"https:\/\/florika.lt\/en\/product\/collection-for-happy-moments\/","title":{"rendered":"Collection For Happy Moments"},"content":{"rendered":"<p>This set will please any cheese lover.<\/p>\n<p>The set includes:<\/p>\n<p>Three types of &#8220;D\u017eiugos&#8221; cheese<\/p>\n<p>&#8220;D\u017eiugos nam\u0173&#8221; spread<\/p>\n<p>Honey with nuts<\/p>\n<p>Crackers<\/p>\n<p>&#8220;D\u017eiugos nam\u0173&#8221; caramel<\/p>\n","protected":false},"excerpt":{"rendered":"<p>This set will please any cheese lover. The set includes: Three types of &#8220;D\u017eiugos&#8221; cheese &#8220;D\u017eiugos nam\u0173&#8221; spread Honey with nuts Crackers &#8220;D\u017eiugos nam\u0173&#8221; caramel<\/p>\n","protected":false},"featured_media":7156,"comment_status":"closed","ping_status":"closed","template":"","meta":[],"product_brand":[],"product_cat":[141],"product_tag":[],"class_list":{"0":"post-34043","1":"product","2":"type-product","3":"status-publish","4":"has-post-thumbnail","6":"product_cat-gifts","8":"first","9":"instock","10":"shipping-taxable","11":"purchasable","12":"product-type-simple"},"_links":{"self":[{"href":"https:\/\/florika.lt\/en\/wp-json\/wp\/v2\/product\/34043","targetHints":{"allow":["GET"]}}],"collection":[{"href":"https:\/\/florika.lt\/en\/wp-json\/wp\/v2\/product"}],"about":[{"href":"https:\/\/florika.lt\/en\/wp-json\/wp\/v2\/types\/product"}],"replies":[{"embeddable":true,"href":"https:\/\/florika.lt\/en\/wp-json\/wp\/v2\/comments?post=34043"}],"wp:featuredmedia":[{"embeddable":true,"href":"https:\/\/florika.lt\/en\/wp-json\/wp\/v2\/media\/7156"}],"wp:attachment":[{"href":"https:\/\/florika.lt\/en\/wp-json\/wp\/v2\/media?parent=34043"}],"wp:term":[{"taxonomy":"product_brand","embeddable":true,"href":"https:\/\/florika.lt\/en\/wp-json\/wp\/v2\/product_brand?post=34043"},{"taxonomy":"product_cat","embeddable":true,"href":"https:\/\/florika.lt\/en\/wp-json\/wp\/v2\/product_cat?post=34043"},{"taxonomy":"product_tag","embeddable":true,"href":"https:\/\/florika.lt\/en\/wp-json\/wp\/v2\/product_tag?post=34043"}],"curies":[{"name":"wp","href":"https:\/\/api.w.org\/{rel}","templated":true}]}}