{"id":33222,"date":"2025-04-30T15:21:50","date_gmt":"2025-04-30T12:21:50","guid":{"rendered":"https:\/\/florika.lt\/preke\/a-flower-box-a-romantic-gift-for-mom\/"},"modified":"2025-07-02T15:28:57","modified_gmt":"2025-07-02T12:28:57","slug":"a-flower-box-a-romantic-gift-for-mom","status":"publish","type":"product","link":"https:\/\/florika.lt\/en\/product\/a-flower-box-a-romantic-gift-for-mom\/","title":{"rendered":"Flower Box for a Romantic Lady"},"content":{"rendered":"<p data-start=\"35\" data-end=\"224\">The &#8220;Flower Box for a Romantic Lady&#8221; will bring sweet and joyful emotions, delighting your loved one or someone dear to your heart. The flower box comes together with Geisha chocolates.<\/p>\n<p data-start=\"226\" data-end=\"321\">We deliver the &#8220;Flower Box for a Romantic Lady&#8221; in Klaip\u0117da, Klaip\u0117da district, and \u0160ilut\u0117.<\/p>\n","protected":false},"excerpt":{"rendered":"<p data-start=\"35\" data-end=\"224\">The &#8220;Flower Box for a Romantic Lady&#8221; will bring sweet and joyful emotions, delighting your loved one or someone dear to your heart. The flower box comes together with Geisha chocolates.<\/p>\n<p data-start=\"226\" data-end=\"321\">We deliver the &#8220;Flower Box for a Romantic Lady&#8221; in Klaip\u0117da, Klaip\u0117da district, and \u0160ilut\u0117.<\/p>\n","protected":false},"featured_media":33218,"comment_status":"closed","ping_status":"closed","template":"","meta":[],"product_brand":[],"product_cat":[142],"product_tag":[],"class_list":{"0":"post-33222","1":"product","2":"type-product","3":"status-publish","4":"has-post-thumbnail","6":"product_cat-flowers-in-a-box","8":"first","9":"instock","10":"shipping-taxable","11":"purchasable","12":"product-type-simple"},"_links":{"self":[{"href":"https:\/\/florika.lt\/en\/wp-json\/wp\/v2\/product\/33222","targetHints":{"allow":["GET"]}}],"collection":[{"href":"https:\/\/florika.lt\/en\/wp-json\/wp\/v2\/product"}],"about":[{"href":"https:\/\/florika.lt\/en\/wp-json\/wp\/v2\/types\/product"}],"replies":[{"embeddable":true,"href":"https:\/\/florika.lt\/en\/wp-json\/wp\/v2\/comments?post=33222"}],"wp:featuredmedia":[{"embeddable":true,"href":"https:\/\/florika.lt\/en\/wp-json\/wp\/v2\/media\/33218"}],"wp:attachment":[{"href":"https:\/\/florika.lt\/en\/wp-json\/wp\/v2\/media?parent=33222"}],"wp:term":[{"taxonomy":"product_brand","embeddable":true,"href":"https:\/\/florika.lt\/en\/wp-json\/wp\/v2\/product_brand?post=33222"},{"taxonomy":"product_cat","embeddable":true,"href":"https:\/\/florika.lt\/en\/wp-json\/wp\/v2\/product_cat?post=33222"},{"taxonomy":"product_tag","embeddable":true,"href":"https:\/\/florika.lt\/en\/wp-json\/wp\/v2\/product_tag?post=33222"}],"curies":[{"name":"wp","href":"https:\/\/api.w.org\/{rel}","templated":true}]}}