{"id":33220,"date":"2025-04-30T15:15:20","date_gmt":"2025-04-30T12:15:20","guid":{"rendered":"https:\/\/florika.lt\/preke\/a-romantic-flower-box-for-mom\/"},"modified":"2025-07-02T15:40:03","modified_gmt":"2025-07-02T12:40:03","slug":"a-romantic-flower-box-for-mom","status":"publish","type":"product","link":"https:\/\/florika.lt\/en\/product\/a-romantic-flower-box-for-mom\/","title":{"rendered":"Flower Box Romantic Mood"},"content":{"rendered":"<p data-start=\"35\" data-end=\"264\">The &#8220;Romantic Mood&#8221; flower box will delight your loved one and someone dear to your heart. Inside the &#8220;Romantic Mood&#8221; flower box, you&#8217;ll find pastel-colored blooms that add a touch of romance and freshness to the arrangement.<\/p>\n<p data-start=\"266\" data-end=\"355\">We deliver the &#8220;Romantic Mood&#8221; flower box in Klaip\u0117da, Klaip\u0117da district, and \u0160ilut\u0117.<\/p>\n","protected":false},"excerpt":{"rendered":"<p data-start=\"35\" data-end=\"264\">The &#8220;Romantic Mood&#8221; flower box will delight your loved one and someone dear to your heart. Inside the &#8220;Romantic Mood&#8221; flower box, you&#8217;ll find pastel-colored blooms that add a touch of romance and freshness to the arrangement.<\/p>\n<p data-start=\"266\" data-end=\"355\">We deliver the &#8220;Romantic Mood&#8221; flower box in Klaip\u0117da, Klaip\u0117da district, and \u0160ilut\u0117.<\/p>\n","protected":false},"featured_media":33208,"comment_status":"closed","ping_status":"closed","template":"","meta":[],"product_brand":[],"product_cat":[142,144],"product_tag":[],"class_list":{"0":"post-33220","1":"product","2":"type-product","3":"status-publish","4":"has-post-thumbnail","6":"product_cat-flowers-in-a-box","7":"product_cat-mothers-day","9":"first","10":"instock","11":"shipping-taxable","12":"purchasable","13":"product-type-simple"},"_links":{"self":[{"href":"https:\/\/florika.lt\/en\/wp-json\/wp\/v2\/product\/33220","targetHints":{"allow":["GET"]}}],"collection":[{"href":"https:\/\/florika.lt\/en\/wp-json\/wp\/v2\/product"}],"about":[{"href":"https:\/\/florika.lt\/en\/wp-json\/wp\/v2\/types\/product"}],"replies":[{"embeddable":true,"href":"https:\/\/florika.lt\/en\/wp-json\/wp\/v2\/comments?post=33220"}],"wp:featuredmedia":[{"embeddable":true,"href":"https:\/\/florika.lt\/en\/wp-json\/wp\/v2\/media\/33208"}],"wp:attachment":[{"href":"https:\/\/florika.lt\/en\/wp-json\/wp\/v2\/media?parent=33220"}],"wp:term":[{"taxonomy":"product_brand","embeddable":true,"href":"https:\/\/florika.lt\/en\/wp-json\/wp\/v2\/product_brand?post=33220"},{"taxonomy":"product_cat","embeddable":true,"href":"https:\/\/florika.lt\/en\/wp-json\/wp\/v2\/product_cat?post=33220"},{"taxonomy":"product_tag","embeddable":true,"href":"https:\/\/florika.lt\/en\/wp-json\/wp\/v2\/product_tag?post=33220"}],"curies":[{"name":"wp","href":"https:\/\/api.w.org\/{rel}","templated":true}]}}