{"id":30991,"date":"2025-02-09T08:14:10","date_gmt":"2025-02-09T06:14:10","guid":{"rendered":"https:\/\/florika.lt\/preke\/raudono-aksomo-dezute-as-tave-myliu\/"},"modified":"2025-02-09T08:23:24","modified_gmt":"2025-02-09T06:23:24","slug":"red-velvet-box-i-love-you","status":"publish","type":"product","link":"https:\/\/florika.lt\/en\/product\/red-velvet-box-i-love-you\/","title":{"rendered":"Red velvet box I Love You!"},"content":{"rendered":"<p>Red velvet box I Love You! The flower box I Love you! contains 15 of the most beautiful red roses, which convey a message of love to your beloved\u2764\ufe0f The box is decorated with two festive heart-shaped mini balloons or one large helium balloon &#8211; a heart. The flower box I love you! is perfect for both Valentine&#8217;s Day and to show your feelings to your loved one on an ordinary day.<br \/>\nWe will deliver this box throughout Klaip\u0117da, as well as the Klaip\u0117da district, including Palanga, Garg\u017edai, Kretinga, Darb\u0117nai and even \u0160ilut\u0117.<\/p>\n<p>Box with two mini balloons &#8211; \u20ac65;<br \/>\nBox with a larger helium balloon &#8211; \u20ac70<\/p>\n","protected":false},"excerpt":{"rendered":"<p>Red velvet box<em> I Love You!<\/em><br \/>\nThe flower box<span style=\"color: #d83131;\"><em> I Love You!<\/em><\/span> contains 15 of the most beautiful red roses, which convey a message of love to your beloved \u2764\ufe0f<br \/>\nThe box is decorated with two festive heart-shaped mini balloons or one large helium balloon &#8211; a heart. The flower box I love you! is perfect for both Valentine&#8217;s Day and to show your feelings to your loved one on an ordinary day.<br \/>\nWe will deliver this box throughout Klaip\u0117da, as well as the Klaip\u0117da district, including Palanga, Garg\u017edai, Kretinga, Darb\u0117nai and even \u0160ilut\u0117.<\/p>\n<p>Box with two mini balloons &#8211; \u20ac65;<br \/>\nBox with a larger helium balloon &#8211; \u20ac70<\/p>\n","protected":false},"featured_media":30645,"comment_status":"closed","ping_status":"closed","template":"","meta":[],"product_brand":[],"product_cat":[142,152],"product_tag":[],"class_list":{"0":"post-30991","1":"product","2":"type-product","3":"status-publish","4":"has-post-thumbnail","6":"product_cat-flowers-in-a-box","7":"product_cat-st-valentines-day","9":"first","10":"instock","11":"shipping-taxable","12":"product-type-variable"},"_links":{"self":[{"href":"https:\/\/florika.lt\/en\/wp-json\/wp\/v2\/product\/30991","targetHints":{"allow":["GET"]}}],"collection":[{"href":"https:\/\/florika.lt\/en\/wp-json\/wp\/v2\/product"}],"about":[{"href":"https:\/\/florika.lt\/en\/wp-json\/wp\/v2\/types\/product"}],"replies":[{"embeddable":true,"href":"https:\/\/florika.lt\/en\/wp-json\/wp\/v2\/comments?post=30991"}],"wp:featuredmedia":[{"embeddable":true,"href":"https:\/\/florika.lt\/en\/wp-json\/wp\/v2\/media\/30645"}],"wp:attachment":[{"href":"https:\/\/florika.lt\/en\/wp-json\/wp\/v2\/media?parent=30991"}],"wp:term":[{"taxonomy":"product_brand","embeddable":true,"href":"https:\/\/florika.lt\/en\/wp-json\/wp\/v2\/product_brand?post=30991"},{"taxonomy":"product_cat","embeddable":true,"href":"https:\/\/florika.lt\/en\/wp-json\/wp\/v2\/product_cat?post=30991"},{"taxonomy":"product_tag","embeddable":true,"href":"https:\/\/florika.lt\/en\/wp-json\/wp\/v2\/product_tag?post=30991"}],"curies":[{"name":"wp","href":"https:\/\/api.w.org\/{rel}","templated":true}]}}