{"id":30986,"date":"2025-02-09T07:55:37","date_gmt":"2025-02-09T05:55:37","guid":{"rendered":"https:\/\/florika.lt\/preke\/sirdeles-formos-dezute-saldi-akimirka\/"},"modified":"2025-02-09T07:59:33","modified_gmt":"2025-02-09T05:59:33","slug":"heart-shaped-box-sweet-moment","status":"publish","type":"product","link":"https:\/\/florika.lt\/en\/product\/heart-shaped-box-sweet-moment\/","title":{"rendered":"Heart-shaped box Sweet Moment"},"content":{"rendered":"<p>The Sweet Moment flower box features pink roses wrapped in sweet gold balls &#8211; Ferrero Rocher candies. This is a floral wish filled not only with flowers, but also with sweet moments.<br \/>\nThe heart-shaped flower box Sweet Moment will be a great gift not only for Valentine&#8217;s Day, but also a sweet gift for any occasion.<br \/>\nWe will deliver this box throughout Klaip\u0117da, as well as the Klaip\u0117da district, including Palanga, Garg\u017edai, Kretinga, Darb\u0117nai and even \u0160ilut\u0117.<\/p>\n","protected":false},"excerpt":{"rendered":"<p>The Sweet Moment flower box features pink roses wrapped in sweet gold balls &#8211; Ferrero Rocher candies. This is a floral wish filled not only with flowers, but also with sweet moments.<br \/>\nThe heart-shaped flower box Sweet Moment will be a great gift not only for Valentine&#8217;s Day, but also a sweet gift for any occasion.<br \/>\nWe will deliver this box throughout Klaip\u0117da, as well as the Klaip\u0117da district, including Palanga, Garg\u017edai, Kretinga, Darb\u0117nai and even \u0160ilut\u0117.<\/p>\n","protected":false},"featured_media":30630,"comment_status":"closed","ping_status":"closed","template":"","meta":[],"product_brand":[],"product_cat":[142,152],"product_tag":[],"class_list":{"0":"post-30986","1":"product","2":"type-product","3":"status-publish","4":"has-post-thumbnail","6":"product_cat-flowers-in-a-box","7":"product_cat-st-valentines-day","9":"first","10":"instock","11":"shipping-taxable","12":"purchasable","13":"product-type-simple"},"_links":{"self":[{"href":"https:\/\/florika.lt\/en\/wp-json\/wp\/v2\/product\/30986","targetHints":{"allow":["GET"]}}],"collection":[{"href":"https:\/\/florika.lt\/en\/wp-json\/wp\/v2\/product"}],"about":[{"href":"https:\/\/florika.lt\/en\/wp-json\/wp\/v2\/types\/product"}],"replies":[{"embeddable":true,"href":"https:\/\/florika.lt\/en\/wp-json\/wp\/v2\/comments?post=30986"}],"wp:featuredmedia":[{"embeddable":true,"href":"https:\/\/florika.lt\/en\/wp-json\/wp\/v2\/media\/30630"}],"wp:attachment":[{"href":"https:\/\/florika.lt\/en\/wp-json\/wp\/v2\/media?parent=30986"}],"wp:term":[{"taxonomy":"product_brand","embeddable":true,"href":"https:\/\/florika.lt\/en\/wp-json\/wp\/v2\/product_brand?post=30986"},{"taxonomy":"product_cat","embeddable":true,"href":"https:\/\/florika.lt\/en\/wp-json\/wp\/v2\/product_cat?post=30986"},{"taxonomy":"product_tag","embeddable":true,"href":"https:\/\/florika.lt\/en\/wp-json\/wp\/v2\/product_tag?post=30986"}],"curies":[{"name":"wp","href":"https:\/\/api.w.org\/{rel}","templated":true}]}}