{"id":30983,"date":"2025-02-09T07:47:18","date_gmt":"2025-02-09T05:47:18","guid":{"rendered":"https:\/\/florika.lt\/preke\/roziu-puokste-as-myliu\/"},"modified":"2025-02-09T07:51:59","modified_gmt":"2025-02-09T05:51:59","slug":"bouquet-of-roses-i-love","status":"publish","type":"product","link":"https:\/\/florika.lt\/en\/product\/bouquet-of-roses-i-love\/","title":{"rendered":"Bouquet of roses I Love"},"content":{"rendered":"<p>The red rose bouquet I Love is made from the highest quality red roses. The heart-shaped bouquet features 17 roses and gold balls &#8211; Ferrero Rocher candies. The heart-shaped rose bouquet I Love reminds you of how sweet love is.<br \/>\nWe will deliver the bouquet I Love throughout Klaip\u0117da, as well as the Klaip\u0117da district, including Palanga, Garg\u017eda\u0438, Kretinga, Darb\u0117nai and even \u0160ilut\u0117.<\/p>\n","protected":false},"excerpt":{"rendered":"<p>The red rose bouquet I Love is made from the highest quality red roses. The heart-shaped bouquet features 17 roses and gold balls &#8211; Ferrero Rocher candies. The heart-shaped rose bouquet I Love reminds you of how sweet love is.<br \/>\nWe will deliver the bouquet I Love throughout Klaip\u0117da, as well as the Klaip\u0117da district, including Palanga, Garg\u017eda\u0438, Kretinga, Darb\u0117nai and even \u0160ilut\u0117.<\/p>\n","protected":false},"featured_media":30663,"comment_status":"closed","ping_status":"closed","template":"","meta":[],"product_brand":[],"product_cat":[145,152],"product_tag":[],"class_list":{"0":"post-30983","1":"product","2":"type-product","3":"status-publish","4":"has-post-thumbnail","6":"product_cat-rose-bunches","7":"product_cat-st-valentines-day","9":"first","10":"instock","11":"shipping-taxable","12":"purchasable","13":"product-type-simple"},"_links":{"self":[{"href":"https:\/\/florika.lt\/en\/wp-json\/wp\/v2\/product\/30983","targetHints":{"allow":["GET"]}}],"collection":[{"href":"https:\/\/florika.lt\/en\/wp-json\/wp\/v2\/product"}],"about":[{"href":"https:\/\/florika.lt\/en\/wp-json\/wp\/v2\/types\/product"}],"replies":[{"embeddable":true,"href":"https:\/\/florika.lt\/en\/wp-json\/wp\/v2\/comments?post=30983"}],"wp:featuredmedia":[{"embeddable":true,"href":"https:\/\/florika.lt\/en\/wp-json\/wp\/v2\/media\/30663"}],"wp:attachment":[{"href":"https:\/\/florika.lt\/en\/wp-json\/wp\/v2\/media?parent=30983"}],"wp:term":[{"taxonomy":"product_brand","embeddable":true,"href":"https:\/\/florika.lt\/en\/wp-json\/wp\/v2\/product_brand?post=30983"},{"taxonomy":"product_cat","embeddable":true,"href":"https:\/\/florika.lt\/en\/wp-json\/wp\/v2\/product_cat?post=30983"},{"taxonomy":"product_tag","embeddable":true,"href":"https:\/\/florika.lt\/en\/wp-json\/wp\/v2\/product_tag?post=30983"}],"curies":[{"name":"wp","href":"https:\/\/api.w.org\/{rel}","templated":true}]}}