{"id":30971,"date":"2025-02-09T07:34:09","date_gmt":"2025-02-09T05:34:09","guid":{"rendered":"https:\/\/florika.lt\/preke\/baltu-roziu-puokste-baltas-sapnas\/"},"modified":"2025-02-09T07:37:55","modified_gmt":"2025-02-09T05:37:55","slug":"bouquet-of-white-roses-white-dream","status":"publish","type":"product","link":"https:\/\/florika.lt\/en\/product\/bouquet-of-white-roses-white-dream\/","title":{"rendered":"Bouquet of white roses White Dream"},"content":{"rendered":"<p>The romantic bouquet of white roses White Dream is made of high-quality white roses wrapped in pastel decorative paper.<br \/>\nWe will deliver the bouquet White Dream throughout Klaip\u0117da, as well as the Klaip\u0117da district, including Palanga, Garg\u017edai, Kretinga, Darb\u0117nai and even \u0160ilut\u0117.<br \/>\nThe photo shows a bouquet of 45 roses.<\/p>\n","protected":false},"excerpt":{"rendered":"<p>The romantic bouquet of white roses White Dream is made of high-quality white roses wrapped in pastel decorative paper.<br \/>\nWe will deliver the bouquet White Dream throughout Klaip\u0117da, as well as the Klaip\u0117da district, including Palanga, Garg\u017edai, Kretinga, Darb\u0117nai and even \u0160ilut\u0117.<br \/>\nThe photo shows a bouquet of 45 roses.<\/p>\n","protected":false},"featured_media":25527,"comment_status":"closed","ping_status":"closed","template":"","meta":[],"product_brand":[],"product_cat":[229,145,152],"product_tag":[],"class_list":{"0":"post-30971","1":"product","2":"type-product","3":"status-publish","4":"has-post-thumbnail","6":"product_cat-flower-bunches","7":"product_cat-rose-bunches","8":"product_cat-st-valentines-day","10":"first","11":"instock","12":"shipping-taxable","13":"product-type-variable"},"_links":{"self":[{"href":"https:\/\/florika.lt\/en\/wp-json\/wp\/v2\/product\/30971","targetHints":{"allow":["GET"]}}],"collection":[{"href":"https:\/\/florika.lt\/en\/wp-json\/wp\/v2\/product"}],"about":[{"href":"https:\/\/florika.lt\/en\/wp-json\/wp\/v2\/types\/product"}],"replies":[{"embeddable":true,"href":"https:\/\/florika.lt\/en\/wp-json\/wp\/v2\/comments?post=30971"}],"wp:featuredmedia":[{"embeddable":true,"href":"https:\/\/florika.lt\/en\/wp-json\/wp\/v2\/media\/25527"}],"wp:attachment":[{"href":"https:\/\/florika.lt\/en\/wp-json\/wp\/v2\/media?parent=30971"}],"wp:term":[{"taxonomy":"product_brand","embeddable":true,"href":"https:\/\/florika.lt\/en\/wp-json\/wp\/v2\/product_brand?post=30971"},{"taxonomy":"product_cat","embeddable":true,"href":"https:\/\/florika.lt\/en\/wp-json\/wp\/v2\/product_cat?post=30971"},{"taxonomy":"product_tag","embeddable":true,"href":"https:\/\/florika.lt\/en\/wp-json\/wp\/v2\/product_tag?post=30971"}],"curies":[{"name":"wp","href":"https:\/\/api.w.org\/{rel}","templated":true}]}}