{"id":30964,"date":"2025-02-09T07:15:20","date_gmt":"2025-02-09T05:15:20","guid":{"rendered":"https:\/\/florika.lt\/preke\/sskirtine-raudonu-geliu-puokste-raudonoji-fantazija\/"},"modified":"2025-02-09T07:19:45","modified_gmt":"2025-02-09T05:19:45","slug":"exclusive-bouquet-of-red-flowers-red-fantasy","status":"publish","type":"product","link":"https:\/\/florika.lt\/en\/product\/exclusive-bouquet-of-red-flowers-red-fantasy\/","title":{"rendered":"Exclusive bouquet of red flowers Red Fantasy"},"content":{"rendered":"<p>Exclusive bouquet of red flowers Red Fantasy<\/p>\n","protected":false},"excerpt":{"rendered":"<div class=\"n4sEPd\">\n<div class=\"QFw9Te BLojaf\"><\/div>\n<\/div>\n<div class=\"QcsUad BDJ8fb BLojaf sMVRZe hCXDsb wneUed\">\n<div class=\"usGWQd\">\n<div class=\"KkbLmb\">\n<div class=\"lRu31\" dir=\"ltr\"><span class=\"HwtZe\" lang=\"en\"><span class=\"jCAhz ChMk0b\"><span class=\"ryNqvb\">This exclusive flower bouquet Red Fantasy is a bouquet created by our master florist, which is composed of the most beautiful red flowers of the current season.<\/span><\/span> <span class=\"jCAhz ChMk0b\"><span class=\"ryNqvb\">This is a bouquet that will surprise, delight and will not leave anyone indifferent.<\/span><\/span> <\/span><\/div>\n<div class=\"lRu31\" dir=\"ltr\"><span class=\"HwtZe\" lang=\"en\"><span class=\"jCAhz ChMk0b\"><span class=\"ryNqvb\">We will deliver the Red Fantasy bouquet throughout Klaip\u0117da, as well as in the Klaip\u0117da district, including Palanga, Garg\u017edai, Kretinga, Darb\u0117nai and even \u0160ilut\u0117.<\/span><\/span><\/span><\/div>\n<\/div>\n<\/div>\n<\/div>\n","protected":false},"featured_media":25521,"comment_status":"closed","ping_status":"closed","template":"","meta":[],"product_brand":[],"product_cat":[229,164,144,152],"product_tag":[],"class_list":{"0":"post-30964","1":"product","2":"type-product","3":"status-publish","4":"has-post-thumbnail","6":"product_cat-flower-bunches","7":"product_cat-for-march-8th","8":"product_cat-mothers-day","9":"product_cat-st-valentines-day","11":"first","12":"instock","13":"shipping-taxable","14":"purchasable","15":"product-type-simple"},"_links":{"self":[{"href":"https:\/\/florika.lt\/en\/wp-json\/wp\/v2\/product\/30964","targetHints":{"allow":["GET"]}}],"collection":[{"href":"https:\/\/florika.lt\/en\/wp-json\/wp\/v2\/product"}],"about":[{"href":"https:\/\/florika.lt\/en\/wp-json\/wp\/v2\/types\/product"}],"replies":[{"embeddable":true,"href":"https:\/\/florika.lt\/en\/wp-json\/wp\/v2\/comments?post=30964"}],"wp:featuredmedia":[{"embeddable":true,"href":"https:\/\/florika.lt\/en\/wp-json\/wp\/v2\/media\/25521"}],"wp:attachment":[{"href":"https:\/\/florika.lt\/en\/wp-json\/wp\/v2\/media?parent=30964"}],"wp:term":[{"taxonomy":"product_brand","embeddable":true,"href":"https:\/\/florika.lt\/en\/wp-json\/wp\/v2\/product_brand?post=30964"},{"taxonomy":"product_cat","embeddable":true,"href":"https:\/\/florika.lt\/en\/wp-json\/wp\/v2\/product_cat?post=30964"},{"taxonomy":"product_tag","embeddable":true,"href":"https:\/\/florika.lt\/en\/wp-json\/wp\/v2\/product_tag?post=30964"}],"curies":[{"name":"wp","href":"https:\/\/api.w.org\/{rel}","templated":true}]}}