{"id":30953,"date":"2025-02-08T20:54:19","date_gmt":"2025-02-08T18:54:19","guid":{"rendered":"https:\/\/florika.lt\/preke\/prabangi-geliu-dezute-isskirtine-akimirka\/"},"modified":"2025-02-08T20:58:04","modified_gmt":"2025-02-08T18:58:04","slug":"luxurious-flower-box-exclusive-moment","status":"publish","type":"product","link":"https:\/\/florika.lt\/en\/product\/luxurious-flower-box-exclusive-moment\/","title":{"rendered":"Luxurious flower box Exclusive Moment"},"content":{"rendered":"<p><span class=\"HwtZe\" lang=\"en\"><span class=\"jCAhz ChMk0b\"><span class=\"ryNqvb\">The luxurious black velvet flower box \u201cExclusive Moment\u201d was created by our master florist.<\/span><\/span> <span class=\"jCAhz ChMk0b\"><span class=\"ryNqvb\">The box contains the most beautiful red and pink flowers of the current season.<\/span><\/span> <span class=\"jCAhz ChMk0b\"><span class=\"ryNqvb\">Each time a different floral story is created, so the composition may look slightly different than in the photo.<\/span><\/span><span class=\"jCAhz ChMk0b\"><span class=\"ryNqvb\"> Give the Exclusive Moment flower box as a gift when you want to surprise, delight or congratulate.<\/span><\/span><span class=\"jCAhz ChMk0b\"><span class=\"ryNqvb\"> We will deliver this exclusive flower box in Klaip\u0117da, Klaip\u0117da district, Palanga, Kretinga, Garg\u017edai and even \u0160ilut\u0117.<\/span><\/span><\/span><\/p>\n","protected":false},"excerpt":{"rendered":"<div class=\"n4sEPd\">\n<div class=\"FFpbKc\"><\/div>\n<\/div>\n<div class=\"QcsUad BDJ8fb BLojaf sMVRZe hCXDsb wneUed\">\n<div class=\"usGWQd\">\n<div class=\"KkbLmb\">\n<div class=\"lRu31\" dir=\"ltr\"><span class=\"HwtZe\" lang=\"en\"><span class=\"jCAhz ChMk0b\"><span class=\"ryNqvb\">The luxurious black velvet flower box \u201cExclusive Moment\u201d was created by our master florist.<\/span><\/span> <span class=\"jCAhz ChMk0b\"><span class=\"ryNqvb\">The box contains the most beautiful red and pink flowers of the current season.<\/span><\/span> <span class=\"jCAhz ChMk0b\"><span class=\"ryNqvb\">Each time a different floral story is created, so the composition may look slightly different than in the photo.<\/span><\/span><span class=\"jCAhz ChMk0b\"><span class=\"ryNqvb\"> Give the Exclusive Moment flower box as a gift when you want to surprise, delight or congratulate.<\/span><\/span><span class=\"jCAhz ChMk0b\"><span class=\"ryNqvb\"> We will deliver this exclusive flower box in Klaip\u0117da, Klaip\u0117da district, Palanga, Kretinga, Garg\u017edai and even \u0160ilut\u0117.<\/span><\/span><\/span><\/div>\n<\/div>\n<\/div>\n<\/div>\n","protected":false},"featured_media":25614,"comment_status":"closed","ping_status":"closed","template":"","meta":[],"product_brand":[],"product_cat":[142,144,152],"product_tag":[],"class_list":{"0":"post-30953","1":"product","2":"type-product","3":"status-publish","4":"has-post-thumbnail","6":"product_cat-flowers-in-a-box","7":"product_cat-mothers-day","8":"product_cat-st-valentines-day","10":"first","11":"instock","12":"shipping-taxable","13":"purchasable","14":"product-type-simple"},"_links":{"self":[{"href":"https:\/\/florika.lt\/en\/wp-json\/wp\/v2\/product\/30953","targetHints":{"allow":["GET"]}}],"collection":[{"href":"https:\/\/florika.lt\/en\/wp-json\/wp\/v2\/product"}],"about":[{"href":"https:\/\/florika.lt\/en\/wp-json\/wp\/v2\/types\/product"}],"replies":[{"embeddable":true,"href":"https:\/\/florika.lt\/en\/wp-json\/wp\/v2\/comments?post=30953"}],"wp:featuredmedia":[{"embeddable":true,"href":"https:\/\/florika.lt\/en\/wp-json\/wp\/v2\/media\/25614"}],"wp:attachment":[{"href":"https:\/\/florika.lt\/en\/wp-json\/wp\/v2\/media?parent=30953"}],"wp:term":[{"taxonomy":"product_brand","embeddable":true,"href":"https:\/\/florika.lt\/en\/wp-json\/wp\/v2\/product_brand?post=30953"},{"taxonomy":"product_cat","embeddable":true,"href":"https:\/\/florika.lt\/en\/wp-json\/wp\/v2\/product_cat?post=30953"},{"taxonomy":"product_tag","embeddable":true,"href":"https:\/\/florika.lt\/en\/wp-json\/wp\/v2\/product_tag?post=30953"}],"curies":[{"name":"wp","href":"https:\/\/api.w.org\/{rel}","templated":true}]}}