{"id":29757,"date":"2024-11-11T14:05:48","date_gmt":"2024-11-11T12:05:48","guid":{"rendered":"https:\/\/florika.lt\/preke\/moet-chandon-brut-imperial-limited-edition-france-2024-0-75-champagne\/"},"modified":"2024-11-28T10:47:02","modified_gmt":"2024-11-28T08:47:02","slug":"moet-chandon-brut-imperial-limited-edition-france-2024-0-75-champagne","status":"publish","type":"product","link":"https:\/\/florika.lt\/en\/product\/moet-chandon-brut-imperial-limited-edition-france-2024-0-75-champagne\/","title":{"rendered":"MO\u00cbT &#038; CHANDON Brut Imp\u00e9rial Limited Edition France 2024 0.75 champagne"},"content":{"rendered":"<h1>MO\u00cbT &amp; CHANDON Brut Imp\u00e9rial Limited Edition France 2024 0.75 champagne<\/h1>\n","protected":false},"excerpt":{"rendered":"<p>A limited edition of Mo\u00ebt &amp; Chandon Imp\u00e9rial has a definitive French touch. The Mo\u00ebt &amp; Chandon Brut Imp\u00e9rial special edition bottle features the French flag as label background, with its national hues of blue, white, and red each representing stately values of Liberty, Equality and Fraternity. The regal design also replaces the habitual Mo\u00ebt &amp; Chandon crown logo with a likeness of the historical monument Arc de Triomphe. At last, it is sealed with a fully golden ribbon tied around its bottle neck. Mo\u00ebt Imp\u00e9rial is the House&#8217;s iconic champagne. Created in 1869, it embodies Mo\u00ebt &amp; Chandon style.<\/p>\n","protected":false},"featured_media":29749,"comment_status":"closed","ping_status":"closed","template":"","meta":[],"product_brand":[],"product_cat":[141],"product_tag":[],"class_list":{"0":"post-29757","1":"product","2":"type-product","3":"status-publish","4":"has-post-thumbnail","6":"product_cat-gifts","8":"first","9":"instock","10":"shipping-taxable","11":"purchasable","12":"product-type-simple"},"_links":{"self":[{"href":"https:\/\/florika.lt\/en\/wp-json\/wp\/v2\/product\/29757","targetHints":{"allow":["GET"]}}],"collection":[{"href":"https:\/\/florika.lt\/en\/wp-json\/wp\/v2\/product"}],"about":[{"href":"https:\/\/florika.lt\/en\/wp-json\/wp\/v2\/types\/product"}],"replies":[{"embeddable":true,"href":"https:\/\/florika.lt\/en\/wp-json\/wp\/v2\/comments?post=29757"}],"wp:featuredmedia":[{"embeddable":true,"href":"https:\/\/florika.lt\/en\/wp-json\/wp\/v2\/media\/29749"}],"wp:attachment":[{"href":"https:\/\/florika.lt\/en\/wp-json\/wp\/v2\/media?parent=29757"}],"wp:term":[{"taxonomy":"product_brand","embeddable":true,"href":"https:\/\/florika.lt\/en\/wp-json\/wp\/v2\/product_brand?post=29757"},{"taxonomy":"product_cat","embeddable":true,"href":"https:\/\/florika.lt\/en\/wp-json\/wp\/v2\/product_cat?post=29757"},{"taxonomy":"product_tag","embeddable":true,"href":"https:\/\/florika.lt\/en\/wp-json\/wp\/v2\/product_tag?post=29757"}],"curies":[{"name":"wp","href":"https:\/\/api.w.org\/{rel}","templated":true}]}}