{"id":25879,"date":"2024-02-20T06:43:31","date_gmt":"2024-02-20T04:43:31","guid":{"rendered":"https:\/\/florika.lt\/preke\/eustomu-sokis\/"},"modified":"2025-01-30T13:41:53","modified_gmt":"2025-01-30T11:41:53","slug":"the-dance-of-eustomas","status":"publish","type":"product","link":"https:\/\/florika.lt\/en\/product\/the-dance-of-eustomas\/","title":{"rendered":"The dance of eustomas"},"content":{"rendered":"<p>Bouquet Dance of Eustomas is composed of soft and romantic flowers &#8211; eustomas. The bouquet features eustomas of different colors, which create a light and romantic mood. This bouquet is perfect for someone who loves exquisite flowers and is less fond of roses.<br \/>\nWe will present the bouquet Dance of eustomas in Klaip\u0117da, the entire Klaip\u0117da district and even in \u0160ilute.<\/p>\n<p>Available sizes:<\/p>\n<p>Small 11 stems \u20ac45<br \/>\nAverage 15 stems \u20ac60<br \/>\nLarge 20 stems \u20ac80<\/p>\n","protected":false},"excerpt":{"rendered":"<p>Bouquet Dance of Eustomas is composed of soft and romantic flowers &#8211; eustomas. The bouquet features eustomas of different colors, which create a light and romantic mood. This bouquet is perfect for someone who loves exquisite flowers and is less fond of roses.<br \/>\nWe will present the bouquet Dance of eustomas in Klaip\u0117da, the entire Klaip\u0117da district and even in \u0160ilute.<\/p>\n<p>Available sizes:<\/p>\n<p>Small 11 stems \u20ac38<br \/>\nAverage 15 stems \u20ac48<br \/>\nLarge 20 stems \u20ac65<\/p>\n","protected":false},"featured_media":25545,"comment_status":"closed","ping_status":"closed","template":"","meta":[],"product_brand":[],"product_cat":[179,229,164,176],"product_tag":[],"class_list":{"0":"post-25879","1":"product","2":"type-product","3":"status-publish","4":"has-post-thumbnail","6":"product_cat-eastern","7":"product_cat-flower-bunches","8":"product_cat-for-march-8th","9":"product_cat-spring-collection","11":"first","12":"instock","13":"shipping-taxable","14":"product-type-variable"},"_links":{"self":[{"href":"https:\/\/florika.lt\/en\/wp-json\/wp\/v2\/product\/25879","targetHints":{"allow":["GET"]}}],"collection":[{"href":"https:\/\/florika.lt\/en\/wp-json\/wp\/v2\/product"}],"about":[{"href":"https:\/\/florika.lt\/en\/wp-json\/wp\/v2\/types\/product"}],"replies":[{"embeddable":true,"href":"https:\/\/florika.lt\/en\/wp-json\/wp\/v2\/comments?post=25879"}],"wp:featuredmedia":[{"embeddable":true,"href":"https:\/\/florika.lt\/en\/wp-json\/wp\/v2\/media\/25545"}],"wp:attachment":[{"href":"https:\/\/florika.lt\/en\/wp-json\/wp\/v2\/media?parent=25879"}],"wp:term":[{"taxonomy":"product_brand","embeddable":true,"href":"https:\/\/florika.lt\/en\/wp-json\/wp\/v2\/product_brand?post=25879"},{"taxonomy":"product_cat","embeddable":true,"href":"https:\/\/florika.lt\/en\/wp-json\/wp\/v2\/product_cat?post=25879"},{"taxonomy":"product_tag","embeddable":true,"href":"https:\/\/florika.lt\/en\/wp-json\/wp\/v2\/product_tag?post=25879"}],"curies":[{"name":"wp","href":"https:\/\/api.w.org\/{rel}","templated":true}]}}