{"id":25867,"date":"2024-02-20T06:16:06","date_gmt":"2024-02-20T04:16:06","guid":{"rendered":"https:\/\/florika.lt\/preke\/geltonu-tulpiu-ir-irisu-puokste-draugyste\/"},"modified":"2025-01-30T14:10:16","modified_gmt":"2025-01-30T12:10:16","slug":"friendship","status":"publish","type":"product","link":"https:\/\/florika.lt\/en\/product\/friendship\/","title":{"rendered":"Friendship"},"content":{"rendered":"<p>A spring bouquet of yellow tulips and irises Friendship will appeal to those who like bright colors. This spring-filled friendship of tulips and irises will make your loved ones happy or decorate your home.<br \/>\nWe will deliver a bouquet of yellow tulips and irises Friendship in Klaip\u0117da, the entire Klaip\u0117da district and even in \u0160ilute.<br \/>\nSmall &#8211; 21 blooms \u20ac43<br \/>\nMedium &#8211; 30 blooms \u20ac55<br \/>\nLarge &#8211; 45 blooms \u20ac77<br \/>\nThe photo shows a medium-sized bouquet<\/p>\n","protected":false},"excerpt":{"rendered":"<p>A spring bouquet of yellow tulips and irises Friendship will appeal to those who like bright colors. This spring-filled friendship of tulips and irises will make your loved ones happy or decorate your home.<br \/>\nWe will deliver a bouquet of yellow tulips and irises Friendship in Klaip\u0117da, the entire Klaip\u0117da district and even in \u0160ilute.<br \/>\nSmall &#8211; 21 blooms \u20ac43<br \/>\nMedium &#8211; 30 blooms \u20ac55<br \/>\nLarge &#8211; 45 blooms \u20ac77<br \/>\nThe photo shows a medium-sized bouquet<\/p>\n","protected":false},"featured_media":25590,"comment_status":"closed","ping_status":"closed","template":"","meta":[],"product_brand":[],"product_cat":[179,229,164,176],"product_tag":[],"class_list":{"0":"post-25867","1":"product","2":"type-product","3":"status-publish","4":"has-post-thumbnail","6":"product_cat-eastern","7":"product_cat-flower-bunches","8":"product_cat-for-march-8th","9":"product_cat-spring-collection","11":"first","12":"instock","13":"shipping-taxable","14":"product-type-variable"},"_links":{"self":[{"href":"https:\/\/florika.lt\/en\/wp-json\/wp\/v2\/product\/25867","targetHints":{"allow":["GET"]}}],"collection":[{"href":"https:\/\/florika.lt\/en\/wp-json\/wp\/v2\/product"}],"about":[{"href":"https:\/\/florika.lt\/en\/wp-json\/wp\/v2\/types\/product"}],"replies":[{"embeddable":true,"href":"https:\/\/florika.lt\/en\/wp-json\/wp\/v2\/comments?post=25867"}],"wp:featuredmedia":[{"embeddable":true,"href":"https:\/\/florika.lt\/en\/wp-json\/wp\/v2\/media\/25590"}],"wp:attachment":[{"href":"https:\/\/florika.lt\/en\/wp-json\/wp\/v2\/media?parent=25867"}],"wp:term":[{"taxonomy":"product_brand","embeddable":true,"href":"https:\/\/florika.lt\/en\/wp-json\/wp\/v2\/product_brand?post=25867"},{"taxonomy":"product_cat","embeddable":true,"href":"https:\/\/florika.lt\/en\/wp-json\/wp\/v2\/product_cat?post=25867"},{"taxonomy":"product_tag","embeddable":true,"href":"https:\/\/florika.lt\/en\/wp-json\/wp\/v2\/product_tag?post=25867"}],"curies":[{"name":"wp","href":"https:\/\/api.w.org\/{rel}","templated":true}]}}