{"id":25857,"date":"2024-02-20T05:44:21","date_gmt":"2024-02-20T03:44:21","guid":{"rendered":"https:\/\/florika.lt\/preke\/baltu-ir-roziniu-tulpiu-puokste\/"},"modified":"2024-03-06T23:24:41","modified_gmt":"2024-03-06T21:24:41","slug":"bouquet-of-white-and-pink-tulips","status":"publish","type":"product","link":"https:\/\/florika.lt\/en\/product\/bouquet-of-white-and-pink-tulips\/","title":{"rendered":"Bouquet of white and pink tulips"},"content":{"rendered":"<p>A bouquet of white and pink tulips is full of spring freshness. The friendship of pink and white tulips intertwined in the bouquet is surrounded by luxurious greenery. All of this is wrapped in decorative paper, which gives it a festive feel. We will deliver a bouquet of white and pink tulips in Klaip\u0117da and the entire Klaip\u0117da district and \u0160ilute.<br \/>\nA medium-sized bunch consists of 30 tulips, a large one of 45 flowers.<\/p>\n","protected":false},"excerpt":{"rendered":"<p>A bouquet of white and pink tulips is full of spring freshness. The friendship of pink and white tulips intertwined in the bouquet is surrounded by luxurious greenery. All of this is wrapped in decorative paper, which gives it a festive feel. We will deliver a bouquet of white and pink tulips in Klaip\u0117da and the entire Klaip\u0117da district and \u0160ilute.<br \/>\nA medium-sized bunch consists of 30 tulips, a large one of 45 flowers.<\/p>\n","protected":false},"featured_media":25575,"comment_status":"closed","ping_status":"closed","template":"","meta":[],"product_brand":[],"product_cat":[179,229,164,144,176],"product_tag":[],"class_list":{"0":"post-25857","1":"product","2":"type-product","3":"status-publish","4":"has-post-thumbnail","6":"product_cat-eastern","7":"product_cat-flower-bunches","8":"product_cat-for-march-8th","9":"product_cat-mothers-day","10":"product_cat-spring-collection","12":"first","13":"instock","14":"shipping-taxable","15":"product-type-variable"},"_links":{"self":[{"href":"https:\/\/florika.lt\/en\/wp-json\/wp\/v2\/product\/25857","targetHints":{"allow":["GET"]}}],"collection":[{"href":"https:\/\/florika.lt\/en\/wp-json\/wp\/v2\/product"}],"about":[{"href":"https:\/\/florika.lt\/en\/wp-json\/wp\/v2\/types\/product"}],"replies":[{"embeddable":true,"href":"https:\/\/florika.lt\/en\/wp-json\/wp\/v2\/comments?post=25857"}],"wp:featuredmedia":[{"embeddable":true,"href":"https:\/\/florika.lt\/en\/wp-json\/wp\/v2\/media\/25575"}],"wp:attachment":[{"href":"https:\/\/florika.lt\/en\/wp-json\/wp\/v2\/media?parent=25857"}],"wp:term":[{"taxonomy":"product_brand","embeddable":true,"href":"https:\/\/florika.lt\/en\/wp-json\/wp\/v2\/product_brand?post=25857"},{"taxonomy":"product_cat","embeddable":true,"href":"https:\/\/florika.lt\/en\/wp-json\/wp\/v2\/product_cat?post=25857"},{"taxonomy":"product_tag","embeddable":true,"href":"https:\/\/florika.lt\/en\/wp-json\/wp\/v2\/product_tag?post=25857"}],"curies":[{"name":"wp","href":"https:\/\/api.w.org\/{rel}","templated":true}]}}