{"id":22953,"date":"2023-06-20T22:48:31","date_gmt":"2023-06-20T19:48:31","guid":{"rendered":"https:\/\/florika.lt\/preke\/geliu-dezute-aksomo-sukuryje\/"},"modified":"2023-06-20T22:54:24","modified_gmt":"2023-06-20T19:54:24","slug":"flower-box-in-velvet-creation","status":"publish","type":"product","link":"https:\/\/florika.lt\/en\/product\/flower-box-in-velvet-creation\/","title":{"rendered":"Flower box In velvet creation"},"content":{"rendered":"<pre id=\"tw-target-text\" class=\"tw-data-text tw-text-large tw-ta\" dir=\"ltr\" data-placeholder=\"Translation\"><span class=\"Y2IQFc\" lang=\"en\">Various brightly colored flowers, placed in a velvet box, will pleasantly surprise and delight your loved one.\r\n\r\nWe will deliver this flower box in to the entire Klaip\u0117da region, including Palanga, Kretinga, Garg\u017edai and even \u0160ilut\u0117.<\/span><\/pre>\n","protected":false},"excerpt":{"rendered":"<p><span class=\"Y2IQFc\" lang=\"en\">Various brightly colored flowers, placed in a velvet box, will pleasantly surprise and delight your loved one. We will deliver this flower box in to the entire Klaip\u0117da region, including Palanga, Kretinga, Garg\u017edai and even \u0160ilut\u0117.<\/span><\/p>\n","protected":false},"featured_media":22950,"comment_status":"closed","ping_status":"closed","template":"","meta":[],"product_brand":[],"product_cat":[142,164,144,152,221],"product_tag":[],"class_list":{"0":"post-22953","1":"product","2":"type-product","3":"status-publish","4":"has-post-thumbnail","6":"product_cat-flowers-in-a-box","7":"product_cat-for-march-8th","8":"product_cat-mothers-day","9":"product_cat-st-valentines-day","10":"product_cat-summer-collection","12":"first","13":"instock","14":"shipping-taxable","15":"purchasable","16":"product-type-simple"},"_links":{"self":[{"href":"https:\/\/florika.lt\/en\/wp-json\/wp\/v2\/product\/22953","targetHints":{"allow":["GET"]}}],"collection":[{"href":"https:\/\/florika.lt\/en\/wp-json\/wp\/v2\/product"}],"about":[{"href":"https:\/\/florika.lt\/en\/wp-json\/wp\/v2\/types\/product"}],"replies":[{"embeddable":true,"href":"https:\/\/florika.lt\/en\/wp-json\/wp\/v2\/comments?post=22953"}],"wp:featuredmedia":[{"embeddable":true,"href":"https:\/\/florika.lt\/en\/wp-json\/wp\/v2\/media\/22950"}],"wp:attachment":[{"href":"https:\/\/florika.lt\/en\/wp-json\/wp\/v2\/media?parent=22953"}],"wp:term":[{"taxonomy":"product_brand","embeddable":true,"href":"https:\/\/florika.lt\/en\/wp-json\/wp\/v2\/product_brand?post=22953"},{"taxonomy":"product_cat","embeddable":true,"href":"https:\/\/florika.lt\/en\/wp-json\/wp\/v2\/product_cat?post=22953"},{"taxonomy":"product_tag","embeddable":true,"href":"https:\/\/florika.lt\/en\/wp-json\/wp\/v2\/product_tag?post=22953"}],"curies":[{"name":"wp","href":"https:\/\/api.w.org\/{rel}","templated":true}]}}