{"id":20289,"date":"2023-01-22T20:05:26","date_gmt":"2023-01-22T18:05:26","guid":{"rendered":"https:\/\/florika.lt\/preke\/ypatinga-meile\/"},"modified":"2023-01-22T20:46:50","modified_gmt":"2023-01-22T18:46:50","slug":"special-love","status":"publish","type":"product","link":"https:\/\/florika.lt\/en\/product\/special-love\/","title":{"rendered":"Special Love"},"content":{"rendered":"","protected":false},"excerpt":{"rendered":"<p>Special love &#8211; roses, sweets and sparkling wine placed in a flower box in the shape of two connecting hearts is a perfect choice to send warm greetings to your beloved. This is everything you might need for a romantic date&#8230; We will deliver this box to the entire Klaip\u0117da region, including Palanga, Kretinga, Garg\u017edai and even \u0160ilute.<\/p>\n","protected":false},"featured_media":20276,"comment_status":"closed","ping_status":"closed","template":"","meta":[],"product_brand":[],"product_cat":[142,164,152],"product_tag":[],"class_list":{"0":"post-20289","1":"product","2":"type-product","3":"status-publish","4":"has-post-thumbnail","6":"product_cat-flowers-in-a-box","7":"product_cat-for-march-8th","8":"product_cat-st-valentines-day","10":"first","11":"outofstock","12":"shipping-taxable","13":"purchasable","14":"product-type-simple"},"_links":{"self":[{"href":"https:\/\/florika.lt\/en\/wp-json\/wp\/v2\/product\/20289","targetHints":{"allow":["GET"]}}],"collection":[{"href":"https:\/\/florika.lt\/en\/wp-json\/wp\/v2\/product"}],"about":[{"href":"https:\/\/florika.lt\/en\/wp-json\/wp\/v2\/types\/product"}],"replies":[{"embeddable":true,"href":"https:\/\/florika.lt\/en\/wp-json\/wp\/v2\/comments?post=20289"}],"wp:featuredmedia":[{"embeddable":true,"href":"https:\/\/florika.lt\/en\/wp-json\/wp\/v2\/media\/20276"}],"wp:attachment":[{"href":"https:\/\/florika.lt\/en\/wp-json\/wp\/v2\/media?parent=20289"}],"wp:term":[{"taxonomy":"product_brand","embeddable":true,"href":"https:\/\/florika.lt\/en\/wp-json\/wp\/v2\/product_brand?post=20289"},{"taxonomy":"product_cat","embeddable":true,"href":"https:\/\/florika.lt\/en\/wp-json\/wp\/v2\/product_cat?post=20289"},{"taxonomy":"product_tag","embeddable":true,"href":"https:\/\/florika.lt\/en\/wp-json\/wp\/v2\/product_tag?post=20289"}],"curies":[{"name":"wp","href":"https:\/\/api.w.org\/{rel}","templated":true}]}}